{"id":863,"date":"2016-03-03T09:07:14","date_gmt":"2016-03-03T09:07:14","guid":{"rendered":"http:\/\/masters.filescat.uab.cat\/muet\/?page_id=863"},"modified":"2016-03-03T09:07:14","modified_gmt":"2016-03-03T09:07:14","slug":"curs-2016-2017","status":"publish","type":"page","link":"https:\/\/masters.filescat.uab.cat\/muet\/curs-2016-2017\/","title":{"rendered":"Curs 2016-2017"},"content":{"rendered":"<h3>Calendari i horaris. Curs 2016-2017<\/h3>\n<h4>SESSI\u00d3 INAUGURAL I TUTORIES DE MATR\u00cdCULA<\/h4>\n<div class=\"box_gray\">\n<h6><strong>28 DE SETEMBRE<\/strong><\/h6>\n<ul>\n<li>\n<h6>8.30 Entrevistes personalitzades per als estudiants que vulguin optar a matricular-se al m\u00f2dul de Pr\u00e0ctiques externes (B11\/292, Sala de reunions del Departament de Filologia catalana, UAB)<\/h6>\n<\/li>\n<li>\n<h6>10.30 Sessi\u00f3 inaugural del MUET a c\u00e0rrec de l&#8217;equip de coordinaci\u00f3 i tutories personalitzades de matr\u00edcula (Sala de Juntes, Facultat de Filosofia i Lletres, UAB)<\/h6>\n<\/li>\n<li>\n<h6>12.00 Matriculaci\u00f3 dels estudiants a Gesti\u00f3 Acad\u00e8mica (Facultat de Filosofia i Lletres, UAB). Pr\u00e8viament, han de passar per la sessi\u00f3 de tutoria.<\/h6>\n<\/li>\n<\/ul>\n<\/div>\n<p>&nbsp;<\/p>\n<h4>CURS ACAD\u00c8MIC 2016-2017<\/h4>\n<div class=\"box_gray\">\n<h6><strong>PRIMER SEMESTRE<\/strong><\/h6>\n<div title=\"Page 1\">\n<div>\n<div>\n<ul style=\"list-style-type: circle\">\n<li>43150 Metodologies d\u2019an\u00e0lisi i investigaci\u00f3 de les arts esc\u00e8niques, 15 cr. \u2013 S1, dilluns i dimecres, UAB\/ IT<\/li>\n<li>43151 Hist\u00f2ria de la representaci\u00f3: text i espectacle, 9 cr. \u2013 S1, dimarts, UAB<\/li>\n<li>43152 Laboratori de direcci\u00f3 d\u2019actors i escenificaci\u00f3, 6 cr. \u2013 S1, dijous, IT<\/li>\n<li>43153 Laboratori de dramat\u00fargia, 9 cr. \u2013 S1, dimarts, IT<\/li>\n<li>43154 Teoria de la representaci\u00f3, 6 cr. \u2013 S1, dijous, UPF<\/li>\n<\/ul>\n<\/div>\n<\/div>\n<\/div>\n<div class=\"checklist checklist\">\n<div align=\"center\">\n<table style=\"width: 770px;height: 101px;border: 1px solid #660033\" border=\"1\" cellspacing=\"5\" cellpadding=\"5\" align=\"center\">\n<tbody>\n<tr style=\"background-color: #ffffff\" align=\"center\">\n<td style=\"text-align: center;background-color: #f3f3f3;border: 1px solid #f3f3f3\"><\/td>\n<td style=\"background-color: #a9a9a9;border: 1px solid #fffafa\">\n<h6><span style=\"color: #800000\"><strong>Dilluns<\/strong><\/span><\/h6>\n<\/td>\n<td style=\"background-color: #a9a9a9;border: 1px solid #fffafa\">\n<h6><span style=\"color: #800000\"><strong>Dimarts<\/strong><\/span><\/h6>\n<\/td>\n<td style=\"background-color: #a9a9a9;border: 1px solid #fffafa\">\n<h6><span style=\"color: #800000\"><strong>Dimecres<\/strong><\/span><\/h6>\n<\/td>\n<td style=\"background-color: #a9a9a9;border: 1px solid #fffafa\">\n<h6><span style=\"color: #800000\"><strong>Dijous<\/strong><\/span><\/h6>\n<\/td>\n<td style=\"background-color: #a9a9a9;border: 1px solid #fffafa\">\n<h6><span style=\"color: #800000\"><strong>Divendres<\/strong><\/span><\/h6>\n<\/td>\n<\/tr>\n<tr>\n<td style=\"background-color: #a9a9a9;border: 1px solid #fffafa\">\n<h6><span style=\"color: #800000\">16.00-19.00<\/span><\/h6>\n<\/td>\n<td style=\"background-color: #a9a9a9;border: 1px solid #fffafa\"><span style=\"color: #ffffff\"> 43150 (UAB, IT)<\/span><\/td>\n<td style=\"background-color: #a9a9a9;border: 1px solid #fffafa\"><span style=\"color: #ffffff\">43151 (UAB)<\/span><br \/>\n<span style=\"color: #ffffff\">43153 (IT)<\/span><\/td>\n<td style=\"background-color: #a9a9a9;border: 1px solid #fffafa\"><span style=\"color: #ffffff\"> 43150 (UAB, IT)<\/span><\/td>\n<td style=\"background-color: #a9a9a9;border: 1px solid #fffafa\"><span style=\"color: #ffffff\">43154 (UPF)<\/span><span style=\"color: #ffffff\"><br \/>\n43152 (IT)<\/span><\/td>\n<td style=\"background-color: #a9a9a9;border: 1px solid #fffafa\"><span style=\"color: #ffffff\">Activitats complement\u00e0ries<br \/>\nRecuperaci\u00f3 de classes, si cal<br \/>\n<\/span><\/td>\n<\/tr>\n<\/tbody>\n<\/table>\n<\/div>\n<\/div>\n<\/div>\n<div class=\"box_gray\">\n<h6><strong>SEGON SEMESTRE<\/strong><\/h6>\n<div title=\"Page 1\">\n<div>\n<div>\n<ul style=\"list-style-type: circle\">\n<li>43155 Treball de fi de m\u00e0ster, 12 cr. \u2013 S2, sense horari reglat<\/li>\n<li>43156 Arts Esc\u00e8niques i altres arts, 6 cr. \u2013 S2, dimecres, UAB<\/li>\n<li>43157 Cr\u00edtica i recepci\u00f3 del drama contemporani, 6 cr. \u2013 S2, dilluns, UAB<\/li>\n<li>43158 Hist\u00f2ria i historiografia de les arts esc\u00e8niques, 6 cr. \u2013 S2, dimarts, IT<\/li>\n<li>43159 Metodologia de la investigaci\u00f3 en la dansa, 6 cr. \u2013 S2, dijous, IT<\/li>\n<li>43160 Pr\u00e0ctiques externes, 6 cr. \u2013 S2, sense horari reglat<\/li>\n<\/ul>\n<\/div>\n<\/div>\n<\/div>\n<div class=\"checklist checklist\">\n<div align=\"center\">\n<table style=\"width: 770px;height: 101px;border: 1px solid #660033\" border=\"1\" cellspacing=\"5\" cellpadding=\"5\" align=\"center\">\n<tbody>\n<tr style=\"background-color: #ffffff\" align=\"center\">\n<td style=\"text-align: center;background-color: #f3f3f3;border: 1px solid #f3f3f3\"><\/td>\n<td style=\"background-color: #a9a9a9;border: 1px solid #fffafa\">\n<h6><span style=\"color: #800000\"><strong>Dilluns<\/strong><\/span><\/h6>\n<\/td>\n<td style=\"background-color: #a9a9a9;border: 1px solid #fffafa\">\n<h6><span style=\"color: #800000\"><strong>Dimarts<\/strong><\/span><\/h6>\n<\/td>\n<td style=\"background-color: #a9a9a9;border: 1px solid #fffafa\">\n<h6><span style=\"color: #800000\"><strong>Dimecres<\/strong><\/span><\/h6>\n<\/td>\n<td style=\"background-color: #a9a9a9;border: 1px solid #fffafa\">\n<h6><span style=\"color: #800000\"><strong>Dijous<\/strong><\/span><\/h6>\n<\/td>\n<td style=\"background-color: #a9a9a9;border: 1px solid #fffafa\">\n<h6><span style=\"color: #800000\"><strong>Divendres<\/strong><\/span><\/h6>\n<\/td>\n<\/tr>\n<tr>\n<td style=\"background-color: #a9a9a9;border: 1px solid #fffafa\">\n<h6><span style=\"color: #800000\">16.00-19.00<\/span><\/h6>\n<\/td>\n<td style=\"background-color: #a9a9a9;border: 1px solid #fffafa\"><span style=\"color: #ffffff\"> 43157 (UAB)<\/span><\/td>\n<td style=\"background-color: #a9a9a9;border: 1px solid #fffafa\"><span style=\"color: #ffffff\">43158<\/span><span style=\"color: #ffffff\"> (IT)<\/span><\/td>\n<td style=\"background-color: #a9a9a9;border: 1px solid #fffafa\"><span style=\"color: #ffffff\"> 43156 (UAB)<\/span><\/td>\n<td style=\"background-color: #a9a9a9;border: 1px solid #fffafa\"><span style=\"color: #ffffff\">43159<\/span><span style=\"color: #ffffff\"> (IT)<\/span><\/td>\n<td style=\"background-color: #a9a9a9;border: 1px solid #fffafa\"><span style=\"color: #ffffff\">Activitats complement\u00e0ries<br \/>\n43155 i 43160<br \/>\nRecuperaci\u00f3 de classes, si cal<br \/>\n<\/span><\/td>\n<\/tr>\n<\/tbody>\n<\/table>\n<\/div>\n<\/div>\n<\/div>\n<div class=\"box_gray\">\n<h6><strong>43150 Metodologies d\u2019an\u00e0lisi i investigaci\u00f3 de les arts esc\u00e8niques \u2013 coord. Francesc Foguet<\/strong><\/h6>\n<div title=\"Page 2\">\n<div>\n<div>\n<p style=\"padding-left: 30px\">1. Merc\u00e8 Saumell. 5 i 21 d\u2019octubre. IT.<br \/>\n2. N\u00faria Santamaria, 10 i 17 d\u2019octubre. UAB.<br \/>\n3. Francesc Foguet, 24 i 31 d\u2019octubre. UAB.<br \/>\n4. Francesc Foguet i N\u00faria Santamaria, 7 i 14 de novembre. UAB.<br \/>\n5. Francesc Cort\u00e8s. 21 i 28 de novembre. UAB.<br \/>\n6. Llu\u00eds Masgrau. 26 d\u2019octubre, 2, 9, 16, 23 i 30 de novembre, i 7 de desembre. IT.<br \/>\n7. V\u00edctor Molina. 5, 12 i 19 de desembre, i 9 i 16 de gener. IT.<br \/>\n8. Merc\u00e8 Saumell. 16, 21 de desembre, 11 de gener. IT.<\/p>\n<\/div>\n<\/div>\n<\/div>\n<\/div>\n<div class=\"box_gray\">\n<h6><strong>43151 Hist\u00f2ria de la representaci\u00f3: text i espectacle \u2013 coord. Rossend Arqu\u00e8s<\/strong><\/h6>\n<div title=\"Page 2\">\n<div>\n<div>\n<ol>\n<li>Rossend Arqu\u00e8s. 4, 11, 18 i 25 d\u2019octubre, i 8 de novembre. UAB.<\/li>\n<li>Miquel M. Gibert. 15 i 22 de novembre. UAB.<\/li>\n<li>Enric Gall\u00e9n. 29 de novembre, i 6 i 13 de desembre. UAB.<\/li>\n<li>Anna Corral. 20 de desembre, i 10, 17, 24 i 31 de gener. UAB.<\/li>\n<\/ol>\n<\/div>\n<\/div>\n<\/div>\n<\/div>\n<div class=\"box_gray\">\n<h6><strong>43152 Laboratori de direcci\u00f3 d\u2019actors i escenificaci\u00f3 \u2013 coord. Merc\u00e8 Saumell<\/strong><\/h6>\n<ol>\n<li>Antonio Sim\u00f3n Rodr\u00edguez. 13, 20 i 27 d\u2019octubre, 3, 10 i 17 de novembre, 15 i 22 de desembre, i 12 i 19 de gener (presentaci\u00f3 del projecte). IT.<\/li>\n<li>Alumnes\/actors. 24 de novembre i 1 de desembre. IT<\/li>\n<\/ol>\n<\/div>\n<div class=\"box_gray\">\n<h6><strong>43153 Laboratori de dramat\u00fargia \u2013 coord. Carles Batlle<\/strong><\/h6>\n<div title=\"Page 2\">\n<div>\n<div>\n<ol>\n<li>Beth Escud\u00e9. 4, 11, 18 i 25 d\u2019octubre, i 8 de novembre. IT.<\/li>\n<li>Victoria Szpunberg. 15, 22 i 29 de novembre, i 13 i 20 de desembre; 10, 17, 24, 31 de gener, i 7 de febrer. IT.<\/li>\n<\/ol>\n<\/div>\n<\/div>\n<\/div>\n<\/div>\n<div class=\"box_gray\">\n<h6><strong>43154 Teoria de la representaci\u00f3 \u2013 coord. Miquel Gibert<\/strong><\/h6>\n<div title=\"Page 3\">\n<div>\n<div>\n<ol>\n<li>Miquel M. Gibert. 6, 13, 20 i 27 d\u2019octubre, i 3 de novembre. UPF.<\/li>\n<li>Enric Gall\u00e9n. 10, 17 i 24 de novembre, i 1 i 15 de desembre. UPF.<\/li>\n<\/ol>\n<\/div>\n<\/div>\n<\/div>\n<\/div>\n<div class=\"box_gray\">\n<h6><strong>43155 Treball de fi de m\u00e0ster \u2013 coord. Rossend Arqu\u00e9s<\/strong><\/h6>\n<div title=\"Page 3\">\n<div>\n<div>\n<ul>\n<li>El 7 d\u2019octubre, a les 16.00 hores: primera reuni\u00f3 informativa amb el coordinador del m\u00f2dul. UAB.<\/li>\n<li>Del 10 al 21 d\u2019octubre: proposta de tema.<\/li>\n<li>Del 25 d&#8217;octubre al 4 de novembre: adjudicaci\u00f3 de tutor.<\/li>\n<li>Del 7 al 23 de novembre: sessions d\u2019orientaci\u00f3 amb el tutor i elecci\u00f3 definitiva del tema.<\/li>\n<li>El 25 de novembre, presentaci\u00f3 al coordinador del tema definitiu i aprovaci\u00f3 de la proposta.<\/li>\n<li>Del 26 de novembre al 20 de desembre: sessions amb el tutor i elaboraci\u00f3 de l\u2019esquema del treball.<\/li>\n<li>El 13 i 20 de gener, a partir de les 16.00: presentaci\u00f3 en sessi\u00f3 conjunta dels esquemes de treball realitzats pels alumnes. UAB.<\/li>\n<li>A partir del 16 de gener: sessions de treball amb el tutor i elaboraci\u00f3 del treball.<\/li>\n<li>El 7 de juliol: data l\u00edmit de lliurament del treball; cal dipositar-ne una c\u00f2pia definitiva, signada pel tutor, a la secretaria del departament. No s\u2019admetran treballs fora d\u2019aquest termini.<\/li>\n<li>El 14 de juliol, es faran p\u00fablics els tribunals. Cada estudiant ha de lliurar una c\u00f2pia definitiva del seu treball al director i als membres del tribunal.<\/li>\n<li>El 4 i 5 de setembre: defensa p\u00fablica dels treballs a la UAB.<\/li>\n<\/ul>\n<\/div>\n<\/div>\n<\/div>\n<\/div>\n<div class=\"box_gray\">\n<h6><strong>43156 Arts Esc\u00e8niques i altres arts \u2013 coord. Francesc Foguet<\/strong><\/h6>\n<div title=\"Page 3\">\n<div>\n<div>\n<ol>\n<li>Sara Mart\u00edn. 8, 15 i 22 de febrer, i 1 de mar\u00e7. UAB.<\/li>\n<li>N\u00faria Llorens. 8, 15, 22 i 29 de mar\u00e7. UAB.<\/li>\n<li>Anna Solanilla. 5, 19 i 26 d\u2019abril, i 3 de maig. IT.<\/li>\n<\/ol>\n<\/div>\n<\/div>\n<\/div>\n<\/div>\n<div class=\"box_gray\">\n<h6><strong>43157 Cr\u00edtica i recepci\u00f3 del drama contemporani \u2013 coord. N\u00faria Santamaria<\/strong><\/h6>\n<div title=\"Page 3\">\n<div>\n<div>\n<ol>\n<li>Francesc Foguet. 13, 20 i 27 de febrer, 6 de mar\u00e7. UAB.<\/li>\n<li>N\u00faria Santamaria. 13, 20 i 27 de mar\u00e7, i 3 d\u2019abril. UAB.<\/li>\n<li>Francesc Foguet i N\u00faria Santamaria. 10 i 24 d&#8217;abril. UAB.<\/li>\n<\/ol>\n<\/div>\n<\/div>\n<\/div>\n<\/div>\n<div class=\"box_gray\">\n<h6><strong>43158 Hist\u00f2ria i historiografia de les arts esc\u00e8niques \u2013 coord. Llu\u00eds Masgrau<\/strong><\/h6>\n<div title=\"Page 3\">\n<div>\n<div>\n<ol>\n<li>Boris Dauss\u00e0. 14, 21 i 28 de febrer; 7, 14, 21 i 28 de mar\u00e7, i 4 d\u2019abril. IT.<\/li>\n<li>Antoni Ramon. 18 i 25 d\u2019abril, i 2 de maig. IT.<\/li>\n<\/ol>\n<\/div>\n<\/div>\n<\/div>\n<\/div>\n<div class=\"box_gray\">\n<h6><strong>43159 Metodologia de la investigaci\u00f3 en la dansa \u2013coord. Roberto Fratini<\/strong><\/h6>\n<ol>\n<li>Ester Vendrell, 9, 16, i 23 de febrer, i 2 i 9 de mar\u00e7. IT.<\/li>\n<li>Roberto Fratini, 16, 23 i 30 de mar\u00e7, i 6 i 13 d\u2019abril. IT.<\/li>\n<\/ol>\n<\/div>\n<div class=\"box_gray\">\n<h6><strong>43160 Pr\u00e0ctiques externes \u2013 coord. Ester Vendrell<\/strong><\/h6>\n<div title=\"Page 4\">\n<div>\n<div>\n<ul>\n<li>7 d\u2019octubre, a les 16h, reuni\u00f3 inicial amb els tutors de les Pr\u00e0ctiques Externes. IT.<\/li>\n<li>11 de novembre, a les 16h, reuni\u00f3 per estudiar el perfil i el tipus de pr\u00e0ctica. IT.<\/li>\n<li>13 de gener, a les 16h, reuni\u00f3 per acabar de definir els perfils i tancar els convenis. IT.<\/li>\n<li>21 d\u2019abril, a les 16h, tutories de seguiment. IT.<\/li>\n<li>16 de juny, a les 16 h, tutories de seguiment. IT.<\/li>\n<li>14 de juliol: lliurament de la mem\u00f2ria. IT.<\/li>\n<li>6 de setembre: defensa de la mem\u00f2ria. IT.<\/li>\n<\/ul>\n<\/div>\n<\/div>\n<\/div>\n<\/div>\n<p>&nbsp;<\/p>\n","protected":false},"excerpt":{"rendered":"<p>Calendari i horaris. Curs 2016-2017 SESSI\u00d3 INAUGURAL I TUTORIES DE MATR\u00cdCULA 28 DE SETEMBRE 8.30 Entrevistes personalitzades per als estudiants que vulguin optar a matricular-se al m\u00f2dul de Pr\u00e0ctiques externes (B11\/292, Sala de reunions del Departament de Filologia catalana, UAB) 10.30 Sessi\u00f3 inaugural del MUET a c\u00e0rrec de l&#8217;equip de coordinaci\u00f3 i tutories personalitzades de [&hellip;]<\/p>\n","protected":false},"author":1,"featured_media":0,"parent":0,"menu_order":0,"comment_status":"closed","ping_status":"closed","template":"","meta":{"_et_pb_use_builder":"","_et_pb_old_content":"","_et_gb_content_width":"","footnotes":""},"class_list":["post-863","page","type-page","status-publish","hentry"],"_links":{"self":[{"href":"https:\/\/masters.filescat.uab.cat\/muet\/wp-json\/wp\/v2\/pages\/863","targetHints":{"allow":["GET"]}}],"collection":[{"href":"https:\/\/masters.filescat.uab.cat\/muet\/wp-json\/wp\/v2\/pages"}],"about":[{"href":"https:\/\/masters.filescat.uab.cat\/muet\/wp-json\/wp\/v2\/types\/page"}],"author":[{"embeddable":true,"href":"https:\/\/masters.filescat.uab.cat\/muet\/wp-json\/wp\/v2\/users\/1"}],"replies":[{"embeddable":true,"href":"https:\/\/masters.filescat.uab.cat\/muet\/wp-json\/wp\/v2\/comments?post=863"}],"version-history":[{"count":0,"href":"https:\/\/masters.filescat.uab.cat\/muet\/wp-json\/wp\/v2\/pages\/863\/revisions"}],"wp:attachment":[{"href":"https:\/\/masters.filescat.uab.cat\/muet\/wp-json\/wp\/v2\/media?parent=863"}],"curies":[{"name":"wp","href":"https:\/\/api.w.org\/{rel}","templated":true}]}}