{"id":771,"date":"2015-01-27T12:05:17","date_gmt":"2015-01-27T12:05:17","guid":{"rendered":"http:\/\/masters.filescat.uab.cat\/muet\/?page_id=771"},"modified":"2015-01-27T12:05:17","modified_gmt":"2015-01-27T12:05:17","slug":"curs-2015-2016","status":"publish","type":"page","link":"https:\/\/masters.filescat.uab.cat\/muet\/curs-2015-2016\/","title":{"rendered":"Curs 2015-2016"},"content":{"rendered":"<h3>Calendari i horaris. Curs 2015-2016<\/h3>\n<h4>SESSI\u00d3 INAUGURAL I TUTORIES DE MATR\u00cdCULA<\/h4>\n<div class=\"box_gray\">\n<h6><strong>23 DE SETEMBRE<\/strong><\/h6>\n<ul>\n<li>\n<h6>9.00 Entrevistes personalitzades per als estudiants que vulguin optar a matricular-se al m\u00f2dul de Pr\u00e0ctiques externes (B11\/292, Sala de reunions del Departament de Filologia catalana, UAB)<\/h6>\n<\/li>\n<li>\n<h6>11.00 Sessi\u00f3 inaugural del MUET a c\u00e0rrec de l&#8217;equip de coordinaci\u00f3 i tutories personalitzades de matr\u00edcula (Sala de Juntes, Facultat de Filosofia i Lletres, UAB)<\/h6>\n<\/li>\n<li>\n<h6>12.00 Matriculaci\u00f3 dels estudiants a Gesti\u00f3 Acad\u00e8mica (Facultat de Filosofia i Lletres, UAB). Pr\u00e8viament, han de passar per la sessi\u00f3 de tutoria.<\/h6>\n<\/li>\n<\/ul>\n<\/div>\n<p>&nbsp;<\/p>\n<h4>CURS ACAD\u00c8MIC 2015-2016<\/h4>\n<div class=\"box_gray\">\n<h6><strong>PRIMER SEMESTRE<\/strong><\/h6>\n<div title=\"Page 1\">\n<div>\n<div>\n<ul style=\"list-style-type: circle\">\n<li>43150 Metodologies d\u2019an\u00e0lisi i investigaci\u00f3 de les arts esc\u00e8niques, 15 cr. \u2013 S1, dilluns i dimecres, UAB\/ IT<\/li>\n<li>43151 Hist\u00f2ria de la representaci\u00f3: text i espectacle, 9 cr. \u2013 S1, dimarts, UAB<\/li>\n<li>43152 Laboratori de direcci\u00f3 d\u2019actors i escenificaci\u00f3, 6 cr. \u2013 S1, dijous, IT<\/li>\n<li>43153 Laboratori de dramat\u00fargia, 9 cr. \u2013 S1, dimarts, IT o 43154 Teoria de la representaci\u00f3, 6 cr. \u2013 S1, dijous, UPF<\/li>\n<\/ul>\n<\/div>\n<\/div>\n<\/div>\n<div class=\"checklist checklist\">\n<div align=\"center\">\n<table style=\"border-color: #660033;border-width: 1px;border-style: solid;width: 770px;height: 101px\" border=\"1\" cellspacing=\"5\" cellpadding=\"5\" align=\"center\">\n<tbody>\n<tr style=\"background-color: #ffffff\" align=\"center\">\n<td style=\"text-align: center;border-color: #f3f3f3;border-style: solid;border-width: 1px;background-color: #f3f3f3\">\u00a0<\/td>\n<td style=\"background-color: #a9a9a9;border-color: #fffafa;border-style: solid;border-width: 1px\">\n<h6><span style=\"color: #800000\"><strong>Dilluns<\/strong><\/span><\/h6>\n<\/td>\n<td style=\"background-color: #a9a9a9;border-color: #fffafa;border-style: solid;border-width: 1px\">\n<h6><span style=\"color: #800000\"><strong>Dimarts<\/strong><\/span><\/h6>\n<\/td>\n<td style=\"background-color: #a9a9a9;border-color: #fffafa;border-style: solid;border-width: 1px\">\n<h6><span style=\"color: #800000\"><strong>Dimecres<\/strong><\/span><\/h6>\n<\/td>\n<td style=\"background-color: #a9a9a9;border-color: #fffafa;border-style: solid;border-width: 1px\">\n<h6><span style=\"color: #800000\"><strong>Dijous<\/strong><\/span><\/h6>\n<\/td>\n<td style=\"background-color: #a9a9a9;border-color: #fffafa;border-style: solid;border-width: 1px\">\n<h6><span style=\"color: #800000\"><strong>Divendres<\/strong><\/span><\/h6>\n<\/td>\n<\/tr>\n<tr>\n<td style=\"background-color: #a9a9a9;border-color: #fffafa;border-style: solid;border-width: 1px\">\n<h6><span style=\"color: #800000\">16.00-19.00<\/span><\/h6>\n<\/td>\n<td style=\"background-color: #a9a9a9;border-color: #fffafa;border-style: solid;border-width: 1px\"><span style=\"color: #ffffff\"> 43150 (UAB, IT)<\/span><\/td>\n<td style=\"background-color: #a9a9a9;border-color: #fffafa;border-style: solid;border-width: 1px\"><span style=\"color: #ffffff\">43151 (UAB)<\/span><br \/><span style=\"color: #ffffff\">43153 (IT)<\/span><\/td>\n<td style=\"background-color: #a9a9a9;border-color: #fffafa;border-style: solid;border-width: 1px\"><span style=\"color: #ffffff\"> 43150 (UAB, IT)<\/span><\/td>\n<td style=\"background-color: #a9a9a9;border-color: #fffafa;border-style: solid;border-width: 1px\"><span style=\"color: #ffffff\">43154 (UPF)<\/span><span style=\"color: #ffffff\"><br \/>43152 (IT)<\/span><\/td>\n<td style=\"background-color: #a9a9a9;border-color: #fffafa;border-style: solid;border-width: 1px\">\n<p><span style=\"color: #ffffff\">Activitats complement\u00e0ries<br \/>Recuperaci\u00f3 de classes, si cal<br \/><\/span><\/p>\n<\/td>\n<\/tr>\n<\/tbody>\n<\/table>\n<\/div>\n<\/div>\n<\/div>\n<div class=\"box_gray\">\n<h6><strong>SEGON SEMESTRE<\/strong><\/h6>\n<div title=\"Page 1\">\n<div>\n<div>\n<ul style=\"list-style-type: circle\">\n<li>43155 Treball de fi de m\u00e0ster, 12 cr. \u2013 S2, sense horari reglat o 43156 Arts Esc\u00e8niques i altres arts, 6 cr. \u2013 S2, dimecres, UAB<\/li>\n<li>43157 Cr\u00edtica i recepci\u00f3 del drama contemporani, 6 cr. \u2013 S2, dilluns, UAB<\/li>\n<li>43158 Hist\u00f2ria i historiografia de les arts esc\u00e8niques, 6 cr. \u2013 S2, dimarts, IT<\/li>\n<li>43159 Metodologia de la investigaci\u00f3 en la dansa, 6 cr. \u2013 S2, dijous, IT<\/li>\n<li>43160 Pr\u00e0ctiques externes, 6 cr. \u2013 S2, sense horari reglat<\/li>\n<\/ul>\n<\/div>\n<\/div>\n<\/div>\n<div class=\"checklist checklist\">\n<div align=\"center\">\n<table style=\"border-color: #660033;border-width: 1px;border-style: solid;width: 770px;height: 101px\" border=\"1\" cellspacing=\"5\" cellpadding=\"5\" align=\"center\">\n<tbody>\n<tr style=\"background-color: #ffffff\" align=\"center\">\n<td style=\"text-align: center;border-color: #f3f3f3;border-style: solid;border-width: 1px;background-color: #f3f3f3\">\u00a0<\/td>\n<td style=\"background-color: #a9a9a9;border-color: #fffafa;border-style: solid;border-width: 1px\">\n<h6><span style=\"color: #800000\"><strong>Dilluns<\/strong><\/span><\/h6>\n<\/td>\n<td style=\"background-color: #a9a9a9;border-color: #fffafa;border-style: solid;border-width: 1px\">\n<h6><span style=\"color: #800000\"><strong>Dimarts<\/strong><\/span><\/h6>\n<\/td>\n<td style=\"background-color: #a9a9a9;border-color: #fffafa;border-style: solid;border-width: 1px\">\n<h6><span style=\"color: #800000\"><strong>Dimecres<\/strong><\/span><\/h6>\n<\/td>\n<td style=\"background-color: #a9a9a9;border-color: #fffafa;border-style: solid;border-width: 1px\">\n<h6><span style=\"color: #800000\"><strong>Dijous<\/strong><\/span><\/h6>\n<\/td>\n<td style=\"background-color: #a9a9a9;border-color: #fffafa;border-style: solid;border-width: 1px\">\n<h6><span style=\"color: #800000\"><strong>Divendres<\/strong><\/span><\/h6>\n<\/td>\n<\/tr>\n<tr>\n<td style=\"background-color: #a9a9a9;border-color: #fffafa;border-style: solid;border-width: 1px\">\n<h6><span style=\"color: #800000\">16.00-19.00<\/span><\/h6>\n<\/td>\n<td style=\"background-color: #a9a9a9;border-color: #fffafa;border-style: solid;border-width: 1px\"><span style=\"color: #ffffff\"> 43157 (UAB)<\/span><\/td>\n<td style=\"background-color: #a9a9a9;border-color: #fffafa;border-style: solid;border-width: 1px\"><span style=\"color: #ffffff\">43158<\/span><span style=\"color: #ffffff\"> (IT)<\/span><\/td>\n<td style=\"background-color: #a9a9a9;border-color: #fffafa;border-style: solid;border-width: 1px\"><span style=\"color: #ffffff\"> 43156 (UAB)<\/span><\/td>\n<td style=\"background-color: #a9a9a9;border-color: #fffafa;border-style: solid;border-width: 1px\"><span style=\"color: #ffffff\">43159<\/span><span style=\"color: #ffffff\"> (IT)<\/span><\/td>\n<td style=\"background-color: #a9a9a9;border-color: #fffafa;border-style: solid;border-width: 1px\"><span style=\"color: #ffffff\">Activitats complement\u00e0ries<br \/>43155 i 43160<br \/>Recuperaci\u00f3 de classes, si cal<br \/><\/span><\/td>\n<\/tr>\n<\/tbody>\n<\/table>\n<\/div>\n<\/div>\n<\/div>\n<div class=\"box_gray\">\n<h6><strong>43150 Metodologies d\u2019an\u00e0lisi i investigaci\u00f3 de les arts esc\u00e8niques \u2013 coord. Francesc Foguet<\/strong><\/h6>\n<div title=\"Page 2\">\n<div>\n<div>\n<p style=\"padding-left: 30px\">1. Merc\u00e8 Saumell. 7 i 14 d\u2019octubre. IT.<br \/> 2. N\u00faria Santamaria, 5 i 19 d\u2019octubre. UAB.<br \/> 3. Francesc Foguet, 26 d\u2019octubre i 2 de novembre. UAB.<br \/> 4. Francesc Foguet i N\u00faria Santamaria, 9 i 16 de novembre. UAB.<br \/> 5. Francesc Cort\u00e8s. 23 i 30 de novembre. UAB.<br \/> 6. Llu\u00eds Masgrau. 21 i 28 d\u2019octubre, i 4, 11, 18 i 25 de novembre, i 2 de desembre. IT. 7. V\u00edctor Molina. 7, 14 i i 21 de desembre, i 11 i 18 de gener. IT.<br \/> 8. Merc\u00e8 Saumell. 9, 16 i 23 de desembre. IT.<\/p>\n<\/div>\n<\/div>\n<\/div>\n<\/div>\n<div class=\"box_gray\">\n<h6><strong>43151 Hist\u00f2ria de la representaci\u00f3: text i espectacle \u2013 coord. Rossend Arqu\u00e8s<\/strong><\/h6>\n<div title=\"Page 2\">\n<div>\n<div>\n<ol>\n<li>Rossend Arqu\u00e8s. 6, 13, 20 i 27 d\u2019octubre, i 3 de novembre. UAB.<\/li>\n<li>Miquel M. Gibert. 10 i 17 de novembre. UAB.<\/li>\n<li>Enric Gall\u00e9n. 24 de novembre, i 1 i 15 de desembre. UAB.<\/li>\n<li>Anna Corral. 22 de desembre; 12, 19, 26 de gener, i 2 de febrer. UAB.<\/li>\n<\/ol>\n<\/div>\n<\/div>\n<\/div>\n<\/div>\n<div class=\"box_gray\">\n<h6><strong>43152 Laboratori de direcci\u00f3 d\u2019actors i escenificaci\u00f3 \u2013 coord. Merc\u00e8 Saumell<\/strong><\/h6>\n<ol>\n<li>Antonio Simon (actors). 8, 15 i 22 d\u2019octubre, 5 i 19 de novembre, 3 de desembre, i 14 de gener (presentaci\u00f3 del projecte).<\/li>\n<li>Pere Riera. 8 i 29 d\u2019octubre, 26 de novembre, 17 de desembre, i 14 de gener (presentaci\u00f3 del projecte).<\/li>\n<li>Alumnes\/actors. 12 de novembre i 10 de desembre.<\/li>\n<\/ol>\n<\/div>\n<div class=\"box_gray\">\n<h6><strong>43153 Laboratori de dramat\u00fargia \u2013 coord. Carles Batlle<\/strong><\/h6>\n<div title=\"Page 2\">\n<div>\n<div>\n<ol>\n<li>Beth Escud\u00e9. 6, 13, 20 i 27 d\u2019octubre, i 3 de novembre. IT.<\/li>\n<li>Carles Batlle. 10, 17 i 24 de novembre, i 1 i 15 i 22 de desembre; 12, 19 i 26 de gener, i 2 de febrer. IT.<\/li>\n<\/ol>\n<\/div>\n<\/div>\n<\/div>\n<\/div>\n<div class=\"box_gray\">\n<h6><strong>43154 Teoria de la representaci\u00f3 \u2013 coord. Miquel Gibert<\/strong><\/h6>\n<div title=\"Page 3\">\n<div>\n<div>\n<ol>\n<li>Javier Aparicio. 8 i 15 d\u2019octubre. UPF.<\/li>\n<li>Miquel M. Gibert. 22 i 29 d\u2019octubre. UPF.<\/li>\n<li>Enric Gall\u00e9n. 5, 12, 19 i 26 de novembre, i 3 i 10 de desembre. UPF.<\/li>\n<\/ol>\n<\/div>\n<\/div>\n<\/div>\n<\/div>\n<div class=\"box_gray\">\n<h6><strong>43155 Treball de fi de m\u00e0ster \u2013 coord. Rossend Arqu\u00e9s<\/strong><\/h6>\n<div title=\"Page 3\">\n<div>\n<div>\n<ul>\n<li>El 9 d\u2019octubre, a les 16.00 hores: primera reuni\u00f3 informativa amb el coordinador del m\u00f2dul. UAB.<\/li>\n<li>Del 26 al 30 d\u2019octubre: proposta de tema.<\/li>\n<li>Del 2 al 6 de novembre: adjudicaci\u00f3 de tutor.<\/li>\n<li>Del 9 al 20 de novembre: sessions d\u2019orientaci\u00f3 amb el tutor i elecci\u00f3 definitiva del tema.<\/li>\n<li>El 23 de novembre, presentaci\u00f3 al coordinador del tema definitiu i aprovaci\u00f3 de la proposta.<\/li>\n<li>El 24 de novembre al 18 de desembre: sessions amb el tutor i elaboraci\u00f3 de l\u2019esquema del treball.<\/li>\n<li>El 15 de gener, a partir de les 16.00: presentaci\u00f3 en sessi\u00f3 conjunta dels esquemes de treball realitzats pels alumnes. UAB.<\/li>\n<li>A partir del 18 de gener: sessions de treball amb el tutor i elaboraci\u00f3 del treball.<\/li>\n<li>El 18 de juliol: data l\u00edmit de lliurament del treball; cal dipositar-ne una c\u00f2pia definitiva, signada pel tutor, a la secretaria del departament. No s\u2019admetran treballs fora d\u2019aquest termini.<\/li>\n<li>El 25 de juliol, es faran p\u00fablics els tribunals. Cada estudiant ha de lliurar una c\u00f2pia definitiva del seu treball al director i als membres del tribunal.<\/li>\n<li>El 5 de setembre: defensa p\u00fablica dels treballs a la UAB.<\/li>\n<\/ul>\n<\/div>\n<\/div>\n<\/div>\n<\/div>\n<div class=\"box_gray\">\n<h6><strong>43156 Arts Esc\u00e8niques i altres arts \u2013 coord. Francesc Foguet<\/strong><\/h6>\n<div title=\"Page 3\">\n<div>\n<div>\n<ol>\n<li>Sara Mart\u00edn. 10, 17 i 24 de febrer, i 2 de mar\u00e7. UAB.<\/li>\n<li>N\u00faria Llorens. 9, 16 i 23 de mar\u00e7, i 6 d\u2019abril. UAB.<\/li>\n<li>Anna Solanilla. 13, 20 i 27 d\u2019abril, i 4 de maig. IT.<\/li>\n<\/ol>\n<\/div>\n<\/div>\n<\/div>\n<\/div>\n<div class=\"box_gray\">\n<h6><strong>43157 Cr\u00edtica i recepci\u00f3 del drama contemporani \u2013 coord. N\u00faria Santamaria<\/strong><\/h6>\n<div title=\"Page 3\">\n<div>\n<div>\n<ol>\n<li>Francesc Foguet. 15, 22 i 29 de febrer, 7 i 14 de mar\u00e7. UAB.<\/li>\n<li>N\u00faria Santamaria. 21 i 28 de mar\u00e7, 4, 11, 18 d\u2019abril. UAB.<\/li>\n<\/ol>\n<\/div>\n<\/div>\n<\/div>\n<\/div>\n<div class=\"box_gray\">\n<h6><strong>43158 Hist\u00f2ria i historiografia de les arts esc\u00e8niques \u2013 coord. Llu\u00eds Masgrau<\/strong><\/h6>\n<div title=\"Page 3\">\n<div>\n<div>\n<ol>\n<li>Boris Dauss\u00e0. 12, 19 i 23 de febrer; 1, 8, 22 i 29 de mar\u00e7, i 5 d\u2019abril. IT.<\/li>\n<li>Antoni Ramon. 12, 19 i 26 d\u2019abril. IT.<\/li>\n<\/ol>\n<\/div>\n<\/div>\n<\/div>\n<\/div>\n<div class=\"box_gray\">\n<h6><strong>43159 Metodologia de la investigaci\u00f3 en la dansa \u2013coord. Roberto Fratini<\/strong><\/h6>\n<ol>\n<li>Ester Vendrell, 4, 11, 18 i 25 de febrer, i 3 de mar\u00e7. IT.<\/li>\n<li>Roberto Fratini, 10 i 17 de mar\u00e7, i 7, 14 i 21 d\u2019abril. IT.<\/li>\n<\/ol>\n<\/div>\n<div class=\"box_gray\">\n<h6><strong>43160 Pr\u00e0ctiques externes \u2013 coord. Ester Vendrell<\/strong><\/h6>\n<div title=\"Page 4\">\n<div>\n<div>\n<ul>\n<li>16 d\u2019octubre, a les 16h, reuni\u00f3 inicial amb els tutors de les Pr\u00e0ctiques Externes. IT.<\/li>\n<li>6 de novembre, a les 16h, reuni\u00f3 per estudiar el perfil i el tipus de pr\u00e0ctica. IT.<\/li>\n<li>8 de gener, a les 16h, reuni\u00f3 per acabar de definir els perfils i tancar els convenis. IT.<\/li>\n<li>8 i 15 d\u2019abril, a les 16h, tutories de seguiment. IT.<\/li>\n<li>3 i 10 de juny, a les 16 h, tutories de seguiment. IT.<\/li>\n<li>22 de juliol: lliurament de la mem\u00f2ria. IT.<\/li>\n<li>6 de setembre: defensa de la mem\u00f2ria. IT.<\/li>\n<\/ul>\n<\/div>\n<\/div>\n<\/div>\n<\/div>\n<p>&nbsp;<\/p>\n","protected":false},"excerpt":{"rendered":"<p>Calendari i horaris. Curs 2015-2016 SESSI\u00d3 INAUGURAL I TUTORIES DE MATR\u00cdCULA 23 DE SETEMBRE 9.00 Entrevistes personalitzades per als estudiants que vulguin optar a matricular-se al m\u00f2dul de Pr\u00e0ctiques externes (B11\/292, Sala de reunions del Departament de Filologia catalana, UAB) 11.00 Sessi\u00f3 inaugural del MUET a c\u00e0rrec de l&#8217;equip de coordinaci\u00f3 i tutories personalitzades de [&hellip;]<\/p>\n","protected":false},"author":1,"featured_media":0,"parent":0,"menu_order":0,"comment_status":"open","ping_status":"open","template":"","meta":{"_et_pb_use_builder":"","_et_pb_old_content":"","_et_gb_content_width":"","footnotes":""},"class_list":["post-771","page","type-page","status-publish","hentry"],"_links":{"self":[{"href":"https:\/\/masters.filescat.uab.cat\/muet\/wp-json\/wp\/v2\/pages\/771","targetHints":{"allow":["GET"]}}],"collection":[{"href":"https:\/\/masters.filescat.uab.cat\/muet\/wp-json\/wp\/v2\/pages"}],"about":[{"href":"https:\/\/masters.filescat.uab.cat\/muet\/wp-json\/wp\/v2\/types\/page"}],"author":[{"embeddable":true,"href":"https:\/\/masters.filescat.uab.cat\/muet\/wp-json\/wp\/v2\/users\/1"}],"replies":[{"embeddable":true,"href":"https:\/\/masters.filescat.uab.cat\/muet\/wp-json\/wp\/v2\/comments?post=771"}],"version-history":[{"count":0,"href":"https:\/\/masters.filescat.uab.cat\/muet\/wp-json\/wp\/v2\/pages\/771\/revisions"}],"wp:attachment":[{"href":"https:\/\/masters.filescat.uab.cat\/muet\/wp-json\/wp\/v2\/media?parent=771"}],"curies":[{"name":"wp","href":"https:\/\/api.w.org\/{rel}","templated":true}]}}