{"id":419,"date":"2013-03-20T10:50:35","date_gmt":"2013-03-20T10:50:35","guid":{"rendered":"http:\/\/masters.filescat.uab.catwebs\/portal\/muet\/?page_id=419"},"modified":"2013-03-20T10:50:35","modified_gmt":"2013-03-20T10:50:35","slug":"tesis-inscrites","status":"publish","type":"page","link":"https:\/\/masters.filescat.uab.cat\/muet\/tesis-inscrites\/","title":{"rendered":"Tesis inscrites"},"content":{"rendered":"<h3>Estudis de Doctorat en llengua i Literatura Catalanes i Estudis Teatrals<\/h3>\n<h4>2018<\/h4>\n<ul>\n<li>\n<p>Ferreira\u00a0 Guti\u00e9rrez,\u00a0 Ariadna Berenice, <em>Performer al teatre mexic\u00e0 contemporani<\/em>, director Oscar Armando Garc\u00eda Guti\u00e9rrez.<\/p>\n<\/li>\n<li>\n<p>Salza, Irene, <em>Instalaciones interactivas como modus operandi del teatro contempor\u00e1neo<\/em>, directors Roberta Pierangela Gandolfi i Francesc Foguet.<\/p>\n<\/li>\n<\/ul>\n<h4>2016<\/h4>\n<ul>\n<li>\n<p>Barraza, Ernesto, <em>La dramaturgia de Gregor D\u00edaz como respuesta a la reconfiguraci\u00f3n pol\u00edtica y social en el Per\u00fa (1950-1980)<\/em>, director Francesc Foguet.\u00a0<\/p>\n<\/li>\n<li>\n<p>Mata Cort\u00e9s, Athenea, <em>Pedagogia teatral S XX<\/em>, director Llu\u00eds Masgrau, tutor Francesc Foguet.\u00a0<\/p>\n<\/li>\n<li>\n<p>Mart\u00edn Correa, Juan, <em>La sexualitat no convencional com a element d\u2019afirmaci\u00f3 individual al cinema de Fran\u00e7ois Ozon<\/em>, director Josep Maria Catal\u00e0.<\/p>\n<\/li>\n<li>\n<p>Mart\u00edn Ezpeleta, Rakel, <em>Configuraci\u00f3n de la identidad actual en la escena experimental vasca<\/em>, directors V\u00edctor Molina i Esther Beluis, tutor Francesc Foguet.<\/p>\n<\/li>\n<li>\n<p>Mart\u00ednez Colom\u00e9, Ver\u00f3nica, <em>Teatre i comunicat: del Teatre Social al Teatre de l\u2019Oprimit<\/em>, director V\u00edctor Molina, tutor Francesc Foguet.<\/p>\n<\/li>\n<li>\n<p>Ribot Thumissen, Jordi, <em>Hans van Manen: Estudi d&#8217;una aproximaci\u00f3 er\u00f2tica a la po\u00e8tica de la dansa neocl\u00e0ssica<\/em>, director Roberto Fratini, tutora N\u00faria Santamaria.<\/p>\n<\/li>\n<li>\n<p>Rizzo Oli\u00e1s, Alberto, <em>El espacio evocado y la palabra impl\u00edcita. Teor\u00eda y aplicaci\u00f3n en el pensamiento y obra de Jos\u00e9 Sanchis Sinisterra<\/em>, director Antoni Ramon, tutor Manuel Aznar.\u00a0<\/p>\n<\/li>\n<\/ul>\n<h4>2015<\/h4>\n<ul>\n<li>Esp\u00edn Pineda, Emmanuel. <em>Metodolog\u00eda propia para el trabajo esc\u00e9nico. Teatro Mexicano contempor\u00e1neo<\/em>. Director: Francesc Foguet.<\/li>\n<li>Colomer Mascar\u00f3, Judit. <em>L&#8217;equipament dom\u00e8stic: entorns culturals de la privacitat, disseny d&#8217;habitatges i representacions teatrals de la llar en l&#8217;escena contempor\u00e0nia<\/em>. Directora: N\u00faria Santamaria Roig.<\/li>\n<li>Ortega Garz\u00f3n, Sandra Mar\u00eda., <em>Hombres y bestias en el teatro colombiano<\/em>. Directors: Sandra Camacho L\u00f3pez i Francesc Foguet.<\/li>\n<li>Gatell P\u00e9rez, Montserrat. <em>El cicle del Pallars de Maria Barbal: una narrativa per a un territori<\/em>. Directora: Teresa Iribarren. Tutor: Francesc Foguet.<\/li>\n<li>Cort\u00e9s Jim\u00e9nez, Cristi\u00e1n Josu\u00e9. <em>La edici\u00f3n de textos dram\u00e1ticos: la imagen del teatro mexicano a trav\u00e9s de los textos publicados entre 1985-2010<\/em>. Director: Francesc Foguet.<\/li>\n<li>Guerra Rib\u00f3, Gerard. <em>La recepci\u00f3 de les \u00f2peres de Giacomo Puccini a Barcelona (1896-1936)<\/em>. Directors: Francesc Foguet i Jaume Radigales.<\/li>\n<li>Del Razo Mart\u00ednez, Guadalupe Patr\u00edcia. <em>La teatralidad en el \u2018Fandango Jarocho\u2019 actual<\/em>. Director: V\u00edctor Molina, tutora Beatriz Ferr\u00fas.<\/li>\n<\/ul>\n<h4>2014<\/h4>\n<ul>\n<li>Colomer Mascar\u00f3, Judit. <em>L\u2019equipament dom\u00e8stic: entorns culturals de la privacitat, disseny d\u2019habitatges i representacions teatrals de la llar en l\u2019escena contempor\u00e0nia<\/em>. Directora: N\u00faria Santamaria Roig.<\/li>\n<li>Eudave Rosales, David Osvaldo. <em>La revisi\u00f3n de los cl\u00e1sicos en la configuraci\u00f3n de la contemporaneidad teatral<\/em>. Director. V\u00edctor Molina. Tutora: N\u00faria Santamaria Roig.<\/li>\n<li>Ortega Garz\u00f3n, Sandra Maria. <em>De hombres y bestias en el teatro colombiano. Estudio de los imaginarios en la puesta en escena contempor\u00e1nea colombiana<\/em>. Director: Francesc Foguet i Boreu i Sandra Camacho L\u00f3pez.<\/li>\n<li>Esp\u00edn Pineda, Emmanuel. <em>Teatro de Espintla. Metodologia propia para el trabajo esc\u00e9nico. Teatro mexicano contempor\u00e1neo<\/em>. Director: Francesc Foguet i Boreu.<\/li>\n<\/ul>\n<h4>2013<\/h4>\n<ul>\n<li>Maza Cabrera, Luc\u00eda Alejandra de la. <em>Dramaturgias del golpe: claves en la reconstrucci\u00f3n de la memoria de un conflicto presente<\/em>. Director: Carles Batlle i Jord\u00e0.<\/li>\n<li>Regnicoli, Mar\u00eda Alejandra. <em>La transcendencia de La Fura dels Baus en el teatro de vanguardia de Buenos Aires en la d\u00e9cada de 1980-1990<\/em>. Directora: Anna Corral Fulla.<\/li>\n<li>Salza, Irene. <em>El papel de las instalaciones art\u00edsticas interactivas en los proyectos de teatro social y desarrollo de comunidad<\/em>. Director: Francesc Foguet i Boreu.<\/li>\n<li>Schmutz, Christine Wilhelmine. <em>Estrategias de lo pol\u00edtico despu\u00e9s del teatro pos-dram\u00e1tico<\/em>. Director: \u00d3scar Cornago Bernal. Tutor: Francesc Foguet i Boreu.<\/li>\n<\/ul>\n<h4>2012<\/h4>\n<ul>\n<li>Faleiros Carvalho, Eleizer. <em>El teatro inmaterial. Espect\u00e1culo, interacci\u00f3n y tecnolog\u00edas multimedia (Teatro Oficina y la Fura dels Baus)<\/em>. Dir: Jaume Mascar\u00f3.<\/li>\n<li>Farr\u00e9 Ferran. <em>Actituds i moviment en els fonaments pedag\u00f2gics de Jacques Coupeau, \u00c9tienne Decroux i Jacques Lecoq<\/em>. Dir: Llu\u00eds Masgrau.<\/li>\n<li>Ferreira Guti\u00e9rrez, Ariadna. <em>Harif Ovalle, Antonio Salinas. El actor performer en el teatro mexicano contempor\u00e1neo. Una aproximaci\u00f3n a dos formas de creaci\u00f3nactor\/performer en el teatro mexicano contempor\u00e1neo, una aproximaci\u00f3n a dos formas de creaci\u00f3n<\/em>. Dir: \u00d3scar Armando Garc\u00eda Guti\u00e9rrez.<\/li>\n<li>Mar\u00edn, Rakel. <em>La est\u00e9tica del teatro experimental actual en Euskadi<\/em>. Dir. Victor Molina.<\/li>\n<li>Petit, Teresa. <em>Estudi i funci\u00f3 social dels nous teatres de petit format que han aparegut a Barcelona des de l&#8217;inici de la crisi (2008-2012)<\/em>. Dir: Ester Vendrell.<\/li>\n<\/ul>\n<h4>2011<\/h4>\n<ul>\n<li>Cirer, Pau.\u00a0<em>Pedagogia de la m\u00e0scara teatral. Fonaments cient\u00edfics i transversalitat pedag\u00f2gica<\/em>. Dirs. Francesc Foguet i Llu\u00eds Masgrau.<\/li>\n<li>Falotico Teixeira, Daniela.\u00a0<em>La sist\u00e8mica de Jos\u00e9 Sanchis Sinisterra: una nova po\u00e8tica teatral<\/em>. Dir: Carles Batlle.<\/li>\n<li>Moreno i Dom\u00e8nech, Maria.\u00a0<em>El tractament del grotesc a &#8220;Primera hist\u00f2ria d&#8217;Esther&#8221;<\/em>. Dir. Enric Gall\u00e9n. Tutor. Francesc Foguet.<\/li>\n<li>Pancu, Dorothea.\u00a0<em>Robert Carsen and the Beginning of the Third Millenium in Opera<\/em>. Direction.\u00a0Dir. Francesc Cort\u00e8s.<\/li>\n<li>Saumell i Olivella, Eva.\u00a0<em>Gastronomia i teatre als Pa\u00efsos Catalans (1975-2011)<\/em>. Dir. Francesc Foguet.<\/li>\n<li>Segal\u00e9s i Gallifa, Joan.\u00a0<em>Vol-Ras 1980-2011, an\u00e0lisi d&#8217;una experi\u00e8ncia de teatre gestual<\/em>. Dirs. Jaume Mascar\u00f3 i N\u00faria Santamaria.<\/li>\n<\/ul>\n<h4>2010<\/h4>\n<ul>\n<li>Caparr\u00f3s, Taisma.\u00a0<em>El giro en la concepci\u00f3n del espacio esc\u00e9nico a ra\u00edz de la aplicaci\u00f3n de las herramientas audiovisuales de tecnolog\u00eda digital<\/em>. Dir. Roc Par\u00e9s.<\/li>\n<li>Dambrine, Serge.\u00a0<em>L&#8217;impacte del musical nord-americ\u00e0 a Fran\u00e7a i els pa\u00efsos continentals (1930-1950)<\/em>. Dirs. Carles Batlle i Brigitte Gauthier.<\/li>\n<\/ul>\n<h4>2009<\/h4>\n<ul>\n<li>Colonia, Sebasti\u00e1n.\u00a0<em>Mecanismos de proyecci\u00f3n y direcci\u00f3n art\u00edstica en la escena contempor\u00e1nea: teatro multimedia y de alta tecnolog\u00eda; compa\u00f1\u00eda canadiense Lemieux .pilon 4d art<\/em>.\u00a0Dir. Merc\u00e8 Saumell.<\/li>\n<li>Esquivel, Catalina.\u00a0<em>Teatro bogotano contempor\u00e1neo: entre la identidad y la globalizaci\u00f3n. Paradojas posmodernas del discurso nacional<\/em>.\u00a0Dir. V\u00edctor Molina.<\/li>\n<li>Eudave, David.\u00a0<em>La revisi\u00f3n de los cl\u00e1sicos en la configuraci\u00f3n de la contemporaneidad teatral<\/em>.\u00a0Dir. V\u00edctor Molina.<\/li>\n<li>F\u00e1undez, Tania.\u00a0<em>Guerra e identidad en la dramat\u00fargia chilena\u00a0(1817-2008). Imaginarios de un cuerpo herido<\/em>.\u00a0Dir. Francesc Foguet.<\/li>\n<li>Gonz\u00e1lez, Fernando.\u00a0<em>Els espais dram\u00e0tics a TVE de Catalunya: hist\u00f2ria d&#8217;una programaci\u00f3 (1964-2005)<\/em>. Dir. Enric Gall\u00e9n.<\/li>\n<li>H\u00faber, Fernando.\u00a0<em>Las dramat\u00fargias argentinas contempor\u00e1neas del interior del pa\u00eds y su relaci\u00f3n con Buenos Aires<\/em>.\u00a0Dir. Carles Batlle.<\/li>\n<li>Pansera, Aim\u00e9 Malena.\u00a0<em>Las variables del tiempo en las artes esc\u00e9nicas contempor\u00e1neas. Alusi\u00f3n, realidad y sentido<\/em>.\u00a0Dir. V\u00edctor Molina.<\/li>\n<li>Sierra, Sergio Hern\u00e1n.\u00a0<em>El equilibrio como principio en el entrenamiento del actor y del bailar\u00edn, tradiciones y perspectivas<\/em>.\u00a0Dir. Llu\u00eds Masgrau.<\/li>\n<li>Souza, M. Aparecida de.<em>\u00a0Creaci\u00f3n y an\u00e1lisis de textos dram\u00e1ticos en pedagog\u00eda teatral<\/em>. Dir. Carles Batlle.<\/li>\n<li>Vasic, Hristina.\u00a0<em>L&#8217;escenificaci\u00f3 d&#8217;espectacles teatrals com a m\u00e8tode d&#8217;aprenentatge de lleng\u00fces i literatures estrangeres, complementari als estudis filol\u00f2gics<\/em>. Dirs. Anna Bartra i N\u00faria Santamaria.<\/li>\n<\/ul>\n<p>&nbsp;<\/p>\n<h3>Arts Esc\u00e8niques (el programa s&#8217;extingeix el 2015)<\/h3>\n<h4>2009<\/h4>\n<ul>\n<li>Astles, Cariad.\u00a0<em>Expressi\u00f3 carnavalesca en el teatre de titelles catal\u00e0<\/em>.\u00a0Dir. Merc\u00e8 Saumell.<\/li>\n<li>Ballesp\u00ed i Vilagrassa, Merc\u00e8.\u00a0<em>De la bellesa a la convulsi\u00f3 esc\u00e8nica: Sol Pic\u00f3, Marta Carrasco i Liddell<\/em>. Dir. Merc\u00e8 Saumell.<\/li>\n<li>Barrag\u00e1n Alc\u00e1ntara, Mar\u00eda.\u00a0<em>Compa\u00f1\u00edas de teatro infantil contempor\u00e1neas<\/em>.\u00a0Dir. N\u00faria Santamaria.<\/li>\n<li>Bayo Delgado, Helena.\u00a0<em>La traject\u00f2ria art\u00edstica de Manuel Ausensi, bar\u00edton<\/em>.\u00a0Dir. N\u00faria Santamaria.<\/li>\n<li>Beltran Margarit, Gemma.\u00a0<em>Recerca i creaci\u00f3: una mirada subjectiva<\/em>.\u00a0Dir. V\u00edctor Molina.<\/li>\n<li>Bernardi, Laura.\u00a0<em>Viatges teatrals entre It\u00e0lia i Espanya en els segles XVII i XVIII<\/em>.\u00a0Dir. Rossend Arqu\u00e9s.<\/li>\n<li>Bloin, Barbara.\u00a0<em>Urbs i teatre, l&#8217;exemple de Barcelona a la dramat\u00fargia contempor\u00e0nia<\/em>. Dir. N\u00faria Santamaria.<\/li>\n<li>Broch, \u00c0lex.\u00a0<em>El teatre realista i pol\u00edtic catal\u00e0 (1960-1980)<\/em>. Dir. Francesc Foguet.<\/li>\n<li>Caixach Gonz\u00e0lez, Anna.\u00a0<em>L&#8217;art com a vehicle. Jerzy Grotowski:\u00a0la dimensi\u00f3 sagrada de les arts performatives<\/em>. Dir. Merc\u00e8 Saumell.<\/li>\n<li>Carandell Gottschewsky, Andreu.\u00a0<em>El cinema dins del cinema: indagaci\u00f3 sobre una possible estructura aristot\u00e8lica<\/em>.\u00a0Dir. Xavier P\u00e9rez.<\/li>\n<li>Carnevali, Davide.\u00a0<em>Dramaturgia europea contempor\u00e1nea y crisis del drama<\/em>.\u00a0Dir. Carles Batlle.<\/li>\n<li>Casanellas Jurnet, Isabel.\u00a0Joan Junyer. <em>La pintura en moviment<\/em>.\u00a0Dir. Antoni Ramon.<\/li>\n<li>Cauchetiez, \u00c9lisabeth.\u00a0<em>El Th\u00e9\u00e2tre de La Mie de Pain, una experi\u00e8ncia del teatre de l&#8217;actor-dramaturg en el context de la creaci\u00f3 col\u00b7lectiva<\/em>.\u00a0Dir. Francesc Massip.<\/li>\n<li>Ceccotti, Francesca.\u00a0<em>La influencia del teatre popular de Andr\u00e9s P\u00e9rez en el actual teatro chileno<\/em>.\u00a0Dir. Francesc Massip.<\/li>\n<li>Chornet Artells, Marc.\u00a0<em>Ret\u00f2rica de la relaci\u00f3 entre m\u00fasica i escena contempor\u00e0nies<\/em>.\u00a0Dir. Pau Monterde.<\/li>\n<li>Codinachs, Maria Bonasort.\u00a0<em>La m\u00e0scara a l&#8217;Institut del Teatre<\/em>.\u00a0Dir. Merc\u00e8 Saumell.<\/li>\n<li>Cuesta-Due\u00f1as, Juan Jos\u00e9.\u00a0<em>Usos del movimiento y el cuerpo en el teatro catal\u00e1n en los albores del siglo XXI<\/em>.\u00a0Dir. Merc\u00e8 Saumell.<\/li>\n<li>Egea Ruiz, Susana.\u00a0<em>El cos en l&#8217;expressi\u00f3 abstracta: t\u00e8cniques d&#8217;interpretaci\u00f3 per a l&#8217;escena musical<\/em>.\u00a0Dir. Merc\u00e8 Saumell.<\/li>\n<li>Escud\u00e9, Elisabeth.\u00a0<em>L&#8217;adaptaci\u00f3 de Ricard III de William Shakespeare als segles XX i XXI<\/em>.\u00a0Dir. Xavier P\u00e9rez.<\/li>\n<li>Espinoza Quezada, Marco.\u00a0<em>Chile y Catalunya postdictadura: una dramaturgia comparada<\/em>.\u00a0Dir. Carles Batlle.<\/li>\n<li>Fern\u00e1ndez Castanedo Flores.\u00a0<em>Teatro y nuevas tecnolog\u00edas<\/em>, Dir. V\u00edctor Molina.<\/li>\n<li>Ferrando, S\u00edlvia.<em>\u00a0Teatre contemporani. Espiritualitat<\/em>.\u00a0Dir. V\u00edctor Molina.<\/li>\n<li>Fris\u00f3n Fern\u00e1ndez, Carlota.\u00a0<em>El silencio como elemento narrativo en el cine espa\u00f1ol (2000-2010)<\/em>. Dir. Xavier P\u00e9rez.<\/li>\n<li>Garc\u00eda, Lucas Bender.\u00a0<em>Los l\u00edmites del teatro en el teatro contempor\u00e1neo<\/em>.\u00a0Dir. V\u00edctor Molina.<\/li>\n<li>G\u00e1zquez P\u00e9rez, Ricardo. <em>Processos creatius d&#8217;escriptura dram\u00e0tica en relaci\u00f3 amb la pr\u00e0ctica esc\u00e8nica a Barcelona (1986-2006)<\/em>.\u00a0Dir. Merc\u00e8 Saumell.<\/li>\n<li>Grinberg Preciado, Samuel David.\u00a0<em>Entre la vida y la escena. Proyectos esc\u00e9nicos en los cuales, la vida, la creaci\u00f3n y\/o la interpretaci\u00f3n se entrelazan<\/em>.\u00a0Dir. Anna Solanilla.<\/li>\n<li>Guardiola Lozano, Josep Llu\u00eds.\u00a0<em>Estudi iconogr\u00e0fic de la Commedia dell&#8217;arte<\/em>.\u00a0Dir. Francesc Massip.<\/li>\n<li>Jeong, Hye Hyung.\u00a0<em>Gest i gestos en la Festa d&#8217;Elx<\/em>. Dir. Francesc Massip.<\/li>\n<li>Laakso, Riika Annina.\u00a0<em>Estudis de moviment<\/em>.\u00a0Dir. V\u00edctor Molina.<\/li>\n<li>Lloret Roca, Montserrat.\u00a0<em>El flamenc en la Catalunya contempor\u00e0nia<\/em>.\u00a0Dir. Francesc Foguet.<\/li>\n<li>L\u00f3pez-Llauder S\u00e0nchez, Neus.\u00a0<em>La dansa a l&#8217;Institut-Escola (1932-1936)<\/em>. Dir. V\u00edctor Molina.<\/li>\n<li>Managuerra Mulet, Merc\u00e8.\u00a0<em>T\u00e8cniques d&#8217;interpretaci\u00f3 davant la c\u00e0mera<\/em>.\u00a0Dir. Xavier P\u00e9rez.<\/li>\n<li>Mart\u00ednez Grimalt, Joan Tom\u00e0s.\u00a0<em>El teatre social a Barcelona durant el primer ter\u00e7 del segle XX: espais, xarxes i repertoris<\/em>. Dir. Francesc Foguet.<\/li>\n<li>Mata, Athenea.\u00a0<em>Pedagog\u00eda teatral\u00a0en el siglo XX<\/em>. Dir. Llu\u00eds Masgrau.<\/li>\n<li>Mart\u00ednez Colom\u00e9, Ver\u00f2nica.\u00a0<em>El teatre social catal\u00e0 (1990-2010)<\/em>. Dir. V\u00edctor Molina.<\/li>\n<li>Mart\u00ednez Garc\u00eda, Ra\u00fal Alonso.\u00a0<em>La escenograf\u00eda como fen\u00f3meno de causabilidad sensorial<\/em>.\u00a0Dir. V\u00edctor Molina.<\/li>\n<li>Mu\u00f1oz Prior, Mar\u00eda.\u00a0Nats Nus. <em>Companyia de dansa contempor\u00e0nia (1987-2009)<\/em>. Dir. N\u00faria Santamaria.<\/li>\n<li>Navalpotro Gonz\u00e1lez, Montserrat.\u00a0<em>La escenograf\u00eda de Karl Von Appen en la \u00f3pera y el realismo socialista (1945-1954)<\/em>.\u00a0Dir. Antoni Ramon.<\/li>\n<li>P\u00e9rez Estanquero, Orestes.\u00a0<em>Actor sin personaje (escena catalana en la primera d\u00e9cada del siglo XXI)<\/em>.\u00a0Dir. Merc\u00e8 Saumell.<\/li>\n<li>P\u00e9rez Pag\u00e8s, Anna.\u00a0<em>Dramat\u00fargia radiof\u00f2nica a la catalunya del segle XXI<\/em>.\u00a0Dir. Carles Batlle.<\/li>\n<li>Plana Eguia, N\u00faria.\u00a0<em>Estudi descriptiu, biomec\u00e0nic del treball del salt a la t\u00e8cnica de dansa cl\u00e0ssica en l&#8217;aprenentatge de l&#8217;Escola Bolera<\/em>.\u00a0Dir. Susana P\u00e9rez.<\/li>\n<li>Puig i Taul\u00e9, Oriol.\u00a0<em>L&#8217;Escola d&#8217;Art Dram\u00e0tic Adri\u00e0 Gual i la seva \u00e8poca<\/em>.\u00a0Dir. N\u00faria Santamaria.<\/li>\n<li>Rodelles Vinyoles, Francesc.\u00a0<em>L&#8217;evoluci\u00f3 dels conceptes d&#8217;il\u00b7luminaci\u00f3 esc\u00e8nica en el segle XX fins a la psicod\u00e8lia<\/em>.\u00a0Dir. Merc\u00e8 saumell.<\/li>\n<li>Ros i Vilanova, Agust\u00ed. L<em>a dramat\u00fargia de la dansa a trav\u00e9s de l&#8217;an\u00e0lisi del moviment<\/em>.\u00a0Dir. V\u00edctor Molina.<\/li>\n<li>Sais Mart\u00ednez, Pere.\u00a0<em>Grotowki: art com a vehicle i ritual<\/em>.\u00a0Dir. Jaume Mascar\u00f3.<\/li>\n<li>Serrat Brustenga, Xavier.\u00a0<em>La teatralitat latent a la poesia catalana contempor\u00e0nia<\/em>. Dirs. Jordi Castellanos i Francesc Foguet.<\/li>\n<li>Soler Benito, Cristina.\u00a0<em>Propietat intel\u00b7lectual en les arts esc\u00e8niques<\/em>.\u00a0Dir. Pau Monterde.<\/li>\n<li>Sorge, Lavinia Sabina.\u00a0<em>M\u00e9todos pedag\u00f3gicos de an\u00e1lisis y evaluaci\u00f3n de patolog\u00edas vocales de car\u00e1cter funcional en el actor y su comprobaci\u00f3n interdisciplinaria<\/em>.\u00a0Dir. Montserrat Bonet.<\/li>\n<li>Szpunberg Witt, Victoria.\u00a0<em>Teatre i pensament pol\u00edtic<\/em>.\u00a0Dir. Carles Batlle.<\/li>\n<li>Urieta Lago, Amparo.\u00a0<em>Liminalidad: el lugar del actor en la construcci\u00f3n esc\u00e9nica<\/em>.\u00a0Dir. Jaume Mascar\u00f3.<\/li>\n<li>Vilardell i Grimau, Teresa.\u00a0<em>Les adaptacions cinematogr\u00e0fiques d&#8217;obres teatrals a Catalunya, 2000-2001<\/em>,\u00a0Dir. Xavier P\u00e9rez.<\/li>\n<li>Vilar\u00f3, Jordi.\u00a0<em>El teatre de Tennessee\u00a0Williams a Barcelona durant el franquisme<\/em>. Dir. Enric Gall\u00e9n.<\/li>\n<li>Zorita Aguirre, Itziar.<em>\u00a0Teatro y arte digital<\/em>.\u00a0Dir. Merc\u00e8 Saumell.<\/li>\n<\/ul>\n<h4>2008<\/h4>\n<ul>\n<li>Boluda i Juli\u00e1n, Am\u00e8lia.\u00a0<em>Dansa Contemporanea a catalunya. El Ballet Contemporani<\/em>.\u00a0Dir. V\u00edctor Molina.<\/li>\n<li>Bravo Armada, Jos\u00e9.<em>\u00a0William Shakespeare desde las dramat\u00fargias del imaginario y las po\u00e9ticas del espacio sensorial<\/em>. Dir. Camilo Fern\u00e1ndez Gonz\u00e1lez.<\/li>\n<li>Tosticarelli, Martina In\u00e9s.\u00a0<em>Procesos virtuales y realidades esc\u00e9nicas contempor\u00e1neas<\/em>.\u00a0Dir. V\u00edctor Molina.<\/li>\n<\/ul>\n<h4>2007<\/h4>\n<ul>\n<li>Knuckey Solar, John.\u00a0<em>Filosof\u00eda y Teatro<\/em>, Dir. V\u00edctor Molina.<\/li>\n<li>Salvador Gr\u00e0cia, Jordi.\u00a0<em>Diccionari d&#8217;Escenografia i Escenot\u00e8cnica<\/em>.\u00a0Dir. Ricard Pedreira.<\/li>\n<\/ul>\n<h4>2006<\/h4>\n<ul>\n<li>Escobar Vila, Benito Ram\u00f3n.\u00a0<em>Taller de dramat\u00fargia: causa y consecuencia de textos dram\u00e1ticos. Los casos de De la Parra, Sanchis Sinisterra y Kart\u00fan<\/em>.\u00a0Dir. Carles Batlle i Jord\u00e0.<\/li>\n<li>Toro Lecaros, Juan Carlos.\u00a0<em>Metateatro en &#8220;Hamlet MAschine&#8221; de Heiner M\u00fcller<\/em>. Dir. V\u00edctor Molina.<\/li>\n<\/ul>\n<h4>2004<\/h4>\n<ul>\n<li>Boluda Martin, Ricard.\u00a0<em>El fenomen dels espectacles unipersonals a Catalunya (1976-1989)<\/em>. Dir. Merc\u00e8 Saumell.<\/li>\n<li>Duffau Morales, Lily Denisse.\u00a0<em>Tragedia contempor\u00e1nea<\/em>. Dir. Jaume Mascar\u00f3.<\/li>\n<li>Larios Ruiz, Darshan Shaday.\u00a0<em>De la poes\u00eda pict\u00f3rica a la poes\u00eda esc\u00e9nica: hacia una est\u00e9tica de la sugerencia<\/em>.\u00a0Dir. Miquel Morey.<\/li>\n<li>Minguell Cardenyes, Joan.\u00a0<em>La teoria de la interpretaci\u00f3 actoral a la Fran\u00e7a del segle XVII<\/em>.\u00a0Dir. Jaume Mascar\u00f3 i Pons.<\/li>\n<\/ul>\n<h4>2003<\/h4>\n<ul>\n<li>Becerra Arrojo, Alfonso.\u00a0<em>El ritme a la dramat\u00fargia<\/em>.\u00a0Dir. Carles Batlle.<\/li>\n<\/ul>\n<h4>2002<\/h4>\n<ul>\n<li>Carvajal Montoya, Marleny.\u00a0<em>El entrenamiento del actor en el siglo XX<\/em>.\u00a0Dir. Llu\u00eds Masgrau<\/li>\n<\/ul>\n<h4>2001<\/h4>\n<ul>\n<li>Arana, Thamer.\u00a0<em>La dramat\u00fargia de textos narrativos en el teatro colombiano<\/em>.<\/li>\n<\/ul>\n","protected":false},"excerpt":{"rendered":"<p>Estudis de Doctorat en llengua i Literatura Catalanes i Estudis Teatrals 2018 Ferreira\u00a0 Guti\u00e9rrez,\u00a0 Ariadna Berenice, Performer al teatre mexic\u00e0 contemporani, director Oscar Armando Garc\u00eda Guti\u00e9rrez. Salza, Irene, Instalaciones interactivas como modus operandi del teatro contempor\u00e1neo, directors Roberta Pierangela Gandolfi i Francesc Foguet. 2016 Barraza, Ernesto, La dramaturgia de Gregor D\u00edaz como respuesta a la [&hellip;]<\/p>\n","protected":false},"author":1,"featured_media":0,"parent":0,"menu_order":0,"comment_status":"closed","ping_status":"open","template":"","meta":{"_et_pb_use_builder":"","_et_pb_old_content":"","_et_gb_content_width":"","footnotes":""},"class_list":["post-419","page","type-page","status-publish","hentry"],"_links":{"self":[{"href":"https:\/\/masters.filescat.uab.cat\/muet\/wp-json\/wp\/v2\/pages\/419","targetHints":{"allow":["GET"]}}],"collection":[{"href":"https:\/\/masters.filescat.uab.cat\/muet\/wp-json\/wp\/v2\/pages"}],"about":[{"href":"https:\/\/masters.filescat.uab.cat\/muet\/wp-json\/wp\/v2\/types\/page"}],"author":[{"embeddable":true,"href":"https:\/\/masters.filescat.uab.cat\/muet\/wp-json\/wp\/v2\/users\/1"}],"replies":[{"embeddable":true,"href":"https:\/\/masters.filescat.uab.cat\/muet\/wp-json\/wp\/v2\/comments?post=419"}],"version-history":[{"count":0,"href":"https:\/\/masters.filescat.uab.cat\/muet\/wp-json\/wp\/v2\/pages\/419\/revisions"}],"wp:attachment":[{"href":"https:\/\/masters.filescat.uab.cat\/muet\/wp-json\/wp\/v2\/media?parent=419"}],"curies":[{"name":"wp","href":"https:\/\/api.w.org\/{rel}","templated":true}]}}