{"id":407,"date":"2013-03-20T09:53:43","date_gmt":"2013-03-20T09:53:43","guid":{"rendered":"http:\/\/masters.filescat.uab.catwebs\/portal\/muet\/?page_id=407"},"modified":"2023-07-24T12:58:49","modified_gmt":"2023-07-24T11:58:49","slug":"tesis-llegides","status":"publish","type":"page","link":"https:\/\/masters.filescat.uab.cat\/muet\/tesis-llegides\/","title":{"rendered":"Tesis llegides"},"content":{"rendered":"<h3>Doctorat en Arts Esc\u00e8niques<\/h3>\n<h4>2023<\/h4>\n<ul>\n<li>Salza, Irene. <em>Les instal\u00b7lacions art\u00edstiques participatives com a modus operandi del teatre contemporani: la proposta de Teatro di Giornata<\/em>. Directora: Roberta Pierangela Gandolfi. Tutor: Francesc Foguet. 15.06.2023<\/li>\n<li>Rojas Schlegel, Camila Fernanda. <em>El vol del C\u00f2ndor: Sobrevolant el territori corporal and\u00ed. La concepci\u00f3 d&#8217;una Fenomenologia Corporal Andina<\/em>. Director: Rossend Arques. Tutor: Llu\u00eds Peya. 16.03.2023<\/li>\n<li>Colomer Mascaro, Judit. <em>Indagacions sobre una nova mirada: Una aproximaci\u00f3 a l&#8217;objecte teatral.\u00a0<\/em>Directora: N\u00faria Santamaria. 15.03.2023<\/li>\n<\/ul>\n<h4>2022<\/h4>\n<ul>\n<li>Caixach Gonzalez, Anna.<a href=\"http:\/\/hdl.handle.net\/10803\/687906\" target=\"_blank\" rel=\"noopener\"> <em>La recerca de la plenitud essencial de Jerzy Grotowski: una via vers la veritat no-dual original a partir de l&#8217;ensenyan\u00e7a adv\u00e0itica de Ramana Maharshi<\/em><\/a>. Directora: Merc\u00e8 Saumell. Tutora: N\u00faria Santamaria. 15.09.2022<\/li>\n<li>Barraza, Ernesto. <a href=\"http:\/\/hdl.handle.net\/10803\/688739\" target=\"_blank\" rel=\"noopener\"><em>Gregor D\u00edaz: la dramat\u00fargia del marginat a la ciutat. Una aproximaci\u00f3 a les renovacions est\u00e8tiques i ideol\u00f2giques a l&#8217;escriptura dram\u00e0tica peruana de les d\u00e8cades del 1960 al 1990<\/em><\/a>. Director: Francesc Foguet. 21.12.2022<\/li>\n<\/ul>\n<h4>2021<\/h4>\n<ul>\n<li>Sabater Cuevas, Pablo\u00a0(Menci\u00f3 Internacional).<em><a href=\"https:\/\/www.tesisenred.net\/handle\/10803\/674534\" target=\"_blank\" rel=\"noopener\">Una nova proposta te\u00f2rica per a l\u2019estudi de l\u2019autoficci\u00f3 i l\u2019autodi\u00e8gesi cinematogr\u00e0fiques<\/a><\/em>. Director: Roberto Fratini. Tutor: Rossend Arqu\u00e9s. 13.12.2021<\/li>\n<\/ul>\n<h4>2020<\/h4>\n<ul>\n<li>Ros Vilanova, Agust\u00ed. <a href=\"https:\/\/www.tesisenred.net\/handle\/10803\/670151\" target=\"_blank\" rel=\"noopener\"><em>La Cinetografia Laban\/Labanotation com a instrument per a l\u2019an\u00e0lisi de l\u2019espai i el temps coreogr\u00e0fic<\/em>s<\/a>. Director: Carles Batlle. 17.01.2020<\/li>\n<\/ul>\n<h4>2019<\/h4>\n<ul>\n<li>Mata Corte\u0301s, Athenea. <a href=\"https:\/\/www.tesisenred.net\/handle\/10803\/670086\" target=\"_blank\" rel=\"noopener\"><em>La funci\u00f3 del teatre en l\u2019ensenyament de les arts pl\u00e0stiques en contextos transversals de les arts: del Arts and Crafts a la<\/em> Bauhaus<\/a>. Director: Llu\u00eds Magrau. Tutor: Francesc Foguet. 20.09.2019<\/li>\n<li>Boluda Juli\u00e1n, Am\u00e8lia. <em><a href=\"https:\/\/www.tesisenred.net\/handle\/10803\/669842\" target=\"_blank\" rel=\"noopener\">Po\u00e8tiques coreogr\u00e0fiques i autors: ballet contemporani de Barcelona (1977-1996)<\/a><\/em>. Director: V\u00edctor Molina. 21.11.2019<\/li>\n<li>Cort\u00e9s Jim\u00e9nez, Cristi\u00e1n Josu\u00e9. <em><a href=\"https:\/\/www.tesisenred.net\/handle\/10803\/669557\" target=\"_blank\" rel=\"noopener\">La dramat\u00fargia contempor\u00e0nia a M\u00e8xic (1984-2015): arxip\u00e8lags, edici\u00f3 i autors<\/a>.\u00a0<\/em>Director: Francesc Foguet. 20.12.2019<\/li>\n<\/ul>\n<h4>2018<\/h4>\n<ul>\n<li>Gatell Pe\u0301rez, Montserrat. <a href=\"https:\/\/www.tesisenred.net\/handle\/10803\/565780\" target=\"_blank\" rel=\"noopener\"><em>El \u00abCicle del Pallars\u00bb de Maria Barbal: mem\u00f2ria de la Guerra Civil i l\u2019\u00e8xode rural<\/em><\/a>.\u00a0Directora: Teresa Iribarren. Tutor: Francesc Foguet. 27.04.2018<\/li>\n<li>Schmutz,\u00a0 Christine Wilhelmine. <a href=\"https:\/\/www.tesisenred.net\/handle\/10803\/650283\" target=\"_blank\" rel=\"noopener\"><em>La dimensi\u00f3n cr\u00edtica del teatro de Roger Bernat, Ren\u00e9 Pollesch y Christina Schmutz \/ Frithwin Wagner- Lippok. Uso de texto y reflexi\u00f3n cr\u00edtica en la conjunci\u00f3n de teor\u00eda y pr\u00e1ctica. Una aproximaci\u00f3n fenomenol\u00f3gica a <\/em>Numax-Fagor-Plus<em>, <\/em>Kill Your Darlings! Streets of Berladelphia<em> y <\/em>els suplicants\/ conviure a bcn<\/a>. Director: Francesc Foguet i Boreu. 25.05.2018.<\/li>\n<li>Ortega Garz\u00f3n, Sandra Mar\u00eda. <a href=\"https:\/\/www.tesisenred.net\/handle\/10803\/664099\" target=\"_blank\" rel=\"noopener\"><em>De hombres y de bestias. Figuras animales de lo pol\u00edtico en el teatro colombiano contempor\u00e1neo<\/em><\/a>. Directors: Sandra Camacho i Francesc Foguet i Boreu. 21.09.2018<\/li>\n<\/ul>\n<h4>2017<\/h4>\n<ul>\n<li>Vilar\u00f3 Berdusan, Jordi (Menci\u00f3 Internacional). <em><a href=\"https:\/\/www.tesisenred.net\/handle\/10803\/457758\" target=\"_blank\" rel=\"noopener\">La recepci\u00f3 del teatre de Tennesse Williams a Barcelona durant el franquisme<\/a>.\u00a0<\/em>Director: Enric Gall\u00e9n. Tutor: Francesc Foguet. 18.09.2017<\/li>\n<\/ul>\n<h4>2016<\/h4>\n<ul>\n<li>Larios Ruiz, Darshan Shaday. <a href=\"https:\/\/www.tesisenred.net\/handle\/10803\/377771\" target=\"_blank\" rel=\"noopener\"><em>De la poes\u00eda pict\u00f3rica a la poes\u00eda esc\u00e9nica: la metaf\u00edsica esc\u00e9nica: la metaf\u00edsica del objeto cotidiano de Giorgio de Chirico en Tadeusz Kantor<\/em><\/a>. Director: Miquel Morey. Tutor: Carles Batlle. 08.01.2016.<\/li>\n<li>Becerra Arrojo, Afonso. <a href=\"https:\/\/www.tdx.cat\/handle\/10803\/378017\" target=\"_blank\" rel=\"noopener\"><em>O ritmo na dramaturxia teor\u00eda e pr\u00e1ctica<\/em><\/a>. Director: Carles Batlle. 11.01.2016.<\/li>\n<li>Ferrando Luquin, Silvia. <a href=\"https:\/\/www.tdx.cat\/handle\/10803\/385735\" target=\"_blank\" rel=\"noopener\"><em>Las dramaturgias de Caryl Churchill. El mundo y sus sombras<\/em><\/a>. Director: V\u00edctor Molina. Tutor: Carles Batlle. 22. 01.2016.<\/li>\n<li>Soler Benito, Cristina, <a href=\"https:\/\/www.tdx.cat\/handle\/10803\/381261\" target=\"_blank\" rel=\"noopener\"><em>Propietat intel\u00b7lectual en les arts esc\u00e8niques<\/em><\/a>. Director: Pau Monterde. Tutor: Francesc Foguet. 28.01.2016.<\/li>\n<li>Rodelles Vinyoles, Francesc. <a href=\"https:\/\/www.tdx.cat\/handle\/10803\/367923\" target=\"_blank\" rel=\"noopener\"><em>L\u2019evoluci\u00f3 dels conceptes d&#8217;il\u00b7luminaci\u00f3 esc\u00e8nica en el segle XX fins a la psicod\u00e8lia<\/em><\/a>. Directora: Merc\u00e8 Saumell. Tutor: Carles Batlle. 29.01.2016.<\/li>\n<li>Vilardell Grimau, Teresa. <em><a href=\"https:\/\/www.tdx.cat\/handle\/10803\/368570\" target=\"_blank\" rel=\"noopener\">Les adaptacions cinematogr\u00e0fiques d&#8217;obres teatrals a Catalunya, 2000-2010<\/a>. Disseny i procediments compositius<\/em>. Director: Carles Batlle, 01.02.2016.<\/li>\n<li>Laakso, Riika Annina. <em>Estudis de moviment. El burlesque y el neoburlesque<\/em>. Director: V\u00edctor Molina. Tutora: Meri Torras. 02.02.2016.<\/li>\n<li>Zorita Aguirre, Itziar. <a href=\"https:\/\/www.tdx.cat\/handle\/10803\/385840\" target=\"_blank\" rel=\"noopener\"><em>La experi\u00e8ncia perceptiva en la Performance Intermedial<\/em>.<\/a> Directora: Merc\u00e8 Saumell. Tutora: N\u00faria Santamaria. 03.02.2016.<\/li>\n<li>Cuesta Due\u00f1as, Juan Jos\u00e9. <em>J<a href=\"https:\/\/www.tdx.cat\/handle\/10803\/385016\" target=\"_blank\" rel=\"noopener\">uego y teatro. Una profuesta de (re)gamificaci\u00f3n esc\u00e9nica<\/a><\/em>. Directora: Merc\u00e8 Saumell. Tutor: Francesc Foguet. 04.02.2106.<\/li>\n<li>Egea Ruiz, Susana. <a href=\"https:\/\/www.tdx.cat\/handle\/10803\/384529\" target=\"_blank\" rel=\"noopener\"><em>Fonaments per a la formulaci\u00f3 d\u2019una t\u00e8cnica actoral per a l\u2019escena oper\u00edstica<\/em><\/a>. Directora: Merc\u00e8 Saumell. Tutor: Carles Batlle. 05.02.2016.<\/li>\n<li>Taisma Caparr\u00f3s P\u00e9rez. <em>La po\u00e9tica espacial de Marcel\u00b7l\u00ed Ant\u00fanez Roca. \u2018Pseudo\u2019 (2012) como paradigma metodol\u00f3gico<\/em>. Directores: Felisa Blas G\u00f3mez i N\u00faria Santamaria Roig. 05.02.2016.<\/li>\n<li>Fris\u00f3n Fern\u00e1ndez, Carlota. <em><a href=\"https:\/\/www.tdx.cat\/handle\/10803\/384477\" target=\"_blank\" rel=\"noopener\">El silenci en les imatges cinematogr\u00e0fiques<\/a>. <\/em>Directors: Josep M. Catal\u00e0 i Rafael P\u00e9rez Taylor. 08.02.2016.<\/li>\n<li>G\u00e1zquez P\u00e9rez, Ricardo. <a href=\"https:\/\/www.tdx.cat\/handle\/10803\/384527\" target=\"_blank\" rel=\"noopener\"><em>La escenificaci\u00f3n del Yo en los solos de las Nuevas Creadoras Interdisciplinares en Espa\u00f1a, 2000-2014<\/em><\/a>. Directora: Merc\u00e8 Saumell. Tutor: Carles Batlle. 09.02.2016.<\/li>\n<li>Tosticarelli, Martina Ines. <a href=\"https:\/\/www.tdx.cat\/handle\/10803\/382814\" target=\"_blank\" rel=\"noopener\"><em>Cuerpos ret\u00f3ricos; una aproximaci\u00f3 a la perversa figuabilidad del cuerpo en la escena contempor\u00e1nea<\/em><\/a>. Directors: V\u00edctor Molina i Carmina Salvatierra. 02.02.2016.<\/li>\n<li>Isarch Borja, Antoni. <a href=\"https:\/\/www.tdx.cat\/handle\/10803\/399719\" target=\"_blank\" rel=\"noopener\"><em>Dom\u00e8nech Guans\u00e9 (1918-1936): traject\u00f2ria cultural i liter\u00e0ria<\/em><\/a>. Director: Francesc Foguet. 19.10.2016.<\/li>\n<li>Moreno i Dom\u00e8nech, Maria. <a href=\"https:\/\/www.tdx.cat\/handle\/10803\/400569\" target=\"_blank\" rel=\"noopener\"><em>El tractament del grotesc a \u2018Primera Hist\u00f2ria d&#8217;Esther\u2019<\/em><\/a>. Directors: Enric Gall\u00e9n i Miquel M. Gibert. Tutor: Francesc Foguet. 14.12.2016.<\/li>\n<\/ul>\n<h4>2015<\/h4>\n<ul>\n<li>Saumell, Eva, <em><a href=\"https:\/\/www.tdx.cat\/handle\/10803\/330923\" target=\"_blank\" rel=\"noopener\">Cuina, teatre i modernitat. Barcelona, 1888-1919<\/a>.<\/em> Director: Francesc Foguet.<\/li>\n<li>Carnevali, Davide, <em><a href=\"https:\/\/www.tdx.cat\/handle\/10803\/287992\" target=\"_blank\" rel=\"noopener\">Forma dram\u00e1tica y representaci\u00f3n del mundo. Apuntes sobre la noci\u00f3n de f\u00e1bula en el contexto teatral europeo<\/a>.<\/em> Director: Carles Batlle i Jord\u00e0.<\/li>\n<li>Carvajal Montoya, Marleny. <em><a href=\"https:\/\/www.tdx.cat\/handle\/10803\/298177\" target=\"_blank\" rel=\"noopener\">El entrenamiento del actor en el siglo XX. Fundamentos etimol\u00f3gicos, ontol\u00f3gicos, cient\u00edficos y pedag\u00f3gicos<\/a>.<\/em> Director: Llu\u00eds Masgrau Peya. Tutor: Carles Batlle.<\/li>\n<li>Sierra Monsalve, Sergio Hern\u00e1n.<a href=\"https:\/\/www.tdx.cat\/handle\/10803\/285118\" target=\"_blank\" rel=\"noopener\"><em> Acciones corporales din\u00e1micas. Metodolog\u00eda del movimiento f\u00edsico para int\u00e9rpretes esc\u00e9nicos inspirada en el Principio de Alteraci\u00f3n del Equilibrio<\/em><\/a>. Director: Llu\u00eds Masgrau Peya. Tutor: Carles Batlle i Jord\u00e0.<\/li>\n<\/ul>\n<h4>2014<\/h4>\n<ul>\n<li>Ballesp\u00ed Villagrasa, Merc\u00e8. <a href=\"https:\/\/www.tdx.cat\/handle\/10803\/283356\" target=\"_blank\" rel=\"noopener\"><em>De la bellesa a la convulsi\u00f3 esc\u00e8nica: Marta Carrasco, Sol Pic\u00f3 i Ang\u00e8lica Liddell<\/em><\/a>. Directora: Merc\u00e8 Saumell. Tutor: Francesc Foguet i Boreu.<\/li>\n<li>Escud\u00e9 Gall\u00e8s, Elisabeth. <em><a href=\"https:\/\/www.tdx.cat\/handle\/10803\/284876\" target=\"_blank\" rel=\"noopener\">L&#8217;adaptaci\u00f3 dels cl\u00e0ssics teatrals. Shakespeare i Richard The Third. Estudi de cas d&#8217;una escena<\/a>. <\/em>Director: Xavier P\u00e9rez Torio. Tutor: Carles Batlle i Jord\u00e0.<\/li>\n<li>Esquivel Rodr\u00edguez, Catalina. <a href=\"https:\/\/www.tdx.cat\/handle\/10803\/283533\" target=\"_blank\" rel=\"noopener\"><em>Teatro La Candelaria: memoria y presente del teatrocolombiano. (Perfil de su po\u00e9tica con \u00e9nfasis en las obras de la primera d\u00e9cada del siglo XXI)<\/em><\/a>. Director: V\u00edctor Molina. Tutor: Francesc Foguet i Boreu.<\/li>\n<li>Fa\u00fandez Carre\u00f1o, Tania, <a href=\"https:\/\/www.tdx.cat\/handle\/10803\/283534\" target=\"_blank\" rel=\"noopener\"><em>La guerra en la dramaturgia chilena<\/em><\/a>. Director: Francesc Foguet i Boreu.<\/li>\n<li>Mart\u00ednez Grimalt, Joan Tom\u00e0s. <em><a href=\"https:\/\/www.tdx.cat\/handle\/10803\/314172\" target=\"_blank\" rel=\"noopener\">El conflicte social en el teatre catal\u00e0 del tombant de segle (1890-1909)<\/a>. Identitat de classe, moral social i debat pol\u00edtic<\/em>. Director: Francesc Foguet i Boreu.<\/li>\n<\/ul>\n<h4>2013<\/h4>\n<ul>\n<li>Urraco, Juan.\u00a0<a href=\"https:\/\/www.tdx.cat\/handle\/10803\/117542\" target=\"_blank\" rel=\"noopener\"><em>Dramat\u00fargias de lo real en la escena contempor\u00e1nea argentina: una escritura con sede en el cuerpo. Procedimientos y l\u00f3gicas de construcci\u00f3n en las obras del ciclo BIODRAMA<\/em><\/a>.\u00a0Dir. Merc\u00e8 Saumell.<\/li>\n<li>Palmeri, Daniela.\u00a0<a href=\"https:\/\/www.tdx.cat\/handle\/10803\/129369\" target=\"_blank\" rel=\"noopener\"><em>Sobre las reescrituras del mito griego y sobre lo tr\u00e1gico en la escena contempor\u00e1nea italiana y espa\u00f1ola<\/em><\/a>.\u00a0Dir. Rossend Arqu\u00e9s.<\/li>\n<li>Lizarraga, Iraitz.\u00a0<em>La gram\u00e1tica corporal: comparaci\u00f3n entre los lenguajes creados por Rudolf\u00a0 Von Laban y Etienne Decroux<\/em>. Dir. Llu\u00eds Masgrau.<\/li>\n<\/ul>\n<h4>2012<\/h4>\n<ul>\n<li>Belv\u00eds Pons, Esther.\u00a0<a href=\"http:\/\/hdl.handle.net\/10803\/96526\" target=\"_blank\" rel=\"noopener\"><em>Trans-formative Theatre: Living Further Realities<\/em><\/a>. Dir: Jos\u00e9 Antonio S\u00e1nchez. Tutor: Francesc Foguet i Boreu.<\/li>\n<li>Coca Villalonga, Jordi.<em>\u00a0<a href=\"http:\/\/hdl.handle.net\/10803\/83959\" target=\"_blank\" rel=\"noopener\">El laberint del jo. Fonaments per a la interpretaci\u00f3 del primer teatre de Josep Palau i Fabre (1935-1958)<\/a><\/em>. Dir. Jaume Mascar\u00f3 Pons. Tutor: Francesc Foguet i Boreu.<\/li>\n<\/ul>\n<h4>2011<\/h4>\n<ul>\n<li>Toru\u00f1o Sequeira, Maritza.\u00a0<a href=\"http:\/\/hdl.handle.net\/10803\/51486\" target=\"_blank\" rel=\"noopener\"><em>Escuela de Artes Dram\u00e1ticas de la Universidad de Costa Rica como formadora de identidad teatral en Costa Rica<\/em><\/a>.\u00a0Dir. Jaume Mascar\u00f3 Pons.<\/li>\n<li>Fratini Serafide, Roberto.\u00a0<em>La danza y las derivas del narrar<\/em>. Dir. Victor Molina Escobar.<\/li>\n<\/ul>\n<h4>2010<\/h4>\n<ul>\n<li>F\u00e0brega i Gorriz, Jordi.\u00a0<em>La interpretaci\u00f3 en la dansa: una proposta pedag\u00f2gica per crear vida esc\u00e8nica a trav\u00e9s del moviment<\/em>.\u00a0Dir. Ester Vendrell.<\/li>\n<\/ul>\n<h4>2009<\/h4>\n<ul>\n<li>Luque Bedregal, Gino.\u00a0<em>Memorias obstinadas: violencia pol\u00edtica, memoria hist\u00f3rica y traumas colectivos en las versiones teatrales de &#8220;Ant\u00edgona&#8221; en Latinoam\u00e9rica: los casos de Argentina, Chile y Per\u00fa<\/em>.\u00a0Dir. Carles Batlle i Jord\u00e0.<\/li>\n<li>Reguant i Fosas, Gemma.\u00a0<em>Olfacci\u00f3 creativa: les olors com a motor creatiu per a la veu i per a la locuci\u00f3 actoral<\/em>.\u00a0Dir. Salvador Reguant i Serra.<\/li>\n<\/ul>\n<h4>2007<\/h4>\n<ul>\n<li>Abellan i Mula, Joan.<em>\u00a0<a href=\"http:\/\/www.tdx.cat\/handle\/10803\/4839;jsessionid=DBF340CFC324698EFD3BA8D59290BED8.tdx2\" target=\"_blank\" rel=\"noopener\">La dramat\u00fargia teatral de la companyia Els Joglars d'&#8221;El Joc&#8221; (1969) a &#8220;Daaal\u00ed&#8221; (2000)<\/a><\/em>. Dir. Carles Batlle i Jord\u00e0.<\/li>\n<\/ul>\n<h4>2006<\/h4>\n<ul>\n<li>Monterde i Farn\u00e9s, Pau.\u00a0D<em>ramat\u00fargia musical a &#8220;Il Trovatore&#8221; i &#8220;La Traviata&#8221;<\/em>. Dir. Ramon Pla i Arx\u00e9.<\/li>\n<li>Negrete Luna, Enid Judith.\u00a0<em>El director de escena en la \u00f3pera del siglo XX: una reflexi\u00f3n desde la praxis<\/em>. Dir. Roger Alier.<\/li>\n<\/ul>\n<p>&nbsp;<\/p>\n","protected":false},"excerpt":{"rendered":"<p>Doctorat en Arts Esc\u00e8niques 2023 Salza, Irene. Les instal\u00b7lacions art\u00edstiques participatives com a modus operandi del teatre contemporani: la proposta de Teatro di Giornata. Directora: Roberta Pierangela Gandolfi. Tutor: Francesc Foguet. 15.06.2023 Rojas Schlegel, Camila Fernanda. El vol del C\u00f2ndor: Sobrevolant el territori corporal and\u00ed. La concepci\u00f3 d&#8217;una Fenomenologia Corporal Andina. Director: Rossend Arques. Tutor: [&hellip;]<\/p>\n","protected":false},"author":1,"featured_media":0,"parent":0,"menu_order":0,"comment_status":"closed","ping_status":"open","template":"","meta":{"_et_pb_use_builder":"","_et_pb_old_content":"","_et_gb_content_width":"","footnotes":""},"class_list":["post-407","page","type-page","status-publish","hentry"],"_links":{"self":[{"href":"https:\/\/masters.filescat.uab.cat\/muet\/wp-json\/wp\/v2\/pages\/407","targetHints":{"allow":["GET"]}}],"collection":[{"href":"https:\/\/masters.filescat.uab.cat\/muet\/wp-json\/wp\/v2\/pages"}],"about":[{"href":"https:\/\/masters.filescat.uab.cat\/muet\/wp-json\/wp\/v2\/types\/page"}],"author":[{"embeddable":true,"href":"https:\/\/masters.filescat.uab.cat\/muet\/wp-json\/wp\/v2\/users\/1"}],"replies":[{"embeddable":true,"href":"https:\/\/masters.filescat.uab.cat\/muet\/wp-json\/wp\/v2\/comments?post=407"}],"version-history":[{"count":11,"href":"https:\/\/masters.filescat.uab.cat\/muet\/wp-json\/wp\/v2\/pages\/407\/revisions"}],"predecessor-version":[{"id":2850,"href":"https:\/\/masters.filescat.uab.cat\/muet\/wp-json\/wp\/v2\/pages\/407\/revisions\/2850"}],"wp:attachment":[{"href":"https:\/\/masters.filescat.uab.cat\/muet\/wp-json\/wp\/v2\/media?parent=407"}],"curies":[{"name":"wp","href":"https:\/\/api.w.org\/{rel}","templated":true}]}}