{"id":153,"date":"2013-03-01T17:10:57","date_gmt":"2013-03-01T17:10:57","guid":{"rendered":"http:\/\/masters.filescat.uab.catwebs\/portal\/muet\/?page_id=153"},"modified":"2013-03-01T17:10:57","modified_gmt":"2013-03-01T17:10:57","slug":"grups-de-recerca","status":"publish","type":"page","link":"https:\/\/masters.filescat.uab.cat\/muet\/grups-de-recerca\/","title":{"rendered":"Grups de recerca"},"content":{"rendered":"<h4>Grup de Recerca en Arts Esc\u00e8niques (GRAE)<br \/>\nP\u00e0gina web: <a href=\"http:\/\/grupsderecerca.uab.cat\/grae\/\" target=\"_blank\" rel=\"noopener noreferrer\">http:\/\/grupsderecerca.uab.cat\/grae\/<\/a><\/h4>\n<p style=\"text-align: center\"><a href=\"http:\/\/grupsderecerca.uab.cat\/grae\/\" target=\"_blank\" rel=\"noopener noreferrer\"><img loading=\"lazy\" decoding=\"async\" class=\"size-full wp-image-236 aligncenter\" title=\"grae\" src=\"https:\/\/masters.filescat.uab.cat\/muet\/wp-content\/uploads\/sites\/2\/2013\/03\/grae.png\" alt=\"\" width=\"800\" height=\"102\" srcset=\"https:\/\/masters.filescat.uab.cat\/muet\/wp-content\/uploads\/sites\/2\/2013\/03\/grae.png 800w, https:\/\/masters.filescat.uab.cat\/muet\/wp-content\/uploads\/sites\/2\/2013\/03\/grae-768x98.png 768w, https:\/\/masters.filescat.uab.cat\/muet\/wp-content\/uploads\/sites\/2\/2013\/03\/grae-300x38.png 300w\" sizes=\"(max-width: 800px) 100vw, 800px\" \/><\/a><\/p>\n<p>&nbsp;<\/p>\n<h4>Grup d&#8217;Estudis de Traducci\u00f3, Recepci\u00f3 i Literatura Catalana (TRILCAT)<br \/>\nP\u00e0gina web: <a href=\"http:\/\/trilcat.upf.edu\/\" target=\"_blank\" rel=\"noopener noreferrer\">http:\/\/trilcat.upf.edu\/<\/a><\/h4>\n<p style=\"text-align: center\"><a href=\"http:\/\/trilcat.upf.edu\/\" target=\"_blank\" rel=\"noopener noreferrer\"><img loading=\"lazy\" decoding=\"async\" class=\"aligncenter size-full wp-image-248\" title=\"trilcat\" src=\"https:\/\/masters.filescat.uab.cat\/muet\/wp-content\/uploads\/sites\/2\/2013\/03\/trilcat.png\" alt=\"\" width=\"800\" height=\"119\" srcset=\"https:\/\/masters.filescat.uab.cat\/muet\/wp-content\/uploads\/sites\/2\/2013\/03\/trilcat.png 800w, https:\/\/masters.filescat.uab.cat\/muet\/wp-content\/uploads\/sites\/2\/2013\/03\/trilcat-300x45.png 300w, https:\/\/masters.filescat.uab.cat\/muet\/wp-content\/uploads\/sites\/2\/2013\/03\/trilcat-768x114.png 768w\" sizes=\"(max-width: 800px) 100vw, 800px\" \/><\/a><\/p>\n<p>&nbsp;<\/p>\n<h4>Grup de Recerca de Teatre Comparat (TEATRESIT)<br \/>\nP\u00e0gina web: <a href=\"http:\/\/grupsderecerca.uab.cat\/teatresit\/\" target=\"_blank\" rel=\"noopener noreferrer\">http:\/\/grupsderecerca.uab.cat\/teatresit\/<\/a><\/h4>\n<p style=\"text-align: center\"><a href=\"http:\/\/grupsderecerca.uab.cat\/teatresit\/\" target=\"_blank\" rel=\"noopener noreferrer\"><img loading=\"lazy\" decoding=\"async\" class=\"aligncenter size-full wp-image-251\" title=\"teatresit\" src=\"https:\/\/masters.filescat.uab.cat\/muet\/wp-content\/uploads\/sites\/2\/2013\/03\/teatresit.png\" alt=\"\" width=\"800\" height=\"102\" \/><\/a><\/p>\n<p>&nbsp;<\/p>\n<h4>Grup de Recerca en Escriptures Subversives (GRES)<br \/>\nP\u00e0gina web: <a href=\"http:\/\/grupsderecerca.uab.cat\/gres\/\" target=\"_blank\" rel=\"noopener noreferrer\">http:\/\/grupsderecerca.uab.cat\/gres\/<\/a><\/h4>\n<p style=\"text-align: center\"><a href=\"http:\/\/grupsderecerca.uab.cat\/gres\/\" target=\"_blank\" rel=\"noopener noreferrer\"><img loading=\"lazy\" decoding=\"async\" class=\"aligncenter size-full wp-image-252\" title=\"gres\" src=\"https:\/\/masters.filescat.uab.cat\/muet\/wp-content\/uploads\/sites\/2\/2013\/03\/gres.png\" alt=\"\" width=\"800\" height=\"101\" srcset=\"https:\/\/masters.filescat.uab.cat\/muet\/wp-content\/uploads\/sites\/2\/2013\/03\/gres.png 800w, https:\/\/masters.filescat.uab.cat\/muet\/wp-content\/uploads\/sites\/2\/2013\/03\/gres-300x38.png 300w, https:\/\/masters.filescat.uab.cat\/muet\/wp-content\/uploads\/sites\/2\/2013\/03\/gres-768x97.png 768w\" sizes=\"(max-width: 800px) 100vw, 800px\" \/><\/a><\/p>\n<p>&nbsp;<\/p>\n<h4>Les m\u00fasiques en les societats contempor\u00e0nies<br \/>\nP\u00e0gina web: <a href=\"http:\/\/www.musc.cat\/\" target=\"_blank\" rel=\"noopener noreferrer\">http:\/\/www.musc.cat\/<\/a><\/h4>\n<p style=\"text-align: center\"><a href=\"http:\/\/www.musc.cat\/\" target=\"_blank\" rel=\"noopener noreferrer\"><img loading=\"lazy\" decoding=\"async\" class=\"aligncenter size-full wp-image-253\" title=\"musc\" src=\"https:\/\/masters.filescat.uab.cat\/muet\/wp-content\/uploads\/sites\/2\/2013\/03\/musc.png\" alt=\"\" width=\"800\" height=\"135\" srcset=\"https:\/\/masters.filescat.uab.cat\/muet\/wp-content\/uploads\/sites\/2\/2013\/03\/musc.png 800w, https:\/\/masters.filescat.uab.cat\/muet\/wp-content\/uploads\/sites\/2\/2013\/03\/musc-300x51.png 300w, https:\/\/masters.filescat.uab.cat\/muet\/wp-content\/uploads\/sites\/2\/2013\/03\/musc-768x130.png 768w\" sizes=\"(max-width: 800px) 100vw, 800px\" \/><\/a><\/p>\n<p>&nbsp;<\/p>\n<h4><span lang=\"CA\">GREGA. Grup d&#8217; Investigaci\u00f3\u00a0d&#8217;Est\u00e8tica General i Antropologia Teatral (UB i IT)<\/span><br \/>\nP\u00e0gina web: <a href=\"https:\/\/sites.google.com\/site\/esteticafilosofia\/grega-1\" target=\"_blank\" rel=\"noopener noreferrer\">https:\/\/sites.google.com\/site\/esteticafilosofia\/grega-1<\/a><\/h4>\n<p style=\"text-align: center\"><a href=\"https:\/\/sites.google.com\/site\/esteticafilosofia\/grega-1\" target=\"_blank\" rel=\"noopener noreferrer\"><img loading=\"lazy\" decoding=\"async\" class=\"aligncenter wp-image-1739 size-full\" src=\"https:\/\/masters.filescat.uab.cat\/muet\/wp-content\/uploads\/sites\/2\/2020\/05\/grega.jpg\" alt=\"\" width=\"800\" height=\"135\" \/><\/a><\/p>\n","protected":false},"excerpt":{"rendered":"<p>Grup de Recerca en Arts Esc\u00e8niques (GRAE) P\u00e0gina web: http:\/\/grupsderecerca.uab.cat\/grae\/ &nbsp; Grup d&#8217;Estudis de Traducci\u00f3, Recepci\u00f3 i Literatura Catalana (TRILCAT) P\u00e0gina web: http:\/\/trilcat.upf.edu\/ &nbsp; Grup de Recerca de Teatre Comparat (TEATRESIT) P\u00e0gina web: http:\/\/grupsderecerca.uab.cat\/teatresit\/ &nbsp; Grup de Recerca en Escriptures Subversives (GRES) P\u00e0gina web: http:\/\/grupsderecerca.uab.cat\/gres\/ &nbsp; Les m\u00fasiques en les societats contempor\u00e0nies P\u00e0gina web: http:\/\/www.musc.cat\/ [&hellip;]<\/p>\n","protected":false},"author":1,"featured_media":0,"parent":0,"menu_order":0,"comment_status":"open","ping_status":"open","template":"","meta":{"_et_pb_use_builder":"","_et_pb_old_content":"","_et_gb_content_width":"","footnotes":""},"class_list":["post-153","page","type-page","status-publish","hentry"],"_links":{"self":[{"href":"https:\/\/masters.filescat.uab.cat\/muet\/wp-json\/wp\/v2\/pages\/153","targetHints":{"allow":["GET"]}}],"collection":[{"href":"https:\/\/masters.filescat.uab.cat\/muet\/wp-json\/wp\/v2\/pages"}],"about":[{"href":"https:\/\/masters.filescat.uab.cat\/muet\/wp-json\/wp\/v2\/types\/page"}],"author":[{"embeddable":true,"href":"https:\/\/masters.filescat.uab.cat\/muet\/wp-json\/wp\/v2\/users\/1"}],"replies":[{"embeddable":true,"href":"https:\/\/masters.filescat.uab.cat\/muet\/wp-json\/wp\/v2\/comments?post=153"}],"version-history":[{"count":0,"href":"https:\/\/masters.filescat.uab.cat\/muet\/wp-json\/wp\/v2\/pages\/153\/revisions"}],"wp:attachment":[{"href":"https:\/\/masters.filescat.uab.cat\/muet\/wp-json\/wp\/v2\/media?parent=153"}],"curies":[{"name":"wp","href":"https:\/\/api.w.org\/{rel}","templated":true}]}}