{"id":112,"date":"2013-03-01T15:48:53","date_gmt":"2013-03-01T15:48:53","guid":{"rendered":"http:\/\/masters.filescat.uab.catwebs\/portal\/muet\/?page_id=112"},"modified":"2023-05-08T11:32:24","modified_gmt":"2023-05-08T10:32:24","slug":"pla-destudis","status":"publish","type":"page","link":"https:\/\/masters.filescat.uab.cat\/muet\/pla-destudis\/","title":{"rendered":"Pla d&#8217;estudis"},"content":{"rendered":"<h3>El m\u00e0ster t\u00e9 la durada d&#8217;un curs acad\u00e8mic sencer (60 cr\u00e8dits). Tamb\u00e9 \u00e9s possible fer-lo a temps parcial, amb una matr\u00edcula m\u00ednima de 30 cr\u00e8dits per any.<\/h3>\n<h2>\nAssignatures<\/h2>\n<h6><strong>PRIMER QUADRIMESTRE<\/strong><\/h6>\n<div class=\"checklist checklist\">\n<ul>\n<li>44815 Metodologies d\u2019An\u00e0lisi i Investigaci\u00f3: Text Dram\u00e0tic i Actuaci\u00f3 Performativa (6 ECTS) | Obligatori<\/li>\n<li>44816 Teoria i Hist\u00f2ria de la Representaci\u00f3 (6 ECTS) | Obligatori<\/li>\n<li>44817 Estructures i Procediments de la Dramat\u00fargia Contempor\u00e0nia (6 ECTS) | Obligatori<\/li>\n<li>44818 Disseny Esc\u00e8nic (6 ECTS) | Obligatori<\/li>\n<li>44819 Teoria i Pr\u00e0ctica de la Recepci\u00f3 Teatral (6 ECTS) | Obligatori<\/li>\n<\/ul>\n<\/div>\n<h6><strong>SEGON QUADRIMESTRE<\/strong><\/h6>\n<div class=\"checklist checklist\">\n<ul>\n<li>44827 Treball Final de M\u00e0ster (12 ECTS) | Obligatori<\/li>\n<\/ul>\n<\/div>\n<p>&nbsp;<\/p>\n<h4>\u00a0Assignatures optatives (cal triar-ne 3 per al segon quadrimestre)<\/h4>\n<div class=\"checklist checklist\">\n<ul>\n<li>44820 L\u2019Escena Expandida: Di\u00e0legs entre les Arts (6 ECTS)<\/li>\n<li>44821 Laboratori de Dramat\u00fargia I (6 ECTS)<\/li>\n<li>44822 Laboratori de Dramat\u00fargia II (6 ECTS)<\/li>\n<li>44823 Laboratori de Direcci\u00f3 d\u2019Actors i d\u2019Escenificaci\u00f3 I (6 ECTS)<\/li>\n<li>44824 Laboratori de Direcci\u00f3 d\u2019Actors i d\u2019Escenificaci\u00f3 II (6 ECTS)<\/li>\n<li>44825 Metodologia de la Recerca de la Dansa (6 ECTS)<\/li>\n<li>44826 Pr\u00e0cticum (6 ECTS)<\/li>\n<\/ul>\n<p>&nbsp;<\/p>\n<\/div>\n","protected":false},"excerpt":{"rendered":"<p>El m\u00e0ster t\u00e9 la durada d&#8217;un curs acad\u00e8mic sencer (60 cr\u00e8dits). Tamb\u00e9 \u00e9s possible fer-lo a temps parcial, amb una matr\u00edcula m\u00ednima de 30 cr\u00e8dits per any. Assignatures PRIMER QUADRIMESTRE 44815 Metodologies d\u2019An\u00e0lisi i Investigaci\u00f3: Text Dram\u00e0tic i Actuaci\u00f3 Performativa (6 ECTS) | Obligatori 44816 Teoria i Hist\u00f2ria de la Representaci\u00f3 (6 ECTS) | Obligatori [&hellip;]<\/p>\n","protected":false},"author":1,"featured_media":0,"parent":0,"menu_order":0,"comment_status":"open","ping_status":"open","template":"","meta":{"_et_pb_use_builder":"","_et_pb_old_content":"","_et_gb_content_width":"","footnotes":""},"class_list":["post-112","page","type-page","status-publish","hentry"],"_links":{"self":[{"href":"https:\/\/masters.filescat.uab.cat\/muet\/wp-json\/wp\/v2\/pages\/112","targetHints":{"allow":["GET"]}}],"collection":[{"href":"https:\/\/masters.filescat.uab.cat\/muet\/wp-json\/wp\/v2\/pages"}],"about":[{"href":"https:\/\/masters.filescat.uab.cat\/muet\/wp-json\/wp\/v2\/types\/page"}],"author":[{"embeddable":true,"href":"https:\/\/masters.filescat.uab.cat\/muet\/wp-json\/wp\/v2\/users\/1"}],"replies":[{"embeddable":true,"href":"https:\/\/masters.filescat.uab.cat\/muet\/wp-json\/wp\/v2\/comments?post=112"}],"version-history":[{"count":2,"href":"https:\/\/masters.filescat.uab.cat\/muet\/wp-json\/wp\/v2\/pages\/112\/revisions"}],"predecessor-version":[{"id":2776,"href":"https:\/\/masters.filescat.uab.cat\/muet\/wp-json\/wp\/v2\/pages\/112\/revisions\/2776"}],"wp:attachment":[{"href":"https:\/\/masters.filescat.uab.cat\/muet\/wp-json\/wp\/v2\/media?parent=112"}],"curies":[{"name":"wp","href":"https:\/\/api.w.org\/{rel}","templated":true}]}}