{"id":100,"date":"2013-03-01T14:58:22","date_gmt":"2013-03-01T14:58:22","guid":{"rendered":"http:\/\/masters.filescat.uab.catwebs\/portal\/muet\/?page_id=100"},"modified":"2013-03-01T14:58:22","modified_gmt":"2013-03-01T14:58:22","slug":"preinscripcio","status":"publish","type":"page","link":"https:\/\/masters.filescat.uab.cat\/muet\/preinscripcio\/","title":{"rendered":"Preinscripci\u00f3"},"content":{"rendered":"<h3>Oberta la preinscripci\u00f3 al MUET per al curs 2014-2015<\/h3>\n<p>Del 17 de gener al 12 d\u2019octubre de 2014, podeu fer la preinscripci\u00f3 al MUET.<br \/>\nEl calendari de la preinscripci\u00f3 i l\u2019admissi\u00f3 de les resolucions \u00e9s aquest:<\/p>\n<ul>\n<li>Sol\u00b7licitud d\u2019admissi\u00f3 als m\u00e0sters (preinscripci\u00f3): del 17 de gener al 12 d\u2019octubre de 2014.<\/li>\n<li>Resoluci\u00f3 de les sol\u00b7licituds d\u2019admissi\u00f3: m\u00e0xim 90 dies despr\u00e9s de la data de sol\u00b7licitud d\u2019admissi\u00f3. El darrer termini establert \u00e9s el 15 d\u2019octubre de 2014.<\/li>\n<li>Publicaci\u00f3 i notificaci\u00f3 de la resoluci\u00f3: m\u00e0xim 10 dies despr\u00e9s de la data de resoluci\u00f3. El darrer termini establert \u00e9s el 16 d\u2019octubre de 2014.<\/li>\n<li>Pagament reserva de pla\u00e7a: del 19 de febrer al 31 d\u2019agost de 2014.<\/li>\n<p><\/br><\/p>\n<h3>Proc\u00e9s de preinscripci\u00f3<\/h3>\n<h4>1. Fes la preinscripci\u00f3 online<\/h4>\n<ul>\n<li>Si encara no ets estudiant de la UAB, cal que primer et registris per aconseguir un NIA\u00a0(N\u00famero d\u2019Identificaci\u00f3 d\u2019Alumne). Per fer-ho fes clic <strong><a href=\"https:\/\/sia4.uab.es:4950\/regis\/controlreg\/%5BmtoAlta%5DRegistroPublico?entradaPublica=true&amp;pais=ES&amp;idioma=ca&amp;destino=MOF\" target=\"_blank\" rel=\"noopener\">en\u00a0aquest enlla\u00e7<\/a><\/strong>\u00a0i segueix les instruccions. Un cop tinguis el teu NIA segueix el procediment per a alumnes de la UAB, tal com t\u2019expliquem a continuaci\u00f3.<\/li>\n<li>Si ja ets alumne de la UAB, pots fer la preinscripci\u00f3 i adjuntar la documentaci\u00f3 tu mateix, de la manera m\u00e9s f\u00e0cil, a trav\u00e9s d\u2019Internet. Fes clic<strong> <a href=\"http:\/\/sia.uab.es\/ALU_INSMTO_PORT.html\" target=\"_blank\" rel=\"noopener\">en\u00a0aquest enlla\u00e7<\/a>\u00a0<\/strong>i segueix les instruccions.<\/li>\n<\/ul>\n<p>Cal que reuneixis i escanegis la seg\u00fcent documentaci\u00f3 obligat\u00f2ria per adjuntar-la a l\u2019aplicatiu de preinscripci\u00f3:<\/p>\n<ol>\n<li>Expedient acad\u00e8mic d\u2019estudis superiors amb detall de: mat\u00e8ries cursades, ECTS (o hores), convocat\u00f2ries consumides, qualificacions per mat\u00e8ria i qualificaci\u00f3 global.<\/li>\n<li>T\u00edtol associat a l\u2019expedient acad\u00e8mic presentat al document anterior (si no el tens ja ens el far\u00e0s arribar).<\/li>\n<li>CV amb justificaci\u00f3 acreditativa de m\u00e8rits que inclogui: formaci\u00f3 pr\u00e8via, experi\u00e8ncia investigadora, publicacions, experi\u00e8ncia professional, estades a l&#8217;estranger, haver obtingut beques o ajuts a la investigaci\u00f3 (si s\u2019escau).<\/li>\n<li>Carta de motivaci\u00f3.<\/li>\n<\/ol>\n<p>Recorda que si la documentaci\u00f3 que ens adjuntes no est\u00e0 escrita en catal\u00e0, castell\u00e0, angl\u00e8s, franc\u00e8s, itali\u00e0 o portugu\u00e8s, cal que tamb\u00e9 incloguis a continuaci\u00f3 les respectives traduccions jurades al catal\u00e0 o al castell\u00e0.<\/p>\n<p>Si encara no tens el t\u00edtol perqu\u00e8 est\u00e0s acabant la titulaci\u00f3, cal que ens ho assenyalis en l\u2019apartat \u201cSituaci\u00f3 d\u2019estudis previs\u201d, indicant \u201cPendent de Finalitzar\u201d.<\/p>\n<h4>2.\u00a0Fes el pagament de la taxa d\u2019inscripci\u00f3 (30 euros no reemborsables)<\/h4>\n<p>Fes clic<strong> <a href=\"http:\/\/www.uab.cat\/masteroficial\/pagaments\" target=\"_blank\" rel=\"noopener\">en\u00a0aquest enlla\u00e7<\/a><\/strong>\u00a0i segueix les instruccions.<\/p>\n<p>En cas que tinguis problemes o dubtes amb el proc\u00e9s de preinscripci\u00f3 cal que contactis amb nosaltres per correu electr\u00f2nic (<strong><a href=\"mailto:preinscripcio.postgrau@uab.cat\">preinscripcio.postgrau@uab.cat<\/a><\/strong>) al m\u00e9s aviat possible.<\/p>\n<h3>\u00a0Reserva de pla\u00e7a<\/h3>\n<p>Els estudiants que hagin estat admesos a un\u00a0m\u00e0ster\u00a0que nom\u00e9s s\u2019imparteix a la UAB o que sigui interuniversitari i coordinat per la UAB, hauran de seguir el procediment seg\u00fcent: una vegada admesos, rebran un correu electr\u00f2nic de confirmaci\u00f3 en el qual se\u2019ls detallaran els tr\u00e0mits que hauran de realitzar. Per garantir la reserva de pla\u00e7a caldr\u00e0 fer un pagament de 500 euros en concepte de prematr\u00edcula. Aquesta quantitat ser\u00e0 descomptada de l\u2019import final de la matr\u00edcula. En cas que no es completi el proc\u00e9s de reserva de pla\u00e7a en el termini establert, la UAB es reserva el dret d\u2019assignar la pla\u00e7a a un altre aspirant.<\/p>\n<p>&nbsp;<\/p>\n","protected":false},"excerpt":{"rendered":"<p>Oberta la preinscripci\u00f3 al MUET per al curs 2014-2015 Del 17 de gener al 12 d\u2019octubre de 2014, podeu fer la preinscripci\u00f3 al MUET. El calendari de la preinscripci\u00f3 i l\u2019admissi\u00f3 de les resolucions \u00e9s aquest: Sol\u00b7licitud d\u2019admissi\u00f3 als m\u00e0sters (preinscripci\u00f3): del 17 de gener al 12 d\u2019octubre de 2014. Resoluci\u00f3 de les sol\u00b7licituds d\u2019admissi\u00f3: [&hellip;]<\/p>\n","protected":false},"author":1,"featured_media":0,"parent":0,"menu_order":0,"comment_status":"open","ping_status":"open","template":"","meta":{"_et_pb_use_builder":"","_et_pb_old_content":"","_et_gb_content_width":"","footnotes":""},"class_list":["post-100","page","type-page","status-publish","hentry"],"_links":{"self":[{"href":"https:\/\/masters.filescat.uab.cat\/muet\/wp-json\/wp\/v2\/pages\/100","targetHints":{"allow":["GET"]}}],"collection":[{"href":"https:\/\/masters.filescat.uab.cat\/muet\/wp-json\/wp\/v2\/pages"}],"about":[{"href":"https:\/\/masters.filescat.uab.cat\/muet\/wp-json\/wp\/v2\/types\/page"}],"author":[{"embeddable":true,"href":"https:\/\/masters.filescat.uab.cat\/muet\/wp-json\/wp\/v2\/users\/1"}],"replies":[{"embeddable":true,"href":"https:\/\/masters.filescat.uab.cat\/muet\/wp-json\/wp\/v2\/comments?post=100"}],"version-history":[{"count":0,"href":"https:\/\/masters.filescat.uab.cat\/muet\/wp-json\/wp\/v2\/pages\/100\/revisions"}],"wp:attachment":[{"href":"https:\/\/masters.filescat.uab.cat\/muet\/wp-json\/wp\/v2\/media?parent=100"}],"curies":[{"name":"wp","href":"https:\/\/api.w.org\/{rel}","templated":true}]}}