{"id":815,"date":"2014-06-16T09:34:57","date_gmt":"2014-06-16T09:34:57","guid":{"rendered":"http:\/\/158.109.159.121\/molelh\/?page_id=815"},"modified":"2014-06-16T09:34:57","modified_gmt":"2014-06-16T09:34:57","slug":"curso-2013-2014","status":"publish","type":"page","link":"https:\/\/masters.filescat.uab.cat\/molelh\/curso-2013-2014\/","title":{"rendered":"Curso 2013-2014"},"content":{"rendered":"<h3>Curso 2013-2014<\/h3>\n<h5 style=\"text-align: right\"><a href=\"https:\/\/masters.filescat.uab.cat\/molelh\/wp-content\/uploads\/sites\/3\/2013\/05\/horarios_2013-2014.pdf\" target=\"_blank\" rel=\"noopener\">Pod\u00e9is descargaros esta informaci\u00f3n en formato PDF<\/a><\/h5>\n<div class=\"layout_1_2\">\n<h4>1<sup>er<\/sup> Cuatrimestre<\/h4>\n<h5><\/h5>\n<ul>\n<li>\n<h5>Principios y M\u00e9todos<\/h5>\n<p><strong>Fechas:<\/strong> Del lunes 30 de septiembre al lunes 27 de enero | <strong>Horario:<\/strong> 15:30h-19:30h<br \/>\n<strong>Fechas: <\/strong>Del martes 1 de octubre al martes 28 de enero | <strong>Horario:<\/strong> 15:30h-17:30h<br \/>\n<strong>Aula: <\/strong>301 (lunes) | G1 304 y G2 301 (martes)<\/li>\n<li>\n<h5>Introducci\u00f3n a la Investigaci\u00f3n<\/h5>\n<p><strong>Fechas:<\/strong> <strong><\/strong>Del martes 1 de octubre al martes 28 de enero<br \/>\n<strong>Horario:<\/strong> 17:30h-19:30h<br \/>\n<strong>Aula<\/strong>: 300<\/li>\n<li>\n<h5>Aspectos Sistem\u00e1ticos del Espa\u00f1ol<\/h5>\n<\/li>\n<li><strong>Fechas:<\/strong> <strong><\/strong>Del miercoles 2 de octubre al miercoles 20 de noviembre<br \/>\n<strong>Horario:<\/strong> 15:30h-19:30h<br \/>\n<strong>Aula<\/strong>: 212<\/li>\n<li>\n<h5>Literatura, Cultura y Sociedad<\/h5>\n<p><strong>Fechas:<\/strong> <strong><\/strong>Del miercoles 2 de octubre al miercoles 20 de noviembre<br \/>\n<strong>Horario:<\/strong> 15:30h-19:30h<br \/>\n<strong>Aula<\/strong>: 300<\/li>\n<li>\n<h5>Tradiciones Literarias<\/h5>\n<p><strong>Fechas:<\/strong> <strong><\/strong>Del jueves 3 de octubre al jueves 21 de noviembre<br \/>\n<strong>Horario:<\/strong> 15:30h-19:30h<br \/>\n<strong>Aula<\/strong>: 301<\/li>\n<li>\n<h5>Discurso y Variaci\u00f3n<\/h5>\n<p><strong>Fechas:<\/strong> <strong><\/strong>Del viernes 4 de octubre al viernes 22 de noviembre<br \/>\n<strong>Horario:<\/strong> 10h-14h<br \/>\n<strong>Aula<\/strong>: 212<\/li>\n<li>\n<h5>El espa\u00f1ol: Norma y Uso<\/h5>\n<p><strong>Fechas:<\/strong> <strong><\/strong>Del jueves 28 de noviembre al jueves 6 de febrero<br \/>\n<strong>Horario:<\/strong> 15:30h-19:30h<br \/>\n<strong>Aula<\/strong>: 300<\/li>\n<li>\n<h5>Cr\u00edtica textual<\/h5>\n<p><strong>Fechas:<\/strong> <strong><\/strong>Del viernes 29 de noviembre al viernes 7 de febrero<br \/>\n<strong>Horario:<\/strong> 10h-14h<br \/>\n<strong>Aula<\/strong>: 212<\/li>\n<\/ul>\n<\/div>\n<div class=\"layout_1_2\">\n<h4>2<sup>o<\/sup> Cuatrimestre<\/h4>\n<h5><\/h5>\n<ul>\n<li>\n<h5>Am\u00e9rica Latina: Lengua y Literatura<\/h5>\n<p><strong>Fechas:<\/strong> <strong><\/strong>Del martes 7 de febrero al martes 7 de abril<br \/>\n<strong>Horario:<\/strong> 15:30h-19:30h<br \/>\n<strong>Aula<\/strong>: 212<\/li>\n<li>\n<h5>ELE: Lengua y Literatura<\/h5>\n<p><strong>Fechas:<\/strong>Del lunes 8 de febrero al lunes 7 de abril<br \/>\n<strong>Horario:<\/strong> 15:30h-19:30h<br \/>\n<strong>Aula<\/strong>: 212<\/li>\n<\/ul>\n<\/div>\n","protected":false},"excerpt":{"rendered":"<p>Curso 2013-2014 Pod\u00e9is descargaros esta informaci\u00f3n en formato PDF 1er Cuatrimestre Principios y M\u00e9todos Fechas: Del lunes 30 de septiembre al lunes 27 de enero | Horario: 15:30h-19:30h Fechas: Del martes 1 de octubre al martes 28 de enero | Horario: 15:30h-17:30h Aula: 301 (lunes) | G1 304 y G2 301 (martes) Introducci\u00f3n a la [&hellip;]<\/p>\n","protected":false},"author":1,"featured_media":0,"parent":0,"menu_order":0,"comment_status":"open","ping_status":"open","template":"","meta":{"_et_pb_use_builder":"","_et_pb_old_content":"","_et_gb_content_width":"","footnotes":""},"class_list":["post-815","page","type-page","status-publish","hentry"],"_links":{"self":[{"href":"https:\/\/masters.filescat.uab.cat\/molelh\/wp-json\/wp\/v2\/pages\/815","targetHints":{"allow":["GET"]}}],"collection":[{"href":"https:\/\/masters.filescat.uab.cat\/molelh\/wp-json\/wp\/v2\/pages"}],"about":[{"href":"https:\/\/masters.filescat.uab.cat\/molelh\/wp-json\/wp\/v2\/types\/page"}],"author":[{"embeddable":true,"href":"https:\/\/masters.filescat.uab.cat\/molelh\/wp-json\/wp\/v2\/users\/1"}],"replies":[{"embeddable":true,"href":"https:\/\/masters.filescat.uab.cat\/molelh\/wp-json\/wp\/v2\/comments?post=815"}],"version-history":[{"count":0,"href":"https:\/\/masters.filescat.uab.cat\/molelh\/wp-json\/wp\/v2\/pages\/815\/revisions"}],"wp:attachment":[{"href":"https:\/\/masters.filescat.uab.cat\/molelh\/wp-json\/wp\/v2\/media?parent=815"}],"curies":[{"name":"wp","href":"https:\/\/api.w.org\/{rel}","templated":true}]}}