{"id":78,"date":"2013-05-01T00:00:48","date_gmt":"2013-05-01T00:00:48","guid":{"rendered":"http:\/\/158.109.159.121\/webs\/portal\/molelh\/?page_id=78"},"modified":"2025-11-18T13:52:36","modified_gmt":"2025-11-18T12:52:36","slug":"plan-de-estudios","status":"publish","type":"page","link":"https:\/\/masters.filescat.uab.cat\/molelh\/plan-de-estudios\/","title":{"rendered":"Plan de estudios"},"content":{"rendered":"<h4>Descripci\u00f3n del m\u00e1ster<\/h4>\n<p>Los 60 cr\u00e9ditos del m\u00e1ster se estructuran 30 cr\u00e9ditos obligatorios y 30 cr\u00e9ditos optativos que se distribuyen de la siguiente forma:<\/p>\n<ul>\n<li>Un m\u00f3dulo de 15 cr\u00e9ditos obligatorios en el que se abordan los contenidos b\u00e1sicos de los estudios<\/li>\n<li>Un m\u00f3dulo de 15 cr\u00e9ditos obligatorios que corresponde al Trabajo de fin del m\u00e1ster<\/li>\n<li>Nueve m\u00f3dulos optativos de 6 cr\u00e9ditos cada uno. El estudiante debe cursar 5 de estos m\u00f3dulos hasta llegar a totalizar los 30 cr\u00e9ditos optativos<\/li>\n<\/ul>\n<h4>Estructura del plan de estudios<\/h4>\n<table class=\"table table-striped\">\n<tbody>\n<tr class=\"gris\">\n<td><strong>Denominaci\u00f3n de la asignatura<\/strong><\/td>\n<td align=\"center\"><strong>Cr\u00e9ditos<\/strong><\/td>\n<td align=\"center\"><strong>Car\u00e1cter<\/strong><\/td>\n<\/tr>\n<tr>\n<td>Principios y M\u00e9todos<\/td>\n<td align=\"center\">15<\/td>\n<td align=\"center\">OB<\/td>\n<\/tr>\n<tr class=\"gris\">\n<td>Trabajo de Fin de M\u00e1ster<\/td>\n<td align=\"center\">15<\/td>\n<td align=\"center\">OB<\/td>\n<\/tr>\n<tr>\n<td>Am\u00e9rica Latina: Lengua y Literatura<\/td>\n<td align=\"center\">6<\/td>\n<td align=\"center\">OT*<\/td>\n<\/tr>\n<tr class=\"gris\">\n<td>Aspectos Sistem\u00e1ticos del Espa\u00f1ol<\/td>\n<td align=\"center\">6<\/td>\n<td align=\"center\">OT*<\/td>\n<\/tr>\n<tr>\n<td>Cr\u00edtica Textual<\/td>\n<td align=\"center\">6<\/td>\n<td align=\"center\">OT*<\/td>\n<\/tr>\n<tr class=\"gris\">\n<td>Discurso y Variaci\u00f3n en Espa\u00f1ol<\/td>\n<td align=\"center\">6<\/td>\n<td align=\"center\">OT*<\/td>\n<\/tr>\n<tr>\n<td>El Espa\u00f1ol: Norma y Uso<\/td>\n<td align=\"center\">6<\/td>\n<td align=\"center\">OT*<\/td>\n<\/tr>\n<tr class=\"gris\">\n<td>ELE: Lengua y Literatura<\/td>\n<td align=\"center\">6<\/td>\n<td align=\"center\">OT*<\/td>\n<\/tr>\n<tr>\n<td>Introducci\u00f3n a la Investigaci\u00f3n en Lengua y Literatura<\/td>\n<td align=\"center\">6<\/td>\n<td align=\"center\">OT*<\/td>\n<\/tr>\n<tr class=\"gris\">\n<td>Literatura, Cultura y Sociedad<\/td>\n<td align=\"center\">6<\/td>\n<td align=\"center\">OT*<\/td>\n<\/tr>\n<tr>\n<td>Tradiciones Literarias<\/td>\n<td align=\"center\">6<\/td>\n<td align=\"center\">OT*<\/td>\n<\/tr>\n<\/tbody>\n<\/table>\n<p>* Optativos, se tienen que cursar 18 cr\u00e9ditos en el primer semestre y 12 en el segundo<\/p>\n<p>OB: Obligatorios<br \/>\nOT: Optativos<\/p>\n","protected":false},"excerpt":{"rendered":"<p>Descripci\u00f3n del m\u00e1ster Los 60 cr\u00e9ditos del m\u00e1ster se estructuran 30 cr\u00e9ditos obligatorios y 30 cr\u00e9ditos optativos que se distribuyen de la siguiente forma: Un m\u00f3dulo de 15 cr\u00e9ditos obligatorios en el que se abordan los contenidos b\u00e1sicos de los estudios Un m\u00f3dulo de 15 cr\u00e9ditos obligatorios que corresponde al Trabajo de fin del m\u00e1ster [&hellip;]<\/p>\n","protected":false},"author":1,"featured_media":0,"parent":0,"menu_order":0,"comment_status":"closed","ping_status":"closed","template":"","meta":{"_et_pb_use_builder":"","_et_pb_old_content":"","_et_gb_content_width":"","footnotes":""},"class_list":["post-78","page","type-page","status-publish","hentry"],"_links":{"self":[{"href":"https:\/\/masters.filescat.uab.cat\/molelh\/wp-json\/wp\/v2\/pages\/78","targetHints":{"allow":["GET"]}}],"collection":[{"href":"https:\/\/masters.filescat.uab.cat\/molelh\/wp-json\/wp\/v2\/pages"}],"about":[{"href":"https:\/\/masters.filescat.uab.cat\/molelh\/wp-json\/wp\/v2\/types\/page"}],"author":[{"embeddable":true,"href":"https:\/\/masters.filescat.uab.cat\/molelh\/wp-json\/wp\/v2\/users\/1"}],"replies":[{"embeddable":true,"href":"https:\/\/masters.filescat.uab.cat\/molelh\/wp-json\/wp\/v2\/comments?post=78"}],"version-history":[{"count":2,"href":"https:\/\/masters.filescat.uab.cat\/molelh\/wp-json\/wp\/v2\/pages\/78\/revisions"}],"predecessor-version":[{"id":1649,"href":"https:\/\/masters.filescat.uab.cat\/molelh\/wp-json\/wp\/v2\/pages\/78\/revisions\/1649"}],"wp:attachment":[{"href":"https:\/\/masters.filescat.uab.cat\/molelh\/wp-json\/wp\/v2\/media?parent=78"}],"curies":[{"name":"wp","href":"https:\/\/api.w.org\/{rel}","templated":true}]}}