{"id":53,"date":"2013-05-01T00:00:14","date_gmt":"2013-05-01T00:00:14","guid":{"rendered":"http:\/\/158.109.159.121\/webs\/portal\/molelh\/?page_id=53"},"modified":"2025-11-18T13:28:23","modified_gmt":"2025-11-18T12:28:23","slug":"acceso","status":"publish","type":"page","link":"https:\/\/masters.filescat.uab.cat\/molelh\/acceso\/","title":{"rendered":"Acceso"},"content":{"rendered":"<p><img loading=\"lazy\" decoding=\"async\" class=\"alignnone wp-image-1218 size-full\" src=\"https:\/\/masters.filescat.uab.cat\/molelh\/wp-content\/uploads\/sites\/3\/2019\/01\/slide-inici04.jpg\" alt=\"\" width=\"1080\" height=\"360\" srcset=\"https:\/\/masters.filescat.uab.cat\/molelh\/wp-content\/uploads\/sites\/3\/2019\/01\/slide-inici04.jpg 1080w, https:\/\/masters.filescat.uab.cat\/molelh\/wp-content\/uploads\/sites\/3\/2019\/01\/slide-inici04-300x100.jpg 300w, https:\/\/masters.filescat.uab.cat\/molelh\/wp-content\/uploads\/sites\/3\/2019\/01\/slide-inici04-768x256.jpg 768w, https:\/\/masters.filescat.uab.cat\/molelh\/wp-content\/uploads\/sites\/3\/2019\/01\/slide-inici04-1024x341.jpg 1024w\" sizes=\"(max-width: 1080px) 100vw, 1080px\" \/><\/p>\n<h4>Acceso<\/h4>\n<p>Para acceder a este m\u00e1ster se requiere estar en posesi\u00f3n de un t\u00edtulo universitario oficial espa\u00f1ol u otro expedido por una instituci\u00f3n de educaci\u00f3n superior del Espacio Europeo de Educaci\u00f3n Superior o extracomunitario que faculte en el pa\u00eds expedidor del t\u00edtulo para el acceso a ense\u00f1anzas de m\u00e1ster.<\/p>\n<h4>Requisitos de admisi\u00f3n<\/h4>\n<p>Los requisitos de admisi\u00f3n son los siguientes:<\/p>\n<p>1. Estar en posesi\u00f3n de un t\u00edtulo de licenciatura o grado preferentemente en el \u00e1mbito de la lengua y literatura espa\u00f1olas o equivalentes, pero tambi\u00e9n se considerar\u00e1 la admisi\u00f3n de titulados en el \u00e1mbito de otras lenguas rom\u00e1nicas o en otras titulaciones del \u00e1mbito de las Artes y las Humanidades, y del Periodismo y de las Ciencias de la Comunicaci\u00f3n.<\/p>\n<p>2. En el caso de los estudiantes extranjeros se solicita que acrediten su conocimiento de la lengua espa\u00f1ola mediante la presentaci\u00f3n del diploma de DELE (nivel B2 o nivel C1) o bien, que realicen los ex\u00e1menes ad hoc que la UAB prepara a trav\u00e9s del Servei de Lleng\u00fces.<\/p>\n<p>Si la coordinaci\u00f3n del m\u00e1ster lo considera oportuno, a la vista de la documentaci\u00f3n presentada por los solicitantes, podr\u00e1 requerir que los alumnos admitidos cursen un m\u00e1ximo de 15 cr\u00e9ditos de complementos de formaci\u00f3n en el \u00e1mbito de la lengua y la literatura espa\u00f1ola.<\/p>\n<h4>Criterios de selecci\u00f3n<\/h4>\n<p>En el caso que el n\u00famero de inscritos supere el de plazas ofrecidas, la adjudicaci\u00f3n de plazas se realizar\u00e1 de acuerdo con los siguientes criterios de prelaci\u00f3n:<\/p>\n<ul>\n<li>Adecuaci\u00f3n de la titulaci\u00f3n de grado\/licenciatura en el \u00e1mbito de la Filolog\u00eda Espa\u00f1ola: 30%<\/li>\n<li>Expediente acad\u00e9mico:\u00a0 40%<\/li>\n<li>Curr\u00edculum vitae: 30%<\/li>\n<\/ul>\n<p>En caso necesario podr\u00e1n realizarse entrevistas personalizadas como complemento del proceso de selecci\u00f3n.<\/p>\n<h4>Complementos de formaci\u00f3n<\/h4>\n<p>La comisi\u00f3n de m\u00e1ster, a la vista de la documentaci\u00f3n presentada por los solicitantes, podr\u00e1 requerir que algunos alumnos cursen un m\u00e1ximo de 15 cr\u00e9ditos de complementos de formaci\u00f3n en el \u00e1mbito de la Lengua y la Literatura Espa\u00f1ola. Se trata de formaci\u00f3n b\u00e1sica que ha de otorgar una base com\u00fan en estos \u00e1mbitos, a partir de la cual impartir los conocimientos previstos en el m\u00e1ster.<\/p>\n<p>Las asignaturas designadas para tal fin son:<\/p>\n<ul>\n<li>Idioma Castellano para Traductores e Int\u00e9rpretes 1, 9 cr\u00e9ditos<\/li>\n<li>Literatura Espa\u00f1ola, 6 cr\u00e9ditos<\/li>\n<li>Literatura Espa\u00f1ola y Espa\u00f1ol Cient\u00edfico, 9 cr\u00e9ditos<\/li>\n<\/ul>\n","protected":false},"excerpt":{"rendered":"<p>Acceso Para acceder a este m\u00e1ster se requiere estar en posesi\u00f3n de un t\u00edtulo universitario oficial espa\u00f1ol u otro expedido por una instituci\u00f3n de educaci\u00f3n superior del Espacio Europeo de Educaci\u00f3n Superior o extracomunitario que faculte en el pa\u00eds expedidor del t\u00edtulo para el acceso a ense\u00f1anzas de m\u00e1ster. Requisitos de admisi\u00f3n Los requisitos de [&hellip;]<\/p>\n","protected":false},"author":1,"featured_media":0,"parent":0,"menu_order":0,"comment_status":"closed","ping_status":"closed","template":"","meta":{"_et_pb_use_builder":"","_et_pb_old_content":"","_et_gb_content_width":"","footnotes":""},"class_list":["post-53","page","type-page","status-publish","hentry"],"_links":{"self":[{"href":"https:\/\/masters.filescat.uab.cat\/molelh\/wp-json\/wp\/v2\/pages\/53","targetHints":{"allow":["GET"]}}],"collection":[{"href":"https:\/\/masters.filescat.uab.cat\/molelh\/wp-json\/wp\/v2\/pages"}],"about":[{"href":"https:\/\/masters.filescat.uab.cat\/molelh\/wp-json\/wp\/v2\/types\/page"}],"author":[{"embeddable":true,"href":"https:\/\/masters.filescat.uab.cat\/molelh\/wp-json\/wp\/v2\/users\/1"}],"replies":[{"embeddable":true,"href":"https:\/\/masters.filescat.uab.cat\/molelh\/wp-json\/wp\/v2\/comments?post=53"}],"version-history":[{"count":3,"href":"https:\/\/masters.filescat.uab.cat\/molelh\/wp-json\/wp\/v2\/pages\/53\/revisions"}],"predecessor-version":[{"id":1639,"href":"https:\/\/masters.filescat.uab.cat\/molelh\/wp-json\/wp\/v2\/pages\/53\/revisions\/1639"}],"wp:attachment":[{"href":"https:\/\/masters.filescat.uab.cat\/molelh\/wp-json\/wp\/v2\/media?parent=53"}],"curies":[{"name":"wp","href":"https:\/\/api.w.org\/{rel}","templated":true}]}}