{"id":47,"date":"2013-05-01T00:00:37","date_gmt":"2013-05-01T00:00:37","guid":{"rendered":"http:\/\/158.109.159.121\/webs\/portal\/molelh\/?page_id=47"},"modified":"2025-11-18T13:16:41","modified_gmt":"2025-11-18T12:16:41","slug":"objetivos","status":"publish","type":"page","link":"https:\/\/masters.filescat.uab.cat\/molelh\/objetivos\/","title":{"rendered":"Objetivos"},"content":{"rendered":"<p><img loading=\"lazy\" decoding=\"async\" class=\"alignnone wp-image-1217 size-full\" src=\"https:\/\/masters.filescat.uab.cat\/molelh\/wp-content\/uploads\/sites\/3\/2019\/01\/slide-inici02.jpg\" alt=\"\" width=\"1080\" height=\"360\" srcset=\"https:\/\/masters.filescat.uab.cat\/molelh\/wp-content\/uploads\/sites\/3\/2019\/01\/slide-inici02.jpg 1080w, https:\/\/masters.filescat.uab.cat\/molelh\/wp-content\/uploads\/sites\/3\/2019\/01\/slide-inici02-300x100.jpg 300w, https:\/\/masters.filescat.uab.cat\/molelh\/wp-content\/uploads\/sites\/3\/2019\/01\/slide-inici02-768x256.jpg 768w, https:\/\/masters.filescat.uab.cat\/molelh\/wp-content\/uploads\/sites\/3\/2019\/01\/slide-inici02-1024x341.jpg 1024w\" sizes=\"(max-width: 1080px) 100vw, 1080px\" \/><\/p>\n<p>El m\u00e1ster tiene como objetivo formar profesionales para un mercado laboral que incluye a todos los pa\u00edses hispanohablantes, cuya demanda ha experimentado un fuerte crecimiento en los \u00faltimos a\u00f1os.<\/p>\n<p>Las posibilidades de inserci\u00f3n laboral para un titulado en este m\u00e1ster son muchas y muy diversas:<\/p>\n<ul>\n<li>La ense\u00f1anza de la lengua espa\u00f1ola y la literatura hisp\u00e1nica.<\/li>\n<li>La gesti\u00f3n cultural.<\/li>\n<li>Las diversas labores editoriales: correcci\u00f3n de pruebas y de estilo, edici\u00f3n, producci\u00f3n, composici\u00f3n, maquetaci\u00f3n.<\/li>\n<li>La elaboraci\u00f3n de diccionarios, manuales de ense\u00f1anza y otras herramientas did\u00e1cticas.<\/li>\n<li>La redacci\u00f3n period\u00edstica o publicitaria.<\/li>\n<li>La traducci\u00f3n y la interpretaci\u00f3n, oral y escrita, comercial y literaria.<\/li>\n<li>La cr\u00edtica literaria.<\/li>\n<li>La gesti\u00f3n de talleres de escritura y afines.<\/li>\n<\/ul>\n<p>Adem\u00e1s, el estudiante estar\u00e1 perfectamente preparado, una vez finalizado el m\u00e1ster, para poder desarrollar una investigaci\u00f3n que tenga como objetivo final la redacci\u00f3n de la tesis doctoral.<\/p>\n","protected":false},"excerpt":{"rendered":"<p>El m\u00e1ster tiene como objetivo formar profesionales para un mercado laboral que incluye a todos los pa\u00edses hispanohablantes, cuya demanda ha experimentado un fuerte crecimiento en los \u00faltimos a\u00f1os. Las posibilidades de inserci\u00f3n laboral para un titulado en este m\u00e1ster son muchas y muy diversas: La ense\u00f1anza de la lengua espa\u00f1ola y la literatura hisp\u00e1nica. [&hellip;]<\/p>\n","protected":false},"author":1,"featured_media":0,"parent":0,"menu_order":0,"comment_status":"closed","ping_status":"closed","template":"","meta":{"_et_pb_use_builder":"","_et_pb_old_content":"","_et_gb_content_width":"","footnotes":""},"class_list":["post-47","page","type-page","status-publish","hentry"],"_links":{"self":[{"href":"https:\/\/masters.filescat.uab.cat\/molelh\/wp-json\/wp\/v2\/pages\/47","targetHints":{"allow":["GET"]}}],"collection":[{"href":"https:\/\/masters.filescat.uab.cat\/molelh\/wp-json\/wp\/v2\/pages"}],"about":[{"href":"https:\/\/masters.filescat.uab.cat\/molelh\/wp-json\/wp\/v2\/types\/page"}],"author":[{"embeddable":true,"href":"https:\/\/masters.filescat.uab.cat\/molelh\/wp-json\/wp\/v2\/users\/1"}],"replies":[{"embeddable":true,"href":"https:\/\/masters.filescat.uab.cat\/molelh\/wp-json\/wp\/v2\/comments?post=47"}],"version-history":[{"count":3,"href":"https:\/\/masters.filescat.uab.cat\/molelh\/wp-json\/wp\/v2\/pages\/47\/revisions"}],"predecessor-version":[{"id":1637,"href":"https:\/\/masters.filescat.uab.cat\/molelh\/wp-json\/wp\/v2\/pages\/47\/revisions\/1637"}],"wp:attachment":[{"href":"https:\/\/masters.filescat.uab.cat\/molelh\/wp-json\/wp\/v2\/media?parent=47"}],"curies":[{"name":"wp","href":"https:\/\/api.w.org\/{rel}","templated":true}]}}