{"id":45,"date":"2013-05-01T00:00:14","date_gmt":"2013-05-01T00:00:14","guid":{"rendered":"http:\/\/158.109.159.121\/webs\/portal\/molelh\/?page_id=45"},"modified":"2025-11-18T13:16:37","modified_gmt":"2025-11-18T12:16:37","slug":"presentacion","status":"publish","type":"page","link":"https:\/\/masters.filescat.uab.cat\/molelh\/presentacion\/","title":{"rendered":"Presentaci\u00f3n"},"content":{"rendered":"<h3><img loading=\"lazy\" decoding=\"async\" class=\"alignnone wp-image-1216 size-full\" src=\"https:\/\/masters.filescat.uab.cat\/molelh\/wp-content\/uploads\/sites\/3\/2019\/01\/slide-inici01.jpg\" alt=\"\" width=\"1080\" height=\"360\" srcset=\"https:\/\/masters.filescat.uab.cat\/molelh\/wp-content\/uploads\/sites\/3\/2019\/01\/slide-inici01.jpg 1080w, https:\/\/masters.filescat.uab.cat\/molelh\/wp-content\/uploads\/sites\/3\/2019\/01\/slide-inici01-300x100.jpg 300w, https:\/\/masters.filescat.uab.cat\/molelh\/wp-content\/uploads\/sites\/3\/2019\/01\/slide-inici01-768x256.jpg 768w, https:\/\/masters.filescat.uab.cat\/molelh\/wp-content\/uploads\/sites\/3\/2019\/01\/slide-inici01-1024x341.jpg 1024w\" sizes=\"(max-width: 1080px) 100vw, 1080px\" \/><\/h3>\n<h3>El m\u00e1ster<\/h3>\n<p>El <strong>M\u00e1ster Oficial en Lengua Espa\u00f1ola, Literatura Hisp\u00e1nica y Espa\u00f1ol com Lengua Extranjera<\/strong>\u00a0es el \u00fanico programa de las universidades espa\u00f1olas que da una visi\u00f3n de conjunto de la lengua espa\u00f1ola, de la literatura hisp\u00e1nica y del espa\u00f1ol como lengua extranjera.<\/p>\n<p>Te podr\u00e1s formar como investigador para acceder a becas que te permitir\u00e1n preparar una tesis doctoral en cualquier \u00e1mbito del panhispanismo.<\/p>\n<p>Adquirir\u00e1s una preparaci\u00f3n que te permitir\u00e1 difundir, como profesor, la lengua y la cultura hisp\u00e1nicas en cualquier lugar del mundo.<\/p>\n<p>Podr\u00e1s hacer estancias complementarias de formaci\u00f3n en muchas universidades de varios pa\u00edses interesados en la lengua y la literatura hisp\u00e1nicas.<\/p>\n<p>El m\u00e1ster tiene la acreditaci\u00f3n de calidad otorgada por la AQU y la acreditaci\u00f3n de la dimensi\u00f3n adicional de la interacci\u00f3n entre docencia e investigaci\u00f3n.<\/p>\n<p>El profesorado del m\u00e1ster tiene un prestigio internacional reconocido en el \u00e1mbito de especializaci\u00f3n de cada equipo de investigaci\u00f3n, y desarrolla proyectos en los diferentes \u00e1mbitos del panhispanismo en los que te podr\u00e1s integrar.<\/p>\n","protected":false},"excerpt":{"rendered":"<p>El m\u00e1ster El M\u00e1ster Oficial en Lengua Espa\u00f1ola, Literatura Hisp\u00e1nica y Espa\u00f1ol com Lengua Extranjera\u00a0es el \u00fanico programa de las universidades espa\u00f1olas que da una visi\u00f3n de conjunto de la lengua espa\u00f1ola, de la literatura hisp\u00e1nica y del espa\u00f1ol como lengua extranjera. Te podr\u00e1s formar como investigador para acceder a becas que te permitir\u00e1n preparar [&hellip;]<\/p>\n","protected":false},"author":1,"featured_media":0,"parent":0,"menu_order":0,"comment_status":"closed","ping_status":"closed","template":"","meta":{"_et_pb_use_builder":"","_et_pb_old_content":"","_et_gb_content_width":"","footnotes":""},"class_list":["post-45","page","type-page","status-publish","hentry"],"_links":{"self":[{"href":"https:\/\/masters.filescat.uab.cat\/molelh\/wp-json\/wp\/v2\/pages\/45","targetHints":{"allow":["GET"]}}],"collection":[{"href":"https:\/\/masters.filescat.uab.cat\/molelh\/wp-json\/wp\/v2\/pages"}],"about":[{"href":"https:\/\/masters.filescat.uab.cat\/molelh\/wp-json\/wp\/v2\/types\/page"}],"author":[{"embeddable":true,"href":"https:\/\/masters.filescat.uab.cat\/molelh\/wp-json\/wp\/v2\/users\/1"}],"replies":[{"embeddable":true,"href":"https:\/\/masters.filescat.uab.cat\/molelh\/wp-json\/wp\/v2\/comments?post=45"}],"version-history":[{"count":3,"href":"https:\/\/masters.filescat.uab.cat\/molelh\/wp-json\/wp\/v2\/pages\/45\/revisions"}],"predecessor-version":[{"id":1635,"href":"https:\/\/masters.filescat.uab.cat\/molelh\/wp-json\/wp\/v2\/pages\/45\/revisions\/1635"}],"wp:attachment":[{"href":"https:\/\/masters.filescat.uab.cat\/molelh\/wp-json\/wp\/v2\/media?parent=45"}],"curies":[{"name":"wp","href":"https:\/\/api.w.org\/{rel}","templated":true}]}}