{"id":1650,"date":"2025-11-18T14:00:31","date_gmt":"2025-11-18T13:00:31","guid":{"rendered":"https:\/\/masters.filescat.uab.cat\/molelh\/?page_id=1650"},"modified":"2025-11-18T14:05:13","modified_gmt":"2025-11-18T13:05:13","slug":"asignaturas-curso-2025-2026","status":"publish","type":"page","link":"https:\/\/masters.filescat.uab.cat\/molelh\/asignaturas-curso-2025-2026\/","title":{"rendered":"Asignaturas curso 2025-2026"},"content":{"rendered":"<h4>Gu\u00edas docentes<\/h4>\n<nav id=\"navegacio\" class=\"menu\" aria-label=\"Men\u00fa de navegaci\u00f3n principal\">\n<div class=\"d-none d-lg-block\">Las gu\u00edas docentes que tienen la indicaci\u00f3n de cursos anteriores entre par\u00e9ntesis corresponden a asignaturas no programadas o bien con la gu\u00eda docente pendiente de actualizaci\u00f3n. Si la gu\u00eda docente de alguna asignatura programada no aparece se deber\u00eda ir a buscarla al <a href=\"http:\/\/ddd.uab.cat\/collection\/matcur?ln=es\" target=\"_blank\" rel=\"noopener\">Dep\u00f3sito Digital de Documentos<\/a>. La informaci\u00f3n completa de todas las asignaturas que conforman la titulaci\u00f3n se puede consultar en el apartado Plan de estudios.<\/div>\n<\/nav>\n<div id=\"main\" class=\"contingut\">\n<p>La informaci\u00f3n sobre las lenguas utilizadas en cada asignatura se puede consultar entrando en la gu\u00eda docente de cada asignatura.<\/p>\n<ul>\n<li><a href=\"https:\/\/guies.uab.cat\/guies_docents\/public\/portal\/html\/2025\/assignatura\/43012\/es\" target=\"_blank\" rel=\"noopener\">43012 &#8211; Principios y M\u00e9todos<\/a><\/li>\n<li><a href=\"https:\/\/guies.uab.cat\/guies_docents\/public\/portal\/html\/2025\/assignatura\/43022\/es\" target=\"_blank\" rel=\"noopener\">43022 &#8211; Trabajo de Fin de M\u00e1ster<\/a><\/li>\n<li><a href=\"https:\/\/guies.uab.cat\/guies_docents\/public\/portal\/html\/2025\/assignatura\/43017\/es\" target=\"_blank\" rel=\"noopener\">43017 &#8211; Am\u00e9rica Latina: Lengua y Literatura<\/a><\/li>\n<li><a href=\"https:\/\/guies.uab.cat\/guies_docents\/public\/portal\/html\/2025\/assignatura\/43013\/es\" target=\"_blank\" rel=\"noopener\">43013 &#8211; Aspectos Sistem\u00e1ticos del Espa\u00f1ol<\/a><\/li>\n<li><a href=\"https:\/\/guies.uab.cat\/guies_docents\/public\/portal\/html\/2024\/assignatura\/43015\/es\" target=\"_blank\" rel=\"noopener\">43015 &#8211; Discurso y Variaci\u00f3n en Espa\u00f1ol\u00a0(2024-25)<\/a><\/li>\n<li><a href=\"https:\/\/guies.uab.cat\/guies_docents\/public\/portal\/html\/2025\/assignatura\/43019\/es\" target=\"_blank\" rel=\"noopener\">43019 &#8211; El Espa\u00f1ol: Norma y Uso<\/a><\/li>\n<li><a href=\"https:\/\/guies.uab.cat\/guies_docents\/public\/portal\/html\/2025\/assignatura\/43016\/es\" target=\"_blank\" rel=\"noopener\">43016 &#8211; ELE: Lengua y Literatura<\/a><\/li>\n<li><a href=\"https:\/\/guies.uab.cat\/guies_docents\/public\/portal\/html\/2025\/assignatura\/43018\/es\" target=\"_blank\" rel=\"noopener\">43018 &#8211; Introducci\u00f3n a la Investigaci\u00f3n en Lengua y Literatura<\/a><\/li>\n<li><a href=\"https:\/\/guies.uab.cat\/guies_docents\/public\/portal\/html\/2025\/assignatura\/43020\/es\" target=\"_blank\" rel=\"noopener\">43020 &#8211; Literatura, Cultura y Sociedad<\/a><\/li>\n<li><a href=\"https:\/\/guies.uab.cat\/guies_docents\/public\/portal\/html\/2025\/assignatura\/43021\/es\" target=\"_blank\" rel=\"noopener\">43021 &#8211; Tradiciones Literarias<\/a><\/li>\n<\/ul>\n<\/div>\n<p>&nbsp;<\/p>\n","protected":false},"excerpt":{"rendered":"<p>Gu\u00edas docentes Las gu\u00edas docentes que tienen la indicaci\u00f3n de cursos anteriores entre par\u00e9ntesis corresponden a asignaturas no programadas o bien con la gu\u00eda docente pendiente de actualizaci\u00f3n. Si la gu\u00eda docente de alguna asignatura programada no aparece se deber\u00eda ir a buscarla al Dep\u00f3sito Digital de Documentos. La informaci\u00f3n completa de todas las asignaturas [&hellip;]<\/p>\n","protected":false},"author":1,"featured_media":0,"parent":0,"menu_order":0,"comment_status":"closed","ping_status":"closed","template":"","meta":{"_et_pb_use_builder":"","_et_pb_old_content":"","_et_gb_content_width":"","footnotes":""},"class_list":["post-1650","page","type-page","status-publish","hentry"],"_links":{"self":[{"href":"https:\/\/masters.filescat.uab.cat\/molelh\/wp-json\/wp\/v2\/pages\/1650","targetHints":{"allow":["GET"]}}],"collection":[{"href":"https:\/\/masters.filescat.uab.cat\/molelh\/wp-json\/wp\/v2\/pages"}],"about":[{"href":"https:\/\/masters.filescat.uab.cat\/molelh\/wp-json\/wp\/v2\/types\/page"}],"author":[{"embeddable":true,"href":"https:\/\/masters.filescat.uab.cat\/molelh\/wp-json\/wp\/v2\/users\/1"}],"replies":[{"embeddable":true,"href":"https:\/\/masters.filescat.uab.cat\/molelh\/wp-json\/wp\/v2\/comments?post=1650"}],"version-history":[{"count":4,"href":"https:\/\/masters.filescat.uab.cat\/molelh\/wp-json\/wp\/v2\/pages\/1650\/revisions"}],"predecessor-version":[{"id":1656,"href":"https:\/\/masters.filescat.uab.cat\/molelh\/wp-json\/wp\/v2\/pages\/1650\/revisions\/1656"}],"wp:attachment":[{"href":"https:\/\/masters.filescat.uab.cat\/molelh\/wp-json\/wp\/v2\/media?parent=1650"}],"curies":[{"name":"wp","href":"https:\/\/api.w.org\/{rel}","templated":true}]}}