{"id":1425,"date":"2019-07-15T09:06:34","date_gmt":"2019-07-15T09:06:34","guid":{"rendered":"https:\/\/masters.filescat.uab.cat\/molelh\/?page_id=1425"},"modified":"2022-04-26T08:26:58","modified_gmt":"2022-04-26T07:26:58","slug":"asignaturas-curso-2019-2020","status":"publish","type":"page","link":"https:\/\/masters.filescat.uab.cat\/molelh\/asignaturas-curso-2019-2020\/","title":{"rendered":"Asignaturas curso 2019-2020"},"content":{"rendered":"<h3>Curso 2019-2020 &#8211; Programa de las asignaturas<\/h3>\n<h5 style=\"text-align: left;\">Haciendo clic en el t\u00edtulo de las asignaturas acced\u00e9is a los programas del curso 2019-2020<\/h5>\n<div class='one_half'>\n\t\t\t\t\t<h4>1<sup>er<\/sup> Cuatrimestre<\/h4>\n<ul>\n<li>\n<h5><a href=\"https:\/\/masters.filescat.uab.cat\/molelh\/wp-content\/uploads\/sites\/3\/2019\/07\/principios-metodos_2019-2020.pdf\" target=\"_blank\" rel=\"noopener noreferrer\">Principios y M\u00e9todos<\/a><\/h5>\n<p><strong>Profesores<\/strong>:\nCoordinadora: Dolors Poch\nPara todos los alumnos juntos: ELE (Yolanda Rodr\u00edguez, Dolors Poch)\nTecnolog\u00edas: Joan Torruella\nGrupo 1: Jos\u00e9 Mar\u00eda Brucart, Francisca Montiel\nGrupo 2:Ana Paz, Omar Sanz<\/li>\n<li>\n<h5><a href=\"https:\/\/masters.filescat.uab.cat\/molelh\/wp-content\/uploads\/sites\/3\/2019\/07\/america-latina_lengua-literatura_2019-2020.pdf\" target=\"_blank\" rel=\"noopener noreferrer\">Am\u00e9rica Latina: Lengua y Literatura<\/a><\/h5>\n<p><strong>Profesores<\/strong>: Maria Ohannesian, Fernanda Bustamante<\/li>\n<li>\n<h5><a href=\"https:\/\/masters.filescat.uab.cat\/molelh\/wp-content\/uploads\/sites\/3\/2019\/07\/discurso-variacion-espanol_2019-2020.pdf\" target=\"_blank\" rel=\"noopener noreferrer\">Discurso y variaci\u00f3n en espa\u00f1ol<\/a><\/h5>\n<p><strong>Profesores<\/strong>: Cristina Buenafuentes, Carmen de la Mota<\/li>\n<li>\n<h5><a href=\"https:\/\/masters.filescat.uab.cat\/molelh\/wp-content\/uploads\/sites\/3\/2019\/07\/tradiciones-literarias_2019-2020.pdf\" target=\"_blank\" rel=\"noopener noreferrer\">Tradiciones literarias<\/a><\/h5>\n<p><strong>Profesores<\/strong>:\u00a0Montse Amores, Guillermo Ser\u00e9s<\/li>\n<li>\n<h5><a href=\"https:\/\/masters.filescat.uab.cat\/molelh\/wp-content\/uploads\/sites\/3\/2019\/07\/introduccion-investigacion_2019-2020.pdf\" target=\"_blank\" rel=\"noopener noreferrer\">Introducci\u00f3n a la Investigaci\u00f3n en Lengua y Literatura<\/a><\/h5>\n<p><strong>Profesores:\n<\/strong>Lengua: Gloria Claver\u00eda, \u00c1ngel Gallego\nLiteratura: Beatriz Ferr\u00fas, Gonzalo Pont\u00f3n<\/li>\n<li>\n<h5><a href=\"https:\/\/masters.filescat.uab.cat\/molelh\/wp-content\/uploads\/sites\/3\/2019\/07\/aspectos-sistematicos_2019-2020.pdf\" target=\"_blank\" rel=\"noopener noreferrer\">Aspectos sistem\u00e1ticos del espa\u00f1ol<\/a><\/h5>\n<p><strong>Profesores<\/strong>: Margarita Freixas, Matthias Raab<\/li>\n<\/ul>\n\t\t\t\t<\/div><br \/>\n<div class='one_half et_column_last'>\n\t\t\t\t\t<h4>2<sup>o<\/sup> Cuatrimestre<\/h4>\n<ul>\n<li>\n<h5><a href=\"https:\/\/masters.filescat.uab.cat\/molelh\/wp-content\/uploads\/sites\/3\/2019\/07\/ELE_lengua-literatura_2019-2020.pdf\" target=\"_blank\" rel=\"noopener noreferrer\">ELE: Lengua y Literatura<\/a><\/h5>\n<p><strong>Profesores<\/strong>: Mar\u00eda Machuca, Lourdes Miquel<\/li>\n<li>\n<h5><a href=\"https:\/\/masters.filescat.uab.cat\/molelh\/wp-content\/uploads\/sites\/3\/2019\/07\/literatura-cultura-sociedad_2019-2020.pdf\" target=\"_blank\" rel=\"noopener noreferrer\">Literatura, cultura y sociedad<\/a><\/h5>\n<p><strong>Profesores<\/strong>: Manuel Aznar, Jos\u00e9 Ram\u00f3n L\u00f3pez, Juan Rodr\u00edguez<\/li>\n<\/ul>\n\t\t\t\t<\/div><div class='clear'><\/div><\/p>\n","protected":false},"excerpt":{"rendered":"<p>Curso 2019-2020 &#8211; Programa de las asignaturas Haciendo clic en el t\u00edtulo de las asignaturas acced\u00e9is a los programas del curso 2019-2020<\/p>\n","protected":false},"author":1,"featured_media":0,"parent":0,"menu_order":0,"comment_status":"closed","ping_status":"closed","template":"","meta":{"_et_pb_use_builder":"","_et_pb_old_content":"","_et_gb_content_width":"","footnotes":""},"class_list":["post-1425","page","type-page","status-publish","hentry"],"_links":{"self":[{"href":"https:\/\/masters.filescat.uab.cat\/molelh\/wp-json\/wp\/v2\/pages\/1425","targetHints":{"allow":["GET"]}}],"collection":[{"href":"https:\/\/masters.filescat.uab.cat\/molelh\/wp-json\/wp\/v2\/pages"}],"about":[{"href":"https:\/\/masters.filescat.uab.cat\/molelh\/wp-json\/wp\/v2\/types\/page"}],"author":[{"embeddable":true,"href":"https:\/\/masters.filescat.uab.cat\/molelh\/wp-json\/wp\/v2\/users\/1"}],"replies":[{"embeddable":true,"href":"https:\/\/masters.filescat.uab.cat\/molelh\/wp-json\/wp\/v2\/comments?post=1425"}],"version-history":[{"count":3,"href":"https:\/\/masters.filescat.uab.cat\/molelh\/wp-json\/wp\/v2\/pages\/1425\/revisions"}],"predecessor-version":[{"id":1551,"href":"https:\/\/masters.filescat.uab.cat\/molelh\/wp-json\/wp\/v2\/pages\/1425\/revisions\/1551"}],"wp:attachment":[{"href":"https:\/\/masters.filescat.uab.cat\/molelh\/wp-json\/wp\/v2\/media?parent=1425"}],"curies":[{"name":"wp","href":"https:\/\/api.w.org\/{rel}","templated":true}]}}