{"id":606,"date":"2011-11-16T10:44:32","date_gmt":"2011-11-16T10:44:32","guid":{"rendered":"https:\/\/masters.filescat.uab.cat\/webs\/portal\/master\/?page_id=606"},"modified":"2025-07-04T11:35:29","modified_gmt":"2025-07-04T10:35:29","slug":"calendari-i-horaris","status":"publish","type":"page","link":"https:\/\/masters.filescat.uab.cat\/moiellc\/docencia\/calendari-i-horaris\/","title":{"rendered":"Calendari i horaris"},"content":{"rendered":"<p>[et_pb_section fb_built=&#8221;1&#8243; _builder_version=&#8221;4.16&#8243; global_colors_info=&#8221;{}&#8221;][et_pb_row _builder_version=&#8221;4.16&#8243; custom_margin=&#8221;0px||0px|&#8221; custom_padding=&#8221;0px||0px|&#8221; global_colors_info=&#8221;{}&#8221;][et_pb_column type=&#8221;4_4&#8243; _builder_version=&#8221;4.16&#8243; custom_padding=&#8221;|||&#8221; global_colors_info=&#8221;{}&#8221; custom_padding__hover=&#8221;|||&#8221;][et_pb_text _builder_version=&#8221;4.27.4&#8243; hover_enabled=&#8221;0&#8243; global_colors_info=&#8221;{}&#8221; sticky_enabled=&#8221;0&#8243;]<\/p>\n<h2>Horaris i aules per al curs 2025-2026<\/h2>\n<h3><a href=\"https:\/\/masters.filescat.uab.cat\/moiellc\/wp-content\/uploads\/sites\/4\/2025\/07\/assignatures-professorat_2025-2026.pdf\" target=\"_blank\" rel=\"noopener noreferrer\">Calendari i professorat per al curs 2025-2026<\/a><\/h3>\n<h2>Distribuci\u00f3 de les classes<\/h2>\n<p>[\/et_pb_text][\/et_pb_column][\/et_pb_row][et_pb_row column_structure=&#8221;1_2,1_2&#8243; _builder_version=&#8221;4.16&#8243; custom_margin=&#8221;0px|||&#8221; custom_padding=&#8221;0px|||&#8221; global_colors_info=&#8221;{}&#8221;][et_pb_column type=&#8221;1_2&#8243; _builder_version=&#8221;4.16&#8243; custom_padding=&#8221;|||&#8221; global_colors_info=&#8221;{}&#8221; custom_padding__hover=&#8221;|||&#8221;][et_pb_text _builder_version=&#8221;4.27.4&#8243; hover_enabled=&#8221;0&#8243; global_colors_info=&#8221;{}&#8221; sticky_enabled=&#8221;0&#8243;]<\/p>\n<h4>1r SEMESTRE<\/h4>\n<h6>La doc\u00e8ncia del 1r semestre es fa a la UAB (dilluns i dimecres) i a la UB (dimarts i dijous).<\/h6>\n<p>[\/et_pb_text][\/et_pb_column][et_pb_column type=&#8221;1_2&#8243; _builder_version=&#8221;4.16&#8243; custom_padding=&#8221;|||&#8221; global_colors_info=&#8221;{}&#8221; custom_padding__hover=&#8221;|||&#8221;][et_pb_text _builder_version=&#8221;4.27.4&#8243; hover_enabled=&#8221;0&#8243; global_colors_info=&#8221;{}&#8221; sticky_enabled=&#8221;0&#8243;]<\/p>\n<h4>2n SEMESTRE<\/h4>\n<h6>La doc\u00e8ncia de segon semestre es fa els dilluns a la UAB i els dimarts a la UB.<\/h6>\n<p>[\/et_pb_text][\/et_pb_column][\/et_pb_row][\/et_pb_section]<\/p>\n","protected":false},"excerpt":{"rendered":"<p>Horaris i aules per al curs 2025-2026 Calendari i professorat per al curs 2025-2026 Distribuci\u00f3 de les classes1r SEMESTRE La doc\u00e8ncia del 1r semestre es fa a la UAB (dilluns i dimecres) i a la UB (dimarts i dijous).2n SEMESTRE La doc\u00e8ncia de segon semestre es fa els dilluns a la UAB i els dimarts [&hellip;]<\/p>\n","protected":false},"author":1,"featured_media":0,"parent":153,"menu_order":0,"comment_status":"closed","ping_status":"closed","template":"","meta":{"_et_pb_use_builder":"on","_et_pb_old_content":"<h3>Horaris i aules per al curs \u00a02018-2019<\/h3>\r\n<h3><a href=\"https:\/\/masters.filescat.uab.cat\/moiellc\/wp-content\/uploads\/sites\/4\/2018\/10\/calendari-professorat_2018-19.pdf\" target=\"_blank\" rel=\"noopener\">Calendari i professorat per al curs 2018-2019<\/a><\/h3>\r\n<h4>Distribuci\u00f3 de les classes<\/h4>\r\n<div class=\"layout_1_2\">\r\n<div class=\"box_gray\">\r\n<h6><span class=\"dropcap2\">1r<\/span>La doc\u00e8ncia del 1r semestre es fa a la UAB (dilluns i dimecres) i a la UB (dimarts i dijous).<\/h6>\r\n<\/div>\r\n<\/div>\r\n<div class=\"layout_1_2\">\r\n<div class=\"box_gray\">\r\n<h6><span class=\"dropcap2\">2n<\/span>La presencial del segon semestre es fa a la UB (dilluns).<\/h6>\r\n<\/div>\r\n<\/div>","_et_gb_content_width":"","footnotes":""},"class_list":["post-606","page","type-page","status-publish","hentry"],"_links":{"self":[{"href":"https:\/\/masters.filescat.uab.cat\/moiellc\/wp-json\/wp\/v2\/pages\/606","targetHints":{"allow":["GET"]}}],"collection":[{"href":"https:\/\/masters.filescat.uab.cat\/moiellc\/wp-json\/wp\/v2\/pages"}],"about":[{"href":"https:\/\/masters.filescat.uab.cat\/moiellc\/wp-json\/wp\/v2\/types\/page"}],"author":[{"embeddable":true,"href":"https:\/\/masters.filescat.uab.cat\/moiellc\/wp-json\/wp\/v2\/users\/1"}],"replies":[{"embeddable":true,"href":"https:\/\/masters.filescat.uab.cat\/moiellc\/wp-json\/wp\/v2\/comments?post=606"}],"version-history":[{"count":8,"href":"https:\/\/masters.filescat.uab.cat\/moiellc\/wp-json\/wp\/v2\/pages\/606\/revisions"}],"predecessor-version":[{"id":3188,"href":"https:\/\/masters.filescat.uab.cat\/moiellc\/wp-json\/wp\/v2\/pages\/606\/revisions\/3188"}],"up":[{"embeddable":true,"href":"https:\/\/masters.filescat.uab.cat\/moiellc\/wp-json\/wp\/v2\/pages\/153"}],"wp:attachment":[{"href":"https:\/\/masters.filescat.uab.cat\/moiellc\/wp-json\/wp\/v2\/media?parent=606"}],"curies":[{"name":"wp","href":"https:\/\/api.w.org\/{rel}","templated":true}]}}