{"id":604,"date":"2011-11-16T10:44:13","date_gmt":"2011-11-16T10:44:13","guid":{"rendered":"https:\/\/masters.filescat.uab.cat\/webs\/portal\/master\/?page_id=604"},"modified":"2011-11-16T10:44:13","modified_gmt":"2011-11-16T10:44:13","slug":"professorat","status":"publish","type":"page","link":"https:\/\/masters.filescat.uab.cat\/moiellc\/docencia\/professorat\/","title":{"rendered":"Professorat"},"content":{"rendered":"<p>[et_pb_section fb_built=&#8221;1&#8243; _builder_version=&#8221;3.22&#8243;][et_pb_row _builder_version=&#8221;3.25&#8243; background_size=&#8221;initial&#8221; background_position=&#8221;top_left&#8221; background_repeat=&#8221;repeat&#8221;][et_pb_column type=&#8221;4_4&#8243; _builder_version=&#8221;3.0.47&#8243; custom_padding=&#8221;|||&#8221; custom_padding__hover=&#8221;|||&#8221;][et_pb_text _builder_version=&#8221;3.29.3&#8243; z_index_tablet=&#8221;500&#8243; text_text_shadow_horizontal_length_tablet=&#8221;0px&#8221; text_text_shadow_vertical_length_tablet=&#8221;0px&#8221; text_text_shadow_blur_strength_tablet=&#8221;1px&#8221; link_text_shadow_horizontal_length_tablet=&#8221;0px&#8221; link_text_shadow_vertical_length_tablet=&#8221;0px&#8221; link_text_shadow_blur_strength_tablet=&#8221;1px&#8221; ul_text_shadow_horizontal_length_tablet=&#8221;0px&#8221; ul_text_shadow_vertical_length_tablet=&#8221;0px&#8221; ul_text_shadow_blur_strength_tablet=&#8221;1px&#8221; ol_text_shadow_horizontal_length_tablet=&#8221;0px&#8221; ol_text_shadow_vertical_length_tablet=&#8221;0px&#8221; ol_text_shadow_blur_strength_tablet=&#8221;1px&#8221; quote_text_shadow_horizontal_length_tablet=&#8221;0px&#8221; quote_text_shadow_vertical_length_tablet=&#8221;0px&#8221; quote_text_shadow_blur_strength_tablet=&#8221;1px&#8221; header_text_shadow_horizontal_length_tablet=&#8221;0px&#8221; header_text_shadow_vertical_length_tablet=&#8221;0px&#8221; header_text_shadow_blur_strength_tablet=&#8221;1px&#8221; header_2_text_shadow_horizontal_length_tablet=&#8221;0px&#8221; header_2_text_shadow_vertical_length_tablet=&#8221;0px&#8221; header_2_text_shadow_blur_strength_tablet=&#8221;1px&#8221; header_3_text_shadow_horizontal_length_tablet=&#8221;0px&#8221; header_3_text_shadow_vertical_length_tablet=&#8221;0px&#8221; header_3_text_shadow_blur_strength_tablet=&#8221;1px&#8221; header_4_text_shadow_horizontal_length_tablet=&#8221;0px&#8221; header_4_text_shadow_vertical_length_tablet=&#8221;0px&#8221; header_4_text_shadow_blur_strength_tablet=&#8221;1px&#8221; header_5_text_shadow_horizontal_length_tablet=&#8221;0px&#8221; header_5_text_shadow_vertical_length_tablet=&#8221;0px&#8221; header_5_text_shadow_blur_strength_tablet=&#8221;1px&#8221; header_6_text_shadow_horizontal_length_tablet=&#8221;0px&#8221; header_6_text_shadow_vertical_length_tablet=&#8221;0px&#8221; header_6_text_shadow_blur_strength_tablet=&#8221;1px&#8221; box_shadow_horizontal_tablet=&#8221;0px&#8221; box_shadow_vertical_tablet=&#8221;0px&#8221; box_shadow_blur_tablet=&#8221;40px&#8221; box_shadow_spread_tablet=&#8221;0px&#8221;]<\/p>\n<h3>Curs 2019-2020<\/h3>\n<div class=\"layout_1_2\">\n<h3><span class=\"dropcap3\">A<\/span>Professorat de la UAB<\/h3>\n<div class=\"box_gray\">\n<ul>\n<li>Anna Bartra<\/li>\n<li>Albert Branchadell<\/li>\n<li>Llu\u00eds Cabr\u00e9<\/li>\n<li>Daniel Casals<\/li>\n<li>Enric Cassany<\/li>\n<li>Alejandro Coroleu<\/li>\n<li>M. Teresa Espinal<\/li>\n<li>Francesc J. G\u00f3mez<\/li>\n<li>Alfons Gonz\u00e0lez<\/li>\n<li>V\u00edctor Mart\u00ednez-Gil<\/li>\n<li>Mar Massanell<\/li>\n<li>Josep Pujol<\/li>\n<li>Daniel Recasens<\/li>\n<li>N\u00faria Santamaria<\/li>\n<li>F. Xavier Vall<\/li>\n<li>Xavier Villalba<\/li>\n<\/ul>\n<\/div>\n<\/div>\n<div class=\"layout_1_2\">\n<h3><span class=\"dropcap3\">B<\/span>Professorat de la UB<\/h3>\n<div class=\"box_gray\">\n<ul>\n<li>N\u00faria Alturo<\/li>\n<li>Lola Badia<\/li>\n<li>Emili Boix<\/li>\n<li>Josefina Carrera<\/li>\n<li>Josep M. Domingo<\/li>\n<li>Jordi Fortuny<\/li>\n<li>Neus Nogu\u00e9<\/li>\n<li>Cl\u00e0udia Pons<\/li>\n<li>Joan Santanach<\/li>\n<li>Albert Soler<\/li>\n<\/ul>\n<\/div>\n<\/div>\n<p>[\/et_pb_text][et_pb_text disabled_on=&#8221;on|on|on&#8221; _builder_version=&#8221;3.29.3&#8243; z_index_tablet=&#8221;500&#8243; text_text_shadow_horizontal_length_tablet=&#8221;0px&#8221; text_text_shadow_vertical_length_tablet=&#8221;0px&#8221; text_text_shadow_blur_strength_tablet=&#8221;1px&#8221; link_text_shadow_horizontal_length_tablet=&#8221;0px&#8221; link_text_shadow_vertical_length_tablet=&#8221;0px&#8221; link_text_shadow_blur_strength_tablet=&#8221;1px&#8221; ul_text_shadow_horizontal_length_tablet=&#8221;0px&#8221; ul_text_shadow_vertical_length_tablet=&#8221;0px&#8221; ul_text_shadow_blur_strength_tablet=&#8221;1px&#8221; ol_text_shadow_horizontal_length_tablet=&#8221;0px&#8221; ol_text_shadow_vertical_length_tablet=&#8221;0px&#8221; ol_text_shadow_blur_strength_tablet=&#8221;1px&#8221; quote_text_shadow_horizontal_length_tablet=&#8221;0px&#8221; quote_text_shadow_vertical_length_tablet=&#8221;0px&#8221; quote_text_shadow_blur_strength_tablet=&#8221;1px&#8221; header_text_shadow_horizontal_length_tablet=&#8221;0px&#8221; header_text_shadow_vertical_length_tablet=&#8221;0px&#8221; header_text_shadow_blur_strength_tablet=&#8221;1px&#8221; header_2_text_shadow_horizontal_length_tablet=&#8221;0px&#8221; header_2_text_shadow_vertical_length_tablet=&#8221;0px&#8221; header_2_text_shadow_blur_strength_tablet=&#8221;1px&#8221; header_3_text_shadow_horizontal_length_tablet=&#8221;0px&#8221; header_3_text_shadow_vertical_length_tablet=&#8221;0px&#8221; header_3_text_shadow_blur_strength_tablet=&#8221;1px&#8221; header_4_text_shadow_horizontal_length_tablet=&#8221;0px&#8221; header_4_text_shadow_vertical_length_tablet=&#8221;0px&#8221; header_4_text_shadow_blur_strength_tablet=&#8221;1px&#8221; header_5_text_shadow_horizontal_length_tablet=&#8221;0px&#8221; header_5_text_shadow_vertical_length_tablet=&#8221;0px&#8221; header_5_text_shadow_blur_strength_tablet=&#8221;1px&#8221; header_6_text_shadow_horizontal_length_tablet=&#8221;0px&#8221; header_6_text_shadow_vertical_length_tablet=&#8221;0px&#8221; header_6_text_shadow_blur_strength_tablet=&#8221;1px&#8221; box_shadow_horizontal_tablet=&#8221;0px&#8221; box_shadow_vertical_tablet=&#8221;0px&#8221; box_shadow_blur_tablet=&#8221;40px&#8221; box_shadow_spread_tablet=&#8221;0px&#8221; disabled=&#8221;on&#8221;]<\/p>\n<h3>Curs 2019-2020<\/h3>\n<h4><a href=\"https:\/\/masters.filescat.uab.cat\/moiellc\/wp-content\/uploads\/sites\/4\/2018\/05\/professorat_2018-19.pdf\" target=\"_blank\" rel=\"noopener noreferrer\"><em>Podeu descarregar-vos la llista de&nbsp;professors dels m\u00f2duls en format PDF<\/em><\/a><\/h4>\n<div class=\"layout_1_2\">\n<h3><span class=\"dropcap3\">A<\/span>Professorat de la UAB<\/h3>\n<div class=\"box_gray\">\n<ul>\n<li>Anna Bartra<\/li>\n<li>Albert Branchadell<\/li>\n<li>Llu\u00eds Cabr\u00e9<\/li>\n<li>Daniel Casals<\/li>\n<li>Enric Cassany<\/li>\n<li>Alejandro Coroleu<\/li>\n<li>M. Teresa Espinal<\/li>\n<li>Francesc J. G\u00f3mez<\/li>\n<li>Alfons Gonz\u00e0lez<\/li>\n<li>V\u00edctor Mart\u00ednez-Gil<\/li>\n<li>Mar Massanell<\/li>\n<li>Josep Pujol<\/li>\n<li>Daniel Recasens<\/li>\n<li>N\u00faria Santamaria<\/li>\n<li>F. Xavier Vall<\/li>\n<li>Xavier Villalba<\/li>\n<\/ul>\n<\/div>\n<\/div>\n<div class=\"layout_1_2\">\n<h3><span class=\"dropcap3\">B<\/span>Professorat de la UB<\/h3>\n<div class=\"box_gray\">\n<ul>\n<li>N\u00faria Alturo<\/li>\n<li>Lola Badia<\/li>\n<li>Emili Boix<\/li>\n<li>Josefina Carrera<\/li>\n<li>Josep M. Domingo<\/li>\n<li>Jordi Fortuny<\/li>\n<li>Neus Nogu\u00e9<\/li>\n<li>Cl\u00e0udia Pons<\/li>\n<li>Joan Santanach<\/li>\n<li>Albert Soler<\/li>\n<\/ul>\n<\/div>\n<\/div>\n<p>[\/et_pb_text][\/et_pb_column][\/et_pb_row][et_pb_row _builder_version=&#8221;3.25&#8243; background_size=&#8221;initial&#8221; background_position=&#8221;top_left&#8221; background_repeat=&#8221;repeat&#8221; column_structure=&#8221;1_2,1_2&#8243;][et_pb_column type=&#8221;1_2&#8243; _builder_version=&#8221;3.0.47&#8243; custom_padding=&#8221;|||&#8221; custom_padding__hover=&#8221;|||&#8221;][et_pb_blog posts_number=&#8221;100&#8243; include_categories=&#8221;21&#8243; meta_date=&#8221;j M, Y&#8221; show_content=&#8221;on&#8221; show_author=&#8221;off&#8221; show_date=&#8221;off&#8221; show_categories=&#8221;off&#8221; show_pagination=&#8221;off&#8221; use_overlay=&#8221;on&#8221; overlay_icon_color=&#8221;#ffffff&#8221; hover_overlay_color=&#8221;#7a9b4f&#8221; hover_icon=&#8221;%%180%%&#8221; _builder_version=&#8221;4.1&#8243; header_level=&#8221;h5&#8243; hover_enabled=&#8221;0&#8243; custom_css_content=&#8221;display:none!important;&#8221;][\/et_pb_blog][\/et_pb_column][et_pb_column type=&#8221;1_2&#8243; _builder_version=&#8221;3.0.47&#8243; custom_padding=&#8221;|||&#8221; custom_padding__hover=&#8221;|||&#8221;][et_pb_blog fullwidth=&#8221;off&#8221; include_categories=&#8221;20&#8243; meta_date=&#8221;j M, Y&#8221; show_author=&#8221;off&#8221; show_date=&#8221;off&#8221; show_categories=&#8221;off&#8221; _builder_version=&#8221;3.17.1&#8243;][\/et_pb_blog][\/et_pb_column][\/et_pb_row][\/et_pb_section]<\/p>\n","protected":false},"excerpt":{"rendered":"<p>Curs 2019-2020 AProfessorat de la UAB Anna Bartra Albert Branchadell Llu\u00eds Cabr\u00e9 Daniel Casals Enric Cassany Alejandro Coroleu M. Teresa Espinal Francesc J. G\u00f3mez Alfons Gonz\u00e0lez V\u00edctor Mart\u00ednez-Gil Mar Massanell Josep Pujol Daniel Recasens N\u00faria Santamaria F. Xavier Vall Xavier Villalba BProfessorat de la UB N\u00faria Alturo Lola Badia Emili Boix Josefina Carrera Josep M. [&hellip;]<\/p>\n","protected":false},"author":1,"featured_media":0,"parent":153,"menu_order":0,"comment_status":"closed","ping_status":"closed","template":"","meta":{"_et_pb_use_builder":"on","_et_pb_old_content":"<h3>Curs 2018-2019<\/h3>\n<h4><a href=\"https:\/\/masters.filescat.uab.cat\/moiellc\/wp-content\/uploads\/sites\/4\/2018\/05\/professorat_2018-19.pdf\" target=\"_blank\" rel=\"noopener noreferrer\"><em>Podeu descarregar-vos la llista de\u00a0professors dels m\u00f2duls en format PDF<\/em><\/a><\/h4>\n<div class=\"layout_1_2\">\n<h3><span class=\"dropcap3\">A<\/span>Professorat de la UAB<\/h3>\n<div class=\"box_gray\">\n<ul>\n\t<li>Anna Bartra<\/li>\n\t<li>Albert Branchadell<\/li>\n\t<li>Llu\u00eds Cabr\u00e9<\/li>\n\t<li>Daniel Casals<\/li>\n\t<li>Enric Cassany<\/li>\n\t<li>Alejandro Coroleu<\/li>\n\t<li>M. Teresa Espinal<\/li>\n\t<li>Francesc J. G\u00f3mez<\/li>\n\t<li>Alfons Gonz\u00e0lez<\/li>\n\t<li>V\u00edctor Mart\u00ednez-Gil<\/li>\n\t<li>Mar Massanell<\/li>\n\t<li>Josep Pujol<\/li>\n\t<li>Daniel Recasens<\/li>\n\t<li>N\u00faria Santamaria<\/li>\n\t<li>F. Xavier Vall<\/li>\n\t<li>Xavier Villalba<\/li>\n<\/ul>\n<\/div>\n<\/div>\n<div class=\"layout_1_2\">\n<h3><span class=\"dropcap3\">B<\/span>Professorat de la UB<\/h3>\n<div class=\"box_gray\">\n<ul>\n\t<li>N\u00faria Alturo<\/li>\n\t<li>Lola Badia<\/li>\n\t<li>Emili Boix<\/li>\n\t<li>Josefina Carrera<\/li>\n\t<li>Josep M. Domingo<\/li>\n\t<li>Jordi Fortuny<\/li>\n\t<li>Neus Nogu\u00e9<\/li>\n\t<li>Cl\u00e0udia Pons<\/li>\n\t<li>Joan Santanach<\/li>\n\t<li>Albert Soler<\/li>\n<\/ul>\n<\/div>\n<\/div>","_et_gb_content_width":"","footnotes":""},"class_list":["post-604","page","type-page","status-publish","hentry"],"_links":{"self":[{"href":"https:\/\/masters.filescat.uab.cat\/moiellc\/wp-json\/wp\/v2\/pages\/604","targetHints":{"allow":["GET"]}}],"collection":[{"href":"https:\/\/masters.filescat.uab.cat\/moiellc\/wp-json\/wp\/v2\/pages"}],"about":[{"href":"https:\/\/masters.filescat.uab.cat\/moiellc\/wp-json\/wp\/v2\/types\/page"}],"author":[{"embeddable":true,"href":"https:\/\/masters.filescat.uab.cat\/moiellc\/wp-json\/wp\/v2\/users\/1"}],"replies":[{"embeddable":true,"href":"https:\/\/masters.filescat.uab.cat\/moiellc\/wp-json\/wp\/v2\/comments?post=604"}],"version-history":[{"count":0,"href":"https:\/\/masters.filescat.uab.cat\/moiellc\/wp-json\/wp\/v2\/pages\/604\/revisions"}],"up":[{"embeddable":true,"href":"https:\/\/masters.filescat.uab.cat\/moiellc\/wp-json\/wp\/v2\/pages\/153"}],"wp:attachment":[{"href":"https:\/\/masters.filescat.uab.cat\/moiellc\/wp-json\/wp\/v2\/media?parent=604"}],"curies":[{"name":"wp","href":"https:\/\/api.w.org\/{rel}","templated":true}]}}