{"id":535,"date":"2011-11-16T08:57:02","date_gmt":"2011-11-16T08:57:02","guid":{"rendered":"https:\/\/masters.filescat.uab.cat\/webs\/portal\/master\/?page_id=535"},"modified":"2025-09-30T12:20:33","modified_gmt":"2025-09-30T11:20:33","slug":"guies-docents","status":"publish","type":"page","link":"https:\/\/masters.filescat.uab.cat\/moiellc\/docencia\/guies-docents\/","title":{"rendered":"Guies docents"},"content":{"rendered":"<p>[et_pb_section fb_built=&#8221;1&#8243; _builder_version=&#8221;4.16&#8243; global_colors_info=&#8221;{}&#8221;][et_pb_row _builder_version=&#8221;4.16&#8243; custom_margin=&#8221;0px|||&#8221; custom_padding=&#8221;0px|||&#8221; global_colors_info=&#8221;{}&#8221;][et_pb_column type=&#8221;4_4&#8243; _builder_version=&#8221;4.16&#8243; custom_padding=&#8221;|||&#8221; global_colors_info=&#8221;{}&#8221; custom_padding__hover=&#8221;|||&#8221;][et_pb_text _builder_version=&#8221;4.27.4&#8243; hover_enabled=&#8221;0&#8243; global_colors_info=&#8221;{}&#8221; sticky_enabled=&#8221;0&#8243;]<\/p>\n<h2 style=\"text-align: left;\">CURS 2025-2026<\/h2>\n<h4>Assignatures obligat\u00f2ries comunes a les dues especialitats<\/h4>\n<ul>\n<li><a href=\"https:\/\/ddd.uab.cat\/pub\/procur\/2025-26\/g45496a2025-26iCAT.pdf\" target=\"_blank\" rel=\"noopener\">A1 Instruments de filologia: tractament, edici\u00f3 i correcci\u00f3 de textos<\/a> (10 ECTS, 1r semestre)<\/li>\n<li><a href=\"https:\/\/ddd.uab.cat\/pub\/procur\/2025-26\/g45497a2025-26iCAT.pdf\" target=\"_blank\" rel=\"noopener\">A2 Metodologia de la recerca<\/a> (5 ECTS, 2n semestre)<\/li>\n<li><a href=\"https:\/\/ddd.uab.cat\/pub\/procur\/2025-26\/g45512a2025-26iCAT.pdf\" target=\"_blank\" rel=\"noopener\">A14 Treball de final de m\u00e0ster<\/a> (15 ECTS, 2n semestre)<\/li>\n<\/ul>\n<h4>Assignatures de l&#8217;especialitat de ling\u00fc\u00edstica catalana<\/h4>\n<ul>\n<li><a href=\"https:\/\/ddd.uab.cat\/pub\/procur\/2025-26\/g45501a2025-26iCAT.pdf\" target=\"_blank\" rel=\"noopener\">A6 Gram\u00e0tica i interf\u00edcies en el sistema ling\u00fc\u00edstic catal\u00e0<\/a> (5 ECTS, 1r semestre, obligat\u00f2ria d\u2019especialitat)<\/li>\n<li><a href=\"https:\/\/ddd.uab.cat\/pub\/procur\/2025-26\/g45502a2025-26iCAT.pdf\" target=\"_blank\" rel=\"noopener\">A7 Evoluci\u00f3 i variaci\u00f3 en la llengua catalana<\/a> (5 ECTS., 1r semestre, obligat\u00f2ria d\u2019especialitat)<\/li>\n<li><a href=\"https:\/\/ddd.uab.cat\/pub\/procur\/2025-26\/g45503a2025-26iCAT.pdf\" target=\"_blank\" rel=\"noopener\">A8 La llengua catalana en una societat multiling\u00fce i diversa<\/a> (5 ECTS, 1r semestre)<\/li>\n<li><a href=\"https:\/\/ddd.uab.cat\/pub\/procur\/2025-26\/g45505a2025-26iCAT.pdf\" target=\"_blank\" rel=\"noopener\">A10 Tractament i an\u00e0lisi de dades ling\u00fc\u00edstiques<\/a> (5 ECTS, 2n semestre)<\/li>\n<li><a href=\"https:\/\/ddd.uab.cat\/pub\/procur\/2025-26\/g45506a2025-26iCAT.pdf\" target=\"_blank\" rel=\"noopener\">A11 El catal\u00e0 com a llengua liter\u00e0ria<\/a> (5 ECTS, 2n semestre)<\/li>\n<\/ul>\n<h4><strong>Assignatures de l&#8217;especialitat de literatura catalana<\/strong><\/h4>\n<ul>\n<li><a href=\"https:\/\/ddd.uab.cat\/pub\/procur\/2025-26\/g45498a2025-26iCAT.pdf\" target=\"_blank\" rel=\"noopener\">A3 Recepci\u00f3 i innovaci\u00f3 en la literatura catalana<\/a> (5 ECTS, 1r semestre, obligat\u00f2ria d\u2019especialitat)<\/li>\n<li><a href=\"https:\/\/ddd.uab.cat\/pub\/procur\/2025-26\/g45499a2025-26iCAT.pdf\" target=\"_blank\" rel=\"noopener\">A4 \u00a0Orientacions i instruments per a l&#8217;estudi de la literatura catalana<\/a> (5 ECTS, 1r semestre, obligat\u00f2ria d\u2019especialitat)<\/li>\n<li><a href=\"https:\/\/ddd.uab.cat\/pub\/procur\/2025-26\/g45500a2025-26iCAT.pdf\" target=\"_blank\" rel=\"noopener\">A5 El sistema literari catal\u00e0: del manuscrit als nous formats<\/a> (5 ECTS, 1r semestre)<\/li>\n<li><a href=\"https:\/\/ddd.uab.cat\/pub\/procur\/2025-26\/g45504a2025-26iCAT.pdf\" target=\"_blank\" rel=\"noopener\">A9 Obra i lectura<\/a> (5 ECTS, 2n semestre)<\/li>\n<li><a href=\"https:\/\/ddd.uab.cat\/pub\/procur\/2025-26\/g45506a2025-26iCAT.pdf\" target=\"_blank\" rel=\"noopener\">A11 El catal\u00e0 com a llengua liter\u00e0ria<\/a> (5 ECTS, 2n semestre)<\/li>\n<\/ul>\n<h4><strong>Assignatures optatives sense especialitat<\/strong><\/h4>\n<ul>\n<li><a href=\"https:\/\/ddd.uab.cat\/pub\/procur\/2025-26\/g45510a2025-26iCAT.pdf\" target=\"_blank\" rel=\"noopener\">A12 Pr\u00e0ctiques professionals<\/a> (5 ECTS, 1r o 2n semestre)<\/li>\n<li><a href=\"https:\/\/ddd.uab.cat\/pub\/procur\/2025-26\/g45511a2025-26iCAT.pdf\" target=\"_blank\" rel=\"noopener\">A13\u00a0Pr\u00e0ctiques professionals avan\u00e7ades<\/a> (5 ECTS, 2n semestre)<\/li>\n<\/ul>\n<p>[\/et_pb_text][\/et_pb_column][\/et_pb_row][\/et_pb_section]<\/p>\n","protected":false},"excerpt":{"rendered":"<p>CURS 2025-2026 Assignatures obligat\u00f2ries comunes a les dues especialitats A1 Instruments de filologia: tractament, edici\u00f3 i correcci\u00f3 de textos (10 ECTS, 1r semestre) A2 Metodologia de la recerca (5 ECTS, 2n semestre) A14 Treball de final de m\u00e0ster (15 ECTS, 2n semestre) Assignatures de l&#8217;especialitat de ling\u00fc\u00edstica catalana A6 Gram\u00e0tica i interf\u00edcies en el sistema [&hellip;]<\/p>\n","protected":false},"author":1,"featured_media":0,"parent":153,"menu_order":0,"comment_status":"closed","ping_status":"closed","template":"","meta":{"_et_pb_use_builder":"on","_et_pb_old_content":"<h3>Curs 2017-2018<\/h3>\r\n<h4>M\u00f2duls obligatoris comuns (especialitats A i B)<\/h4>\r\n<div class=\"box_gray\">\r\n<ul>\r\n\t<li><a href=\"http:\/\/www.uab.cat\/guiesdocents\/2017-18\/g42492a2017-18iCAT.pdf\" target=\"_blank\" rel=\"noopener\">M1 Compet\u00e8ncies i recursos per a la recerca i la professionalitzaci\u00f3<\/a><\/li>\r\n\t<li><a href=\"http:\/\/www.uab.cat\/guiesdocents\/2017-18\/g42501a2017-18iCAT.pdf\" target=\"_blank\" rel=\"noopener\">M2 Treball fi de m\u00e0ster<\/a><\/li>\r\n<\/ul>\r\n<\/div>\r\n<p>\u00a0<\/p>\r\n<div class=\"layout_1_2\">\r\n<h4><span class=\"dropcap2\">A<\/span>Especialitat A: Ling\u00fc\u00edstica catalana<\/h4>\r\n<div class=\"box_gray\">\r\n<h6>M\u00f2dul obligatori d\u2019especialitat:<\/h6>\r\n<ul>\r\n\t<li><a href=\"http:\/\/www.uab.cat\/guiesdocents\/2017-18\/g42498a2017-18iCAT.pdf\" target=\"_blank\" rel=\"noopener\">M3 Llengua catalana: an\u00e0lisi, codificaci\u00f3, comunicaci\u00f3 i aprenentatge<\/a><\/li>\r\n<\/ul>\r\n<h6>M\u00f2duls optatius (10 ECTS, 1r semestre)<\/h6>\r\n<ul>\r\n\t<li><a href=\"http:\/\/www.uab.cat\/guiesdocents\/2017-18\/g42493a2017-18iCAT.pdf\" target=\"_blank\" rel=\"noopener\">M3.1 Estructura, tipologia i variaci\u00f3 interna de la llengua catalana<\/a><\/li>\r\n\t<li><a href=\"http:\/\/www.uab.cat\/guiesdocents\/2017-18\/g42495a2017-18iCAT.pdf\" target=\"_blank\" rel=\"noopener\">M3.2 La llengua catalana en el seu context. \u00das i realitat social<\/a><\/li>\r\n<\/ul>\r\n<h6>M\u00f2duls optatius (10 ECTS, 2n semestre)<\/h6>\r\n<ul>\r\n\t<li><a href=\"http:\/\/www.uab.cat\/guiesdocents\/2017-18\/g42491a2017-18iCAT.pdf\" target=\"_blank\" rel=\"noopener\">M3.3 Aplicacions de la ling\u00fc\u00edstica catalana<\/a><\/li>\r\n\t<li><a href=\"http:\/\/www.uab.cat\/guiesdocents\/2017-18\/g42500a2017-18iCAT.pdf\" target=\"_blank\" rel=\"noopener\">M5 Pr\u00e0ctiques externes<\/a><\/li>\r\n<\/ul>\r\n<\/div>\r\n<\/div>\r\n<div class=\"layout_1_2\">\r\n<h4><span class=\"dropcap2\">B<\/span>Especialitat B: Literatura catalana<\/h4>\r\n<div class=\"box_gray\">\r\n<h6>M\u00f2dul obligatori d'especialitat:<\/h6>\r\n<ul>\r\n\t<li><a href=\"http:\/\/www.uab.cat\/guiesdocents\/2017-18\/g42499a2017-18iCAT.pdf\" target=\"_blank\" rel=\"noopener\">M.4 Orientacions i recerques en els estudis literaris catalans<\/a><\/li>\r\n<\/ul>\r\n<h6>M\u00f2duls optatius (10 ECTS, 1r semestre)<\/h6>\r\n<ul>\r\n\t<li><a href=\"http:\/\/www.uab.cat\/guiesdocents\/2017-18\/g42496a2017-18iCAT.pdf\" target=\"_blank\" rel=\"noopener\">M.4.1 Literatura catalana i cultura contempor\u00e0nia (ss. XIX i XX)<\/a><\/li>\r\n\t<li><a href=\"http:\/\/www.uab.cat\/guiesdocents\/2017-18\/g42497a2017-18iCAT.pdf\" target=\"_blank\" rel=\"noopener\">M.4.2 Literatura catalana i tradici\u00f3 europea (ss. XIII-XVIII)<\/a><\/li>\r\n<\/ul>\r\n<h6>M\u00f2duls optatius (10 ECTS, 2n semestre)<\/h6>\r\n<ul>\r\n\t<li><a href=\"http:\/\/www.uab.cat\/guiesdocents\/2017-18\/g42494a2017-18iCAT.pdf\" target=\"_blank\" rel=\"noopener\">M.4.3 Formes i evoluci\u00f3 dels g\u00e8neres literaris, del s. XIII al XXI<\/a><\/li>\r\n\t<li><a href=\"http:\/\/www.uab.cat\/guiesdocents\/2017-18\/g42500a2017-18iCAT.pdf\" target=\"_blank\" rel=\"noopener\">M.5 Pr\u00e0ctiques externes<\/a><\/li>\r\n<\/ul>\r\n<\/div>\r\n<\/div>","_et_gb_content_width":"","footnotes":""},"class_list":["post-535","page","type-page","status-publish","hentry"],"_links":{"self":[{"href":"https:\/\/masters.filescat.uab.cat\/moiellc\/wp-json\/wp\/v2\/pages\/535","targetHints":{"allow":["GET"]}}],"collection":[{"href":"https:\/\/masters.filescat.uab.cat\/moiellc\/wp-json\/wp\/v2\/pages"}],"about":[{"href":"https:\/\/masters.filescat.uab.cat\/moiellc\/wp-json\/wp\/v2\/types\/page"}],"author":[{"embeddable":true,"href":"https:\/\/masters.filescat.uab.cat\/moiellc\/wp-json\/wp\/v2\/users\/1"}],"replies":[{"embeddable":true,"href":"https:\/\/masters.filescat.uab.cat\/moiellc\/wp-json\/wp\/v2\/comments?post=535"}],"version-history":[{"count":14,"href":"https:\/\/masters.filescat.uab.cat\/moiellc\/wp-json\/wp\/v2\/pages\/535\/revisions"}],"predecessor-version":[{"id":3253,"href":"https:\/\/masters.filescat.uab.cat\/moiellc\/wp-json\/wp\/v2\/pages\/535\/revisions\/3253"}],"up":[{"embeddable":true,"href":"https:\/\/masters.filescat.uab.cat\/moiellc\/wp-json\/wp\/v2\/pages\/153"}],"wp:attachment":[{"href":"https:\/\/masters.filescat.uab.cat\/moiellc\/wp-json\/wp\/v2\/media?parent=535"}],"curies":[{"name":"wp","href":"https:\/\/api.w.org\/{rel}","templated":true}]}}