{"id":3146,"date":"2025-02-27T12:21:00","date_gmt":"2025-02-27T11:21:00","guid":{"rendered":"https:\/\/masters.filescat.uab.cat\/moiellc\/?page_id=3146"},"modified":"2025-02-27T12:21:00","modified_gmt":"2025-02-27T11:21:00","slug":"sortides-professionals","status":"publish","type":"page","link":"https:\/\/masters.filescat.uab.cat\/moiellc\/el-master\/sortides-professionals\/","title":{"rendered":"Sortides professionals"},"content":{"rendered":"<h3>Aquestes s\u00f3n algunes de les possibles orientacions professionals en finalitzar el M\u00e0ster en Estudis Avan\u00e7ats de Llengua i Literatura Catalanes (MEALLC):<\/h3>\n<ul>\n<li>Gesti\u00f3 i difusi\u00f3 del patrimoni literari<\/li>\n<li>feines editorials i d\u2019edici\u00f3 (assessorament de col\u00b7leccions, correcci\u00f3, tractament d\u2019originals)<\/li>\n<li>participaci\u00f3 en revistes<\/li>\n<li>planificaci\u00f3 d\u2019activitats de dinamitzaci\u00f3 ling\u00fc\u00edstica i cultural<\/li>\n<li>assessorament ling\u00fc\u00edstic<\/li>\n<li>accions de normalitzaci\u00f3 ling\u00fc\u00edstica (ensenyament i difusi\u00f3 de la\u00a0<strong>llengua<\/strong>)<\/li>\n<li>accions d\u2019assessorament en els mitjans de comunicaci\u00f3<\/li>\n<\/ul>\n","protected":false},"excerpt":{"rendered":"<p>Aquestes s\u00f3n algunes de les possibles orientacions professionals en finalitzar el M\u00e0ster en Estudis Avan\u00e7ats de Llengua i Literatura Catalanes (MEALLC): Gesti\u00f3 i difusi\u00f3 del patrimoni literari feines editorials i d\u2019edici\u00f3 (assessorament de col\u00b7leccions, correcci\u00f3, tractament d\u2019originals) participaci\u00f3 en revistes planificaci\u00f3 d\u2019activitats de dinamitzaci\u00f3 ling\u00fc\u00edstica i cultural assessorament ling\u00fc\u00edstic accions de normalitzaci\u00f3 ling\u00fc\u00edstica (ensenyament i [&hellip;]<\/p>\n","protected":false},"author":1,"featured_media":0,"parent":1329,"menu_order":0,"comment_status":"closed","ping_status":"closed","template":"","meta":{"_et_pb_use_builder":"","_et_pb_old_content":"","_et_gb_content_width":"","footnotes":""},"class_list":["post-3146","page","type-page","status-publish","hentry"],"_links":{"self":[{"href":"https:\/\/masters.filescat.uab.cat\/moiellc\/wp-json\/wp\/v2\/pages\/3146","targetHints":{"allow":["GET"]}}],"collection":[{"href":"https:\/\/masters.filescat.uab.cat\/moiellc\/wp-json\/wp\/v2\/pages"}],"about":[{"href":"https:\/\/masters.filescat.uab.cat\/moiellc\/wp-json\/wp\/v2\/types\/page"}],"author":[{"embeddable":true,"href":"https:\/\/masters.filescat.uab.cat\/moiellc\/wp-json\/wp\/v2\/users\/1"}],"replies":[{"embeddable":true,"href":"https:\/\/masters.filescat.uab.cat\/moiellc\/wp-json\/wp\/v2\/comments?post=3146"}],"version-history":[{"count":6,"href":"https:\/\/masters.filescat.uab.cat\/moiellc\/wp-json\/wp\/v2\/pages\/3146\/revisions"}],"predecessor-version":[{"id":3153,"href":"https:\/\/masters.filescat.uab.cat\/moiellc\/wp-json\/wp\/v2\/pages\/3146\/revisions\/3153"}],"up":[{"embeddable":true,"href":"https:\/\/masters.filescat.uab.cat\/moiellc\/wp-json\/wp\/v2\/pages\/1329"}],"wp:attachment":[{"href":"https:\/\/masters.filescat.uab.cat\/moiellc\/wp-json\/wp\/v2\/media?parent=3146"}],"curies":[{"name":"wp","href":"https:\/\/api.w.org\/{rel}","templated":true}]}}