{"id":139,"date":"2011-11-04T12:51:28","date_gmt":"2011-11-04T12:51:28","guid":{"rendered":"https:\/\/masters.filescat.uab.cat\/webs\/portal\/master\/?page_id=139"},"modified":"2011-11-04T12:51:28","modified_gmt":"2011-11-04T12:51:28","slug":"preinscripcio","status":"publish","type":"page","link":"https:\/\/masters.filescat.uab.cat\/moiellc\/preinscripcio\/","title":{"rendered":"Preinscripci\u00f3"},"content":{"rendered":"<h2>Preinscripci\u00f3<\/h2>\n<h4>Com fer la preinscripci\u00f3 per a aquest <strong>M\u00e0ster<\/strong> Oficial<\/h4>\n<h3>Fes clic en\u00a0<a href=\"http:\/\/www.uab.cat\/web\/informacio-academica-dels-masters-oficials\/l-oferta-de-masters-oficials\/informacio-general\/estudis-avancats-de-llengua-i-literatura-catalanes-1096480139517.html?param1=1327045389964\" target=\"_blank\" rel=\"noopener noreferrer\">aquest enlla\u00e7<\/a> i segueix les instruccions<\/h3>\n<p>&nbsp;<\/p>\n","protected":false},"excerpt":{"rendered":"<p>Preinscripci\u00f3 Com fer la preinscripci\u00f3 per a aquest M\u00e0ster Oficial Fes clic en\u00a0aquest enlla\u00e7 i segueix les instruccions &nbsp;<\/p>\n","protected":false},"author":1,"featured_media":0,"parent":0,"menu_order":0,"comment_status":"closed","ping_status":"closed","template":"","meta":{"_et_pb_use_builder":"","_et_pb_old_content":"","_et_gb_content_width":"","footnotes":""},"class_list":["post-139","page","type-page","status-publish","hentry"],"_links":{"self":[{"href":"https:\/\/masters.filescat.uab.cat\/moiellc\/wp-json\/wp\/v2\/pages\/139","targetHints":{"allow":["GET"]}}],"collection":[{"href":"https:\/\/masters.filescat.uab.cat\/moiellc\/wp-json\/wp\/v2\/pages"}],"about":[{"href":"https:\/\/masters.filescat.uab.cat\/moiellc\/wp-json\/wp\/v2\/types\/page"}],"author":[{"embeddable":true,"href":"https:\/\/masters.filescat.uab.cat\/moiellc\/wp-json\/wp\/v2\/users\/1"}],"replies":[{"embeddable":true,"href":"https:\/\/masters.filescat.uab.cat\/moiellc\/wp-json\/wp\/v2\/comments?post=139"}],"version-history":[{"count":0,"href":"https:\/\/masters.filescat.uab.cat\/moiellc\/wp-json\/wp\/v2\/pages\/139\/revisions"}],"wp:attachment":[{"href":"https:\/\/masters.filescat.uab.cat\/moiellc\/wp-json\/wp\/v2\/media?parent=139"}],"curies":[{"name":"wp","href":"https:\/\/api.w.org\/{rel}","templated":true}]}}