{"id":133,"date":"2011-11-04T12:44:01","date_gmt":"2011-11-04T12:44:01","guid":{"rendered":"https:\/\/masters.filescat.uab.cat\/webs\/portal\/master\/?page_id=133"},"modified":"2011-11-04T12:44:01","modified_gmt":"2011-11-04T12:44:01","slug":"perfil-dingres","status":"publish","type":"page","link":"https:\/\/masters.filescat.uab.cat\/moiellc\/el-master\/perfil-dingres\/","title":{"rendered":"Perfil d&#039;ingr\u00e9s"},"content":{"rendered":"<h4>Perfil d&#8217;ingr\u00e9s<\/h4>\n<p>Tenir un t\u00edtol de llicenciatura o de grau, preferentment en l\u2019\u00e0mbit de la llengua i la literatura catalanes, per\u00f2 tamb\u00e9 es considerar\u00e0 l\u2019admissi\u00f3 de titulats en altres lleng\u00fces rom\u00e0niques o en altres titulacions de l\u2019\u00e0mbit de les Arts i les Humanitats. Si la comissi\u00f3 d\u2019admissi\u00f3 ho accepta, tamb\u00e9 podran admetre\u2019s estudiants d\u2019altres estudis que posseeixin una formaci\u00f3 complement\u00e0ria en l\u2019\u00e0mbit del catal\u00e0.<br \/>\nEn el cas dels estudiants estrangers que no hagin realitzat cap estada Erasmus en universitats de parla catalana o b\u00e9 cursat assignatures en catal\u00e0, se\u2019ls demanar\u00e0 un certificat de catal\u00e0 que acrediti el nivell de sufici\u00e8ncia C1 o C2 de l\u2019<a href=\"http:\/\/www.llull.cat\/_cat\/_convocatories\/certificacio_suficiencia.shtml\" target=\"_blank\" rel=\"noopener\">Institut Ramon Llull<\/a>.<strong><br \/>\n<\/strong><\/p>\n<h4><strong>Requisits per a l&#8217;admissi\u00f3<\/strong><\/h4>\n<p>Per accedir al <strong>m\u00e0ster<\/strong> \u00e9s necessari estar en possessi\u00f3 d\u2019un t\u00edtol universitari oficial espanyol o un altre expedit per una instituci\u00f3 d\u2019educaci\u00f3 superior (pertanyent a un altre Estat integrant de l\u2019Espai Europeu d\u2019Educaci\u00f3 Superior) o de tercers pa\u00efsos que faculti per a l\u2019acc\u00e9s a ensenyaments de <strong>m\u00e0ster<\/strong>.<\/p>\n<h4><strong>Criteris de selecci\u00f3<\/strong><\/h4>\n<p>En cas que el nombre d\u2019inscrits superi el de places ofertes, l\u2019adjudicaci\u00f3 es far\u00e0 d\u2019acord als seg\u00fcents criteris:<\/p>\n<ul>\n<li>Adequaci\u00f3 de la titulaci\u00f3 de grau \/ llicenciatura dins l\u2019\u00e0mbit de la Filologia <strong>Catalana<\/strong>: 30%<\/li>\n<li>Expedient acad\u00e8mic: 30%<\/li>\n<li>Declaraci\u00f3 personal de prop\u00f2sit: 20%<\/li>\n<li>Curriculum vitae: 10%<\/li>\n<li>Cartes de recomanaci\u00f3: 10%<\/li>\n<\/ul>\n<p>En cas que la comissi\u00f3 d\u2019admissi\u00f3 ho consideri necessari podran realitzar-se entrevistes personalitzades com a complement del proc\u00e9s de selecci\u00f3.<\/p>\n","protected":false},"excerpt":{"rendered":"<p>Perfil d&#8217;ingr\u00e9s Tenir un t\u00edtol de llicenciatura o de grau, preferentment en l\u2019\u00e0mbit de la llengua i la literatura catalanes, per\u00f2 tamb\u00e9 es considerar\u00e0 l\u2019admissi\u00f3 de titulats en altres lleng\u00fces rom\u00e0niques o en altres titulacions de l\u2019\u00e0mbit de les Arts i les Humanitats. Si la comissi\u00f3 d\u2019admissi\u00f3 ho accepta, tamb\u00e9 podran admetre\u2019s estudiants d\u2019altres estudis [&hellip;]<\/p>\n","protected":false},"author":1,"featured_media":0,"parent":1329,"menu_order":0,"comment_status":"closed","ping_status":"closed","template":"","meta":{"_et_pb_use_builder":"","_et_pb_old_content":"","_et_gb_content_width":"","footnotes":""},"class_list":["post-133","page","type-page","status-publish","hentry"],"_links":{"self":[{"href":"https:\/\/masters.filescat.uab.cat\/moiellc\/wp-json\/wp\/v2\/pages\/133","targetHints":{"allow":["GET"]}}],"collection":[{"href":"https:\/\/masters.filescat.uab.cat\/moiellc\/wp-json\/wp\/v2\/pages"}],"about":[{"href":"https:\/\/masters.filescat.uab.cat\/moiellc\/wp-json\/wp\/v2\/types\/page"}],"author":[{"embeddable":true,"href":"https:\/\/masters.filescat.uab.cat\/moiellc\/wp-json\/wp\/v2\/users\/1"}],"replies":[{"embeddable":true,"href":"https:\/\/masters.filescat.uab.cat\/moiellc\/wp-json\/wp\/v2\/comments?post=133"}],"version-history":[{"count":0,"href":"https:\/\/masters.filescat.uab.cat\/moiellc\/wp-json\/wp\/v2\/pages\/133\/revisions"}],"up":[{"embeddable":true,"href":"https:\/\/masters.filescat.uab.cat\/moiellc\/wp-json\/wp\/v2\/pages\/1329"}],"wp:attachment":[{"href":"https:\/\/masters.filescat.uab.cat\/moiellc\/wp-json\/wp\/v2\/media?parent=133"}],"curies":[{"name":"wp","href":"https:\/\/api.w.org\/{rel}","templated":true}]}}